{"id":2760,"date":"2019-07-18T14:21:59","date_gmt":"2019-07-18T12:21:59","guid":{"rendered":"http:\/\/20.77.7.22\/widerrufsbelehrung\/"},"modified":"2025-09-30T10:25:09","modified_gmt":"2025-09-30T08:25:09","slug":"droit-de-retractation","status":"publish","type":"page","link":"https:\/\/lyrawellbeing.ch\/fr\/droit-de-retractation\/","title":{"rendered":"Information sur le droit de r\u00e9tractation"},"content":{"rendered":"<div id='av_section_1'  class='avia-section av-m1hm02ij-278c68f5cc824ac775e8ce555a8a57fe main_color avia-section-small avia-no-border-styling  avia-builder-el-0  el_before_av_section  avia-builder-el-first  ctm-break-point-ct ctm-full-padding avia-bg-style-scroll container_wrap fullsize'  ><div class='container av-section-cont-open' ><main  role=\"main\" itemprop=\"mainContentOfPage\"  class='template-page content  av-content-full alpha units'><div class='post-entry post-entry-type-page post-entry-2760'><div class='entry-content-wrapper clearfix'>\n<div class='flex_column_table av-m1hm0prg-9a073549f23a9c5b661137a843a3cb26 sc-av_two_fifth av-equal-height-column-flextable'><div  class='flex_column av-m1hm0prg-9a073549f23a9c5b661137a843a3cb26 av_two_fifth  avia-builder-el-1  el_before_av_three_fifth  avia-builder-el-first  ctm-break-point ctm-order-two first no_margin flex_column_table_cell av-equal-height-column av-align-middle  '     ><style type=\"text\/css\" data-created_by=\"avia_inline_auto\" id=\"style-css-av-m1hm2833-2f8ecccb78153c0bb21d0d589b3142a1\">\n#top .av-special-heading.av-m1hm2833-2f8ecccb78153c0bb21d0d589b3142a1{\npadding-bottom:10px;\n}\nbody .av-special-heading.av-m1hm2833-2f8ecccb78153c0bb21d0d589b3142a1 .av-special-heading-tag .heading-char{\nfont-size:25px;\n}\n.av-special-heading.av-m1hm2833-2f8ecccb78153c0bb21d0d589b3142a1 .av-subheading{\nfont-size:15px;\n}\n<\/style>\n<div  class='av-special-heading av-m1hm2833-2f8ecccb78153c0bb21d0d589b3142a1 av-special-heading-h1 blockquote modern-quote  avia-builder-el-2  avia-builder-el-no-sibling '><h1 class='av-special-heading-tag'  itemprop=\"headline\"  >Information sur le droit de r\u00e9tractation<\/h1><div class=\"special-heading-border\"><div class=\"special-heading-inner-border\"><\/div><\/div><\/div><\/div><div  class='flex_column av-av_three_fifth-3b0d446bf9e6f7db91541aa567be4cdf av_three_fifth  avia-builder-el-3  el_after_av_two_fifth  avia-builder-el-last  no_margin flex_column_table_cell av-equal-height-column av-align-middle  '     ><style type=\"text\/css\" data-created_by=\"avia_inline_auto\" id=\"style-css-av-m1hm3kkg-5bf1c07965e568120eef9948c7ef031d\">\n.avia-image-container.av-m1hm3kkg-5bf1c07965e568120eef9948c7ef031d img.avia_image{\nbox-shadow:none;\n}\n.avia-image-container.av-m1hm3kkg-5bf1c07965e568120eef9948c7ef031d .av-image-caption-overlay-center{\ncolor:#ffffff;\n}\n<\/style>\n<div  class='avia-image-container av-m1hm3kkg-5bf1c07965e568120eef9948c7ef031d av-styling- avia-align-center  avia-builder-el-4  avia-builder-el-no-sibling '   itemprop=\"image\" itemscope=\"itemscope\" itemtype=\"https:\/\/schema.org\/ImageObject\" ><div class=\"avia-image-container-inner\"><div class=\"avia-image-overlay-wrap\"><img decoding=\"async\" fetchpriority=\"high\" class='wp-image-8243 avia-img-lazy-loading-not-8243 avia_image ' src=\"\/wp-content\/uploads\/2024\/07\/EAP-Pure-Hero-1030x701.png\" alt='' title='EAP Pure Hero'  height=\"701\" width=\"1030\"  itemprop=\"thumbnailUrl\" srcset=\"\/wp-content\/uploads\/2024\/07\/EAP-Pure-Hero-1030x701.png 1030w, \/wp-content\/uploads\/2024\/07\/EAP-Pure-Hero-300x204.png 300w, \/wp-content\/uploads\/2024\/07\/EAP-Pure-Hero-768x523.png 768w, \/wp-content\/uploads\/2024\/07\/EAP-Pure-Hero-705x480.png 705w, \/wp-content\/uploads\/2024\/07\/EAP-Pure-Hero-450x306.png 450w, \/wp-content\/uploads\/2024\/07\/EAP-Pure-Hero-600x408.png 600w, \/wp-content\/uploads\/2024\/07\/EAP-Pure-Hero.png 1280w\" sizes=\"(max-width: 1030px) 100vw, 1030px\" \/><\/div><\/div><\/div><\/div><\/div><!--close column table wrapper. Autoclose: 1 -->\n\n<\/div><\/div><\/main><!-- close content main element --><\/div><\/div><div id='av_section_2'  class='avia-section av-162fy-dac58a78ed6635b0558a68f501373063 main_color avia-section-huge avia-no-border-styling  avia-builder-el-5  el_after_av_section  avia-builder-el-last  avia-bg-style-scroll container_wrap fullsize'  ><div class='container av-section-cont-open' ><div class='template-page content  av-content-full alpha units'><div class='post-entry post-entry-type-page post-entry-2760'><div class='entry-content-wrapper clearfix'>\n<div class='flex_column_table av-51gvu-4c25b754d21ac22229d958f326077642 sc-av_one_full av-equal-height-column-flextable'>\n<style type=\"text\/css\" data-created_by=\"avia_inline_auto\" id=\"style-css-av-51gvu-4c25b754d21ac22229d958f326077642\">\n.flex_column.av-51gvu-4c25b754d21ac22229d958f326077642{\nborder-radius:0px 0px 0px 0px;\npadding:0px 0px 0px 0px;\n}\n<\/style>\n<div  class='flex_column av-51gvu-4c25b754d21ac22229d958f326077642 av_one_full  avia-builder-el-6  avia-builder-el-no-sibling  custom-linear-box first flex_column_table_cell av-equal-height-column av-align-middle av-animated-generic bottom-to-top av-zero-column-padding avia-full-contain  '     ><section  class='av_textblock_section av-k0pcq5os-0d690e822e0cf898d699ea23118d9ae4 '   itemscope=\"itemscope\" itemtype=\"https:\/\/schema.org\/CreativeWork\" ><div class='avia_textblock'  itemprop=\"text\" ><h3 dir=\"ltr\">Droit de r\u00e9tractation<\/h3>\n<p dir=\"ltr\">Vous avez le droit de vous r\u00e9tracter du pr\u00e9sent contrat sans donner de motif dans un d\u00e9lai de quatorze jours. Le d\u00e9lai de r\u00e9tractation est de quatorze jours \u00e0 compter de la date de conclusion du contrat.<\/p>\n<p dir=\"ltr\">Pour exercer votre droit de r\u00e9tractation, vous devez nous<\/p>\n<p dir=\"ltr\"><strong>Lyra Schweiz GmbH<\/strong><\/p>\n<p dir=\"ltr\">Hertistrasse 25<\/p>\n<p dir=\"ltr\">8304 Wallisellen<\/p>\n<p dir=\"ltr\">+41 44 878 30 00<\/p>\n<p dir=\"ltr\">info.eu@lyrahealth.com<\/p>\n<p dir=\"ltr\">informer de votre d\u00e9cision de vous r\u00e9tracter du pr\u00e9sent contrat. Pour ce faire, vous pouvez utiliser le mod\u00e8le de formulaire de r\u00e9tractation ci-dessous, qui n&rsquo;est toutefois pas obligatoire.<\/p>\n<p dir=\"ltr\">Pour que le d\u00e9lai de r\u00e9tractation soit respect\u00e9, il suffit que vous envoyiez la communication relative \u00e0 l&rsquo;exercice du droit de r\u00e9tractation.<\/p>\n<h3>Cons\u00e9quences de la r\u00e9tractation<\/h3>\n<p dir=\"ltr\">En cas de r\u00e9tractation du pr\u00e9sent contrat, nous vous rembourserons tous les paiements re\u00e7us de votre part sans retard excessif et au plus tard quatorze jours \u00e0 compter de la date \u00e0 laquelle nous avons \u00e9t\u00e9 inform\u00e9s de votre d\u00e9cision de r\u00e9tractation du pr\u00e9sent contrat. Pour ce remboursement, nous utilisons le m\u00eame moyen de paiement que celui que vous avez utilis\u00e9 pour la transaction initiale, \u00e0 moins qu&rsquo;il n&rsquo;en ait \u00e9t\u00e9 express\u00e9ment convenu autrement avec vous ; en aucun cas, des frais ne vous seront factur\u00e9s pour ce remboursement.<\/p>\n<h3>Mod\u00e8le de formulaire de r\u00e9tractation<\/h3>\n<p dir=\"ltr\">(Si vous souhaitez vous r\u00e9tracter, veuillez remplir ce formulaire et nous le renvoyer.)<\/p>\n<p dir=\"ltr\">Veuillez le remplir et le renvoyer \u00e0 :<\/p>\n<p dir=\"ltr\">Lyra Schweiz GmbH<\/p>\n<p dir=\"ltr\">Hertistrasse 25<\/p>\n<p dir=\"ltr\">8304 Wallisellen<\/p>\n<p dir=\"ltr\">+41 44 878 30 00<\/p>\n<p dir=\"ltr\">info.eu@lyrahealth.com<\/p>\n<p dir=\"ltr\">Par la pr\u00e9sente, je r\u00e9voque \/ nous r\u00e9voquons (*) le contrat que j&rsquo;ai \/ que nous avons (*) conclu pour l&rsquo;achat des marchandises suivantes (*) \/ la fourniture du service suivant (*)<\/p>\n<p dir=\"ltr\">Command\u00e9 le (*) \/ re\u00e7u le (*)<\/p>\n<p dir=\"ltr\">Nom du \/ des consommateur(s)<\/p>\n<p dir=\"ltr\">Adresse du\/des consommateur(s)<\/p>\n<p dir=\"ltr\">Signature du\/des consommateur(s) [uniquement en cas de communication sur papier].<\/p>\n<p dir=\"ltr\">Date<\/p>\n<p dir=\"ltr\">(*) Biffer la mention inutile.<\/p>\n<\/div><\/section><\/div><\/div><!--close column table wrapper. Autoclose: 1 -->\n","protected":false},"excerpt":{"rendered":"","protected":false},"author":3,"featured_media":0,"parent":0,"menu_order":0,"comment_status":"closed","ping_status":"closed","template":"","meta":{"footnotes":""},"class_list":["post-2760","page","type-page","status-publish","hentry"],"acf":[],"yoast_head":"<!-- This site is optimized with the Yoast SEO plugin v27.3 - https:\/\/yoast.com\/product\/yoast-seo-wordpress\/ -->\n<title>Information sur le droit de r\u00e9tractation | Lyra Schweiz GmbH<\/title>\n<meta name=\"robots\" content=\"index, follow, max-snippet:-1, max-image-preview:large, max-video-preview:-1\" \/>\n<link rel=\"canonical\" href=\"https:\/\/lyrawellbeing.ch\/fr\/droit-de-retractation\/\" \/>\n<meta property=\"og:locale\" content=\"fr_FR\" \/>\n<meta property=\"og:type\" content=\"article\" \/>\n<meta property=\"og:title\" content=\"Information sur le droit de r\u00e9tractation | Lyra Schweiz GmbH\" \/>\n<meta property=\"og:url\" content=\"https:\/\/lyrawellbeing.ch\/fr\/droit-de-retractation\/\" \/>\n<meta property=\"og:site_name\" content=\"Lyra Schweiz GmbH\" \/>\n<meta property=\"article:modified_time\" content=\"2025-09-30T08:25:09+00:00\" \/>\n<meta name=\"twitter:card\" content=\"summary_large_image\" \/>\n<meta name=\"twitter:label1\" content=\"Dur\u00e9e de lecture estim\u00e9e\" \/>\n\t<meta name=\"twitter:data1\" content=\"2 minutes\" \/>\n<script type=\"application\/ld+json\" class=\"yoast-schema-graph\">{\"@context\":\"https:\\\/\\\/schema.org\",\"@graph\":[{\"@type\":\"WebPage\",\"@id\":\"https:\\\/\\\/lyrawellbeing.ch\\\/fr\\\/droit-de-retractation\\\/\",\"url\":\"https:\\\/\\\/lyrawellbeing.ch\\\/fr\\\/droit-de-retractation\\\/\",\"name\":\"Information sur le droit de r\u00e9tractation | Lyra Schweiz GmbH\",\"isPartOf\":{\"@id\":\"https:\\\/\\\/www.lyrawellbeing.ch\\\/fr\\\/#website\"},\"datePublished\":\"2019-07-18T12:21:59+00:00\",\"dateModified\":\"2025-09-30T08:25:09+00:00\",\"breadcrumb\":{\"@id\":\"https:\\\/\\\/lyrawellbeing.ch\\\/fr\\\/droit-de-retractation\\\/#breadcrumb\"},\"inLanguage\":\"fr-FR\",\"potentialAction\":[{\"@type\":\"ReadAction\",\"target\":[\"https:\\\/\\\/lyrawellbeing.ch\\\/fr\\\/droit-de-retractation\\\/\"]}]},{\"@type\":\"BreadcrumbList\",\"@id\":\"https:\\\/\\\/lyrawellbeing.ch\\\/fr\\\/droit-de-retractation\\\/#breadcrumb\",\"itemListElement\":[{\"@type\":\"ListItem\",\"position\":1,\"name\":\"Home\",\"item\":\"https:\\\/\\\/www.lyrawellbeing.ch\\\/fr\\\/\"},{\"@type\":\"ListItem\",\"position\":2,\"name\":\"Information sur le droit de r\u00e9tractation\"}]},{\"@type\":\"WebSite\",\"@id\":\"https:\\\/\\\/www.lyrawellbeing.ch\\\/fr\\\/#website\",\"url\":\"https:\\\/\\\/www.lyrawellbeing.ch\\\/fr\\\/\",\"name\":\"Lyra Schweiz GmbH\",\"description\":\"\",\"potentialAction\":[{\"@type\":\"SearchAction\",\"target\":{\"@type\":\"EntryPoint\",\"urlTemplate\":\"https:\\\/\\\/www.lyrawellbeing.ch\\\/fr\\\/?s={search_term_string}\"},\"query-input\":{\"@type\":\"PropertyValueSpecification\",\"valueRequired\":true,\"valueName\":\"search_term_string\"}}],\"inLanguage\":\"fr-FR\"}]}<\/script>\n<!-- \/ Yoast SEO plugin. -->","yoast_head_json":{"title":"Information sur le droit de r\u00e9tractation | Lyra Schweiz GmbH","robots":{"index":"index","follow":"follow","max-snippet":"max-snippet:-1","max-image-preview":"max-image-preview:large","max-video-preview":"max-video-preview:-1"},"canonical":"https:\/\/lyrawellbeing.ch\/fr\/droit-de-retractation\/","og_locale":"fr_FR","og_type":"article","og_title":"Information sur le droit de r\u00e9tractation | Lyra Schweiz GmbH","og_url":"https:\/\/lyrawellbeing.ch\/fr\/droit-de-retractation\/","og_site_name":"Lyra Schweiz GmbH","article_modified_time":"2025-09-30T08:25:09+00:00","twitter_card":"summary_large_image","twitter_misc":{"Dur\u00e9e de lecture estim\u00e9e":"2 minutes"},"schema":{"@context":"https:\/\/schema.org","@graph":[{"@type":"WebPage","@id":"https:\/\/lyrawellbeing.ch\/fr\/droit-de-retractation\/","url":"https:\/\/lyrawellbeing.ch\/fr\/droit-de-retractation\/","name":"Information sur le droit de r\u00e9tractation | Lyra Schweiz GmbH","isPartOf":{"@id":"https:\/\/www.lyrawellbeing.ch\/fr\/#website"},"datePublished":"2019-07-18T12:21:59+00:00","dateModified":"2025-09-30T08:25:09+00:00","breadcrumb":{"@id":"https:\/\/lyrawellbeing.ch\/fr\/droit-de-retractation\/#breadcrumb"},"inLanguage":"fr-FR","potentialAction":[{"@type":"ReadAction","target":["https:\/\/lyrawellbeing.ch\/fr\/droit-de-retractation\/"]}]},{"@type":"BreadcrumbList","@id":"https:\/\/lyrawellbeing.ch\/fr\/droit-de-retractation\/#breadcrumb","itemListElement":[{"@type":"ListItem","position":1,"name":"Home","item":"https:\/\/www.lyrawellbeing.ch\/fr\/"},{"@type":"ListItem","position":2,"name":"Information sur le droit de r\u00e9tractation"}]},{"@type":"WebSite","@id":"https:\/\/www.lyrawellbeing.ch\/fr\/#website","url":"https:\/\/www.lyrawellbeing.ch\/fr\/","name":"Lyra Schweiz GmbH","description":"","potentialAction":[{"@type":"SearchAction","target":{"@type":"EntryPoint","urlTemplate":"https:\/\/www.lyrawellbeing.ch\/fr\/?s={search_term_string}"},"query-input":{"@type":"PropertyValueSpecification","valueRequired":true,"valueName":"search_term_string"}}],"inLanguage":"fr-FR"}]}},"_links":{"self":[{"href":"https:\/\/lyrawellbeing.ch\/fr\/wp-json\/wp\/v2\/pages\/2760","targetHints":{"allow":["GET"]}}],"collection":[{"href":"https:\/\/lyrawellbeing.ch\/fr\/wp-json\/wp\/v2\/pages"}],"about":[{"href":"https:\/\/lyrawellbeing.ch\/fr\/wp-json\/wp\/v2\/types\/page"}],"author":[{"embeddable":true,"href":"https:\/\/lyrawellbeing.ch\/fr\/wp-json\/wp\/v2\/users\/3"}],"replies":[{"embeddable":true,"href":"https:\/\/lyrawellbeing.ch\/fr\/wp-json\/wp\/v2\/comments?post=2760"}],"version-history":[{"count":5,"href":"https:\/\/lyrawellbeing.ch\/fr\/wp-json\/wp\/v2\/pages\/2760\/revisions"}],"predecessor-version":[{"id":11465,"href":"https:\/\/lyrawellbeing.ch\/fr\/wp-json\/wp\/v2\/pages\/2760\/revisions\/11465"}],"wp:attachment":[{"href":"https:\/\/lyrawellbeing.ch\/fr\/wp-json\/wp\/v2\/media?parent=2760"}],"curies":[{"name":"wp","href":"https:\/\/api.w.org\/{rel}","templated":true}]}}