{"id":2796,"date":"2019-05-21T02:59:57","date_gmt":"2019-05-21T00:59:57","guid":{"rendered":"http:\/\/20.77.7.22\/mitarbeiterberatung-psychische-belastung-kontakt\/"},"modified":"2025-12-17T11:09:33","modified_gmt":"2025-12-17T10:09:33","slug":"contact","status":"publish","type":"page","link":"https:\/\/lyrawellbeing.ch\/fr\/contact\/","title":{"rendered":"Contact"},"content":{"rendered":"<div id='av_section_1'  class='avia-section av-1ywa4c-ae43a0d9804814c3d3a2fbfac0e4c89f main_color avia-section-small avia-no-border-styling  avia-builder-el-0  el_before_av_section  avia-builder-el-first  avia-bg-style-scroll container_wrap fullsize'  ><div class='container av-section-cont-open' ><main  role=\"main\" itemprop=\"mainContentOfPage\"  class='template-page content  av-content-full alpha units'><div class='post-entry post-entry-type-page post-entry-2796'><div class='entry-content-wrapper clearfix'>\n<div class='flex_column_table av-1s9q5o-9cf50fd2818e76201c8b75cd7db54128 sc-av_two_fifth av-equal-height-column-flextable'><div  class='flex_column av-1s9q5o-9cf50fd2818e76201c8b75cd7db54128 av_two_fifth  avia-builder-el-1  el_before_av_three_fifth  avia-builder-el-first  first no_margin flex_column_table_cell av-equal-height-column av-align-middle  '     ><p>\n<style type=\"text\/css\" data-created_by=\"avia_inline_auto\" id=\"style-css-av-1jwv50-a458fba5bcf2b32f1264142dbaf8bcd3\">\n#top .av-special-heading.av-1jwv50-a458fba5bcf2b32f1264142dbaf8bcd3{\npadding-bottom:10px;\n}\nbody .av-special-heading.av-1jwv50-a458fba5bcf2b32f1264142dbaf8bcd3 .av-special-heading-tag .heading-char{\nfont-size:25px;\n}\n#top #wrap_all .av-special-heading.av-1jwv50-a458fba5bcf2b32f1264142dbaf8bcd3 .av-special-heading-tag{\npadding:0 0 10px 0;\n}\n.av-special-heading.av-1jwv50-a458fba5bcf2b32f1264142dbaf8bcd3 .av-subheading{\nfont-size:15px;\n}\n\n@media only screen and (min-width: 768px) and (max-width: 989px){ \n#top #wrap_all .av-special-heading.av-1jwv50-a458fba5bcf2b32f1264142dbaf8bcd3 .av-special-heading-tag{\nfont-size:30px;\n}\n}\n\n@media only screen and (min-width: 480px) and (max-width: 767px){ \n#top #wrap_all .av-special-heading.av-1jwv50-a458fba5bcf2b32f1264142dbaf8bcd3 .av-special-heading-tag{\nfont-size:30px;\n}\n}\n\n@media only screen and (max-width: 479px){ \n#top #wrap_all .av-special-heading.av-1jwv50-a458fba5bcf2b32f1264142dbaf8bcd3 .av-special-heading-tag{\nfont-size:30px;\n}\n}\n<\/style>\n<div  class='av-special-heading av-1jwv50-a458fba5bcf2b32f1264142dbaf8bcd3 av-special-heading-h1 blockquote modern-quote  avia-builder-el-2  el_before_av_button  avia-builder-el-first  av-linked-heading'><h1 class='av-special-heading-tag'  itemprop=\"headline\"  >Contactez-nous<\/h1><div class=\"special-heading-border\"><div class=\"special-heading-inner-border\"><\/div><\/div><\/div><br \/>\n<div  class='avia-button-wrap av-mj9unsuu-71da88e9bd69906213e8039732571281-wrap avia-button-left  avia-builder-el-3  el_after_av_heading  avia-builder-el-last '><a href='https:\/\/lyrawellbeing.ch\/fr\/lyra-dans-le-monde-entier\/'  class='avia-button av-mj9unsuu-71da88e9bd69906213e8039732571281 av-link-btn avia-icon_select-no avia-size-large avia-position-left avia-color-theme-color'  ><span class='avia_iconbox_title' >Lyra dans le monde<\/span><\/a><\/div><\/p><\/div>\n<style type=\"text\/css\" data-created_by=\"avia_inline_auto\" id=\"style-css-av-180u6s-3cfe914d87cb9efdbb74ab60c1a44cc3\">\n.avia_transform .flex_column.av-180u6s-3cfe914d87cb9efdbb74ab60c1a44cc3{\nanimation-duration:2s;\n}\n<\/style>\n<div  class='flex_column av-180u6s-3cfe914d87cb9efdbb74ab60c1a44cc3 av_three_fifth  avia-builder-el-4  el_after_av_two_fifth  avia-builder-el-last  no_margin flex_column_table_cell av-equal-height-column av-align-middle av-animated-generic right-to-left  '     ><style type=\"text\/css\" data-created_by=\"avia_inline_auto\" id=\"style-css-av-10wrto-f1fb7bb2444579865479e1f7429eff29\">\n.avia-image-container.av-10wrto-f1fb7bb2444579865479e1f7429eff29 img.avia_image{\nbox-shadow:none;\n}\n.avia-image-container.av-10wrto-f1fb7bb2444579865479e1f7429eff29 .av-image-caption-overlay-center{\ncolor:#ffffff;\n}\n<\/style>\n<div  class='avia-image-container av-10wrto-f1fb7bb2444579865479e1f7429eff29 av-styling- avia-align-center  avia-builder-el-5  avia-builder-el-no-sibling '   itemprop=\"image\" itemscope=\"itemscope\" itemtype=\"https:\/\/schema.org\/ImageObject\" ><div class=\"avia-image-container-inner\"><div class=\"avia-image-overlay-wrap\"><img decoding=\"async\" fetchpriority=\"high\" class='wp-image-8144 avia-img-lazy-loading-not-8144 avia_image ' src=\"\/wp-content\/uploads\/2024\/07\/home-hero2.jpg\" alt='' title='home-hero2'  height=\"876\" width=\"1280\"  itemprop=\"thumbnailUrl\" srcset=\"\/wp-content\/uploads\/2024\/07\/home-hero2.jpg 1280w, \/wp-content\/uploads\/2024\/07\/home-hero2-300x205.jpg 300w, \/wp-content\/uploads\/2024\/07\/home-hero2-1030x705.jpg 1030w, \/wp-content\/uploads\/2024\/07\/home-hero2-768x526.jpg 768w, \/wp-content\/uploads\/2024\/07\/home-hero2-705x482.jpg 705w, \/wp-content\/uploads\/2024\/07\/home-hero2-450x308.jpg 450w, \/wp-content\/uploads\/2024\/07\/home-hero2-600x411.jpg 600w\" sizes=\"(max-width: 1280px) 100vw, 1280px\" \/><\/div><\/div><\/div><\/div><\/div><!--close column table wrapper. Autoclose: 1 --><\/div><\/div><\/main><!-- close content main element --><\/div><\/div>\n<style type=\"text\/css\" data-created_by=\"avia_inline_auto\" id=\"style-css-av-33818-b5f1ff28c9653f9e1eda47699985b61a\">\n.avia-section.av-33818-b5f1ff28c9653f9e1eda47699985b61a{\nbackground-color:#ffffff;\nbackground-image:unset;\n}\n<\/style>\n<div id='av_section_2'  class='avia-section av-33818-b5f1ff28c9653f9e1eda47699985b61a main_color avia-section-large avia-no-border-styling  avia-builder-el-6  el_after_av_section  avia-builder-el-last  avia-bg-style-scroll container_wrap fullsize'  ><div class='container av-section-cont-open' ><div class='template-page content  av-content-full alpha units'><div class='post-entry post-entry-type-page post-entry-2796'><div class='entry-content-wrapper clearfix'>\n<div class='flex_column_table av-q61r8-0b2fc1062744772991fe93345ad7a34e sc-av_one_half av-equal-height-column-flextable'>\n<style type=\"text\/css\" data-created_by=\"avia_inline_auto\" id=\"style-css-av-q61r8-0b2fc1062744772991fe93345ad7a34e\">\n.avia_transform .flex_column.av-q61r8-0b2fc1062744772991fe93345ad7a34e{\nanimation-duration:2s;\n}\n<\/style>\n<div  class='flex_column av-q61r8-0b2fc1062744772991fe93345ad7a34e av_one_half  avia-builder-el-7  el_before_av_one_half  avia-builder-el-first  first flex_column_table_cell av-equal-height-column av-align-middle av-animated-generic left-to-right  '     ><p>\n<style type=\"text\/css\" data-created_by=\"avia_inline_auto\" id=\"style-css-av-lygyhik8-8a6ddddc09bf16cf9600ec96861c2444\">\n#top .av-special-heading.av-lygyhik8-8a6ddddc09bf16cf9600ec96861c2444{\npadding-bottom:10px;\n}\nbody .av-special-heading.av-lygyhik8-8a6ddddc09bf16cf9600ec96861c2444 .av-special-heading-tag .heading-char{\nfont-size:25px;\n}\n#top #wrap_all .av-special-heading.av-lygyhik8-8a6ddddc09bf16cf9600ec96861c2444 .av-special-heading-tag{\npadding:0 0 10px 0;\n}\n.av-special-heading.av-lygyhik8-8a6ddddc09bf16cf9600ec96861c2444 .av-subheading{\nfont-size:15px;\n}\n\n@media only screen and (min-width: 768px) and (max-width: 989px){ \n#top #wrap_all .av-special-heading.av-lygyhik8-8a6ddddc09bf16cf9600ec96861c2444 .av-special-heading-tag{\nfont-size:30px;\n}\n}\n\n@media only screen and (min-width: 480px) and (max-width: 767px){ \n#top #wrap_all .av-special-heading.av-lygyhik8-8a6ddddc09bf16cf9600ec96861c2444 .av-special-heading-tag{\nfont-size:30px;\n}\n}\n\n@media only screen and (max-width: 479px){ \n#top #wrap_all .av-special-heading.av-lygyhik8-8a6ddddc09bf16cf9600ec96861c2444 .av-special-heading-tag{\nfont-size:30px;\n}\n}\n<\/style>\n<div  class='av-special-heading av-lygyhik8-8a6ddddc09bf16cf9600ec96861c2444 av-special-heading-h2 blockquote modern-quote  avia-builder-el-8  el_before_av_hr  avia-builder-el-first  av-linked-heading'><h2 class='av-special-heading-tag'  itemprop=\"headline\"  >Vous avez une question sur notre offre ? Prenez contact avec nous.*<\/h2><div class=\"special-heading-border\"><div class=\"special-heading-inner-border\"><\/div><\/div><\/div><br \/>\n\n<style type=\"text\/css\" data-created_by=\"avia_inline_auto\" id=\"style-css-av-j807o-51faa01a74290d5cbad9fea49b137398\">\n#top .hr.hr-invisible.av-j807o-51faa01a74290d5cbad9fea49b137398{\nheight:20px;\n}\n<\/style>\n<div  class='hr av-j807o-51faa01a74290d5cbad9fea49b137398 hr-invisible  avia-builder-el-9  el_after_av_heading  el_before_av_image '><span class='hr-inner '><span class=\"hr-inner-style\"><\/span><\/span><\/div><br \/>\n\n<style type=\"text\/css\" data-created_by=\"avia_inline_auto\" id=\"style-css-av-dp3pw-2dc23cba1449efec6863aa4e85106307\">\n.avia-image-container.av-dp3pw-2dc23cba1449efec6863aa4e85106307 img.avia_image{\nbox-shadow:none;\n}\n.avia-image-container.av-dp3pw-2dc23cba1449efec6863aa4e85106307 .av-image-caption-overlay-center{\ncolor:#ffffff;\n}\n<\/style>\n<div  class='avia-image-container av-dp3pw-2dc23cba1449efec6863aa4e85106307 av-styling- avia-align-center  avia-builder-el-10  el_after_av_hr  avia-builder-el-last '   itemprop=\"image\" itemscope=\"itemscope\" itemtype=\"https:\/\/schema.org\/ImageObject\" ><div class=\"avia-image-container-inner\"><div class=\"avia-image-overlay-wrap\"><img decoding=\"async\" fetchpriority=\"high\" class='wp-image-8158 avia-img-lazy-loading-not-8158 avia_image ' src=\"\/wp-content\/uploads\/2024\/07\/Lyra-Wellbeing-ContactUs-Hero-Image_1.png\" alt='' title='Lyra-Wellbeing-ContactUs-Hero-Image_1'  height=\"883\" width=\"1280\"  itemprop=\"thumbnailUrl\" srcset=\"\/wp-content\/uploads\/2024\/07\/Lyra-Wellbeing-ContactUs-Hero-Image_1.png 1280w, \/wp-content\/uploads\/2024\/07\/Lyra-Wellbeing-ContactUs-Hero-Image_1-300x207.png 300w, \/wp-content\/uploads\/2024\/07\/Lyra-Wellbeing-ContactUs-Hero-Image_1-1030x711.png 1030w, \/wp-content\/uploads\/2024\/07\/Lyra-Wellbeing-ContactUs-Hero-Image_1-768x530.png 768w, \/wp-content\/uploads\/2024\/07\/Lyra-Wellbeing-ContactUs-Hero-Image_1-705x486.png 705w, \/wp-content\/uploads\/2024\/07\/Lyra-Wellbeing-ContactUs-Hero-Image_1-450x310.png 450w, \/wp-content\/uploads\/2024\/07\/Lyra-Wellbeing-ContactUs-Hero-Image_1-600x414.png 600w\" sizes=\"(max-width: 1280px) 100vw, 1280px\" \/><\/div><\/div><\/div><\/p><\/div><div class='av-flex-placeholder'><\/div><div  class='flex_column av-7vc0s-069314835fbbe4bd5ef36800711aa457 av_one_half  avia-builder-el-11  el_after_av_one_half  avia-builder-el-last  flex_column_table_cell av-equal-height-column av-align-middle  '     ><form action=\"https:\/\/lyrawellbeing.ch\/fr\/contact\/\" method=\"post\" data-fields-with-error=\"Erreurs trouv\u00e9es dans les champs suivants :\" class=\"avia_ajax_form av-form-labels-hidden   avia-builder-el-12  avia-builder-el-no-sibling   \" data-avia-form-id=\"1\" data-avia-redirect='https:\/\/lyrawellbeing.ch\/fr\/404-page-not-found\/' ><fieldset><div id='avia_1_1' class='av-form-text'><p>\n*ATTENTION : ce formulaire de contact n&rsquo;est pas destin\u00e9 aux collaborateurs de clients existants qui cherchent des conseils. Ceux-ci sont pri\u00e9s de nous contacter au num\u00e9ro gratuit communiqu\u00e9 par leur employeur.<\/p>\n<\/div><p class='  first_form  form_element form_fullwidth' id='element_avia_2_1'><label for=\"avia_2_1\">Nom <abbr class=\"required\" title=\"requis(e)\">*<\/abbr><\/label> <input name=\"avia_2_1\" class=\"text_input is_empty\" type=\"text\" id=\"avia_2_1\" value=\"\"  placeholder='Nom*'\/><\/p><p class='  first_form  form_element form_fullwidth' id='element_avia_3_1'><label for=\"avia_3_1\">Courriel <abbr class=\"required\" title=\"requis(e)\">*<\/abbr><\/label> <input name=\"avia_3_1\" class=\"text_input is_email\" type=\"text\" id=\"avia_3_1\" value=\"\"  placeholder='Courriel*'\/><\/p><p class='  first_form  form_element form_fullwidth' id='element_avia_4_1'><label for=\"avia_4_1\">Num\u00e9ro de t\u00e9l\u00e9phone (pour vous rappeler) <abbr class=\"required\" title=\"requis(e)\">*<\/abbr><\/label> <input name=\"avia_4_1\" class=\"text_input is_empty\" type=\"text\" id=\"avia_4_1\" value=\"\"  placeholder='Num\u00e9ro de t\u00e9l\u00e9phone (pour vous rappeler)*'\/><\/p><p class='  first_form  form_element form_fullwidth' id='element_avia_5_1'><label for=\"avia_5_1\">Soci\u00e9t\u00e9 <abbr class=\"required\" title=\"requis(e)\">*<\/abbr><\/label> <input name=\"avia_5_1\" class=\"text_input is_empty\" type=\"text\" id=\"avia_5_1\" value=\"\"  placeholder='Soci\u00e9t\u00e9*'\/><\/p><p class='  first_form  form_element form_fullwidth' id='element_avia_6_1'><label for=\"avia_6_1\">Code postal\/ville <abbr class=\"required\" title=\"requis(e)\">*<\/abbr><\/label> <input name=\"avia_6_1\" class=\"text_input is_empty\" type=\"text\" id=\"avia_6_1\" value=\"\"  placeholder='Code postal\/ville*'\/><\/p><p class='  first_form  form_element form_fullwidth' id='element_avia_7_1'><label for=\"avia_7_1\">Nombre d\u2019employ\u00e9s<\/label> <input name=\"avia_7_1\" class=\"text_input \" type=\"text\" id=\"avia_7_1\" value=\"\"  placeholder='Nombre d\u2019employ\u00e9s'\/><\/p><p class='  first_form  form_element form_fullwidth' id='element_avia_8_1'><label for=\"avia_8_1\">Nombre de sites<\/label> <input name=\"avia_8_1\" class=\"text_input \" type=\"text\" id=\"avia_8_1\" value=\"\"  placeholder='Nombre de sites'\/><\/p><p class='  first_form  form_element form_fullwidth' id='element_avia_9_1'><label for=\"avia_9_1\">Pays<\/label> <input name=\"avia_9_1\" class=\"text_input \" type=\"text\" id=\"avia_9_1\" value=\"\"  placeholder='Pays'\/><\/p><p class='  first_form  form_element form_fullwidth' id='element_avia_10_1'><label for=\"avia_10_1\" class=\"textare_label hidden textare_label_avia_10_1\">Votre message <abbr class=\"required\" title=\"requis(e)\">*<\/abbr><\/label><textarea  placeholder='Votre message*' name=\"avia_10_1\" class=\"text_area is_empty\" cols=\"40\" rows=\"7\" id=\"avia_10_1\" ><\/textarea><\/p><div id='avia_11_1' class='av-form-text'><p>\n* Champ obligatoire<\/p>\n<\/div><p class=\"hidden\"><input type=\"text\" name=\"avia_12_1\" class=\"hidden \" id=\"avia_12_1\" value=\"\" \/><\/p><p class=' av_form_privacy_check av_contact_privacy_check first_form  form_element form_fullwidth' id='element_avia_13_1'><input  name=\"avia_13_1\" class=\"input_checkbox is_empty\" type=\"checkbox\" id=\"avia_13_1\" value=\"true\"\/><label class=\"input_checkbox_label\" for=\"avia_13_1\">Oui, j'ai pris note de la <a href='https:\/\/lyrawellbeing.ch\/it\/informativa-globale-sulla-protezione-dei-dati\/' target='_blank' rel=\"noopener\">confidentialit\u00e9<\/a> et j'accepte que les donn\u00e9es fournies par moi seront collect\u00e9s et stock\u00e9s \u00e9lectroniquement <abbr class=\"required\" title=\"requis(e)\">*<\/abbr><\/label><\/p><p class=\"form_element \"><input type=\"hidden\" value=\"1\" name=\"avia_generated_form1\" \/><input type=\"submit\" value=\"Envoyer\" class=\"button\"  data-sending-label=\"Envoi\"\/><\/p><\/fieldset><\/form><div id=\"ajaxresponse_1\" class=\"ajaxresponse ajaxresponse_1 hidden\"><\/div><\/div><\/div><!--close column table wrapper. Autoclose: 1 -->\n<\/p>\n","protected":false},"excerpt":{"rendered":"","protected":false},"author":3,"featured_media":0,"parent":0,"menu_order":0,"comment_status":"closed","ping_status":"closed","template":"","meta":{"footnotes":""},"class_list":["post-2796","page","type-page","status-publish","hentry"],"acf":[],"yoast_head":"<!-- This site is optimized with the Yoast SEO plugin v27.3 - https:\/\/yoast.com\/product\/yoast-seo-wordpress\/ -->\n<title>Contact | Lyra Schweiz GmbH<\/title>\n<meta name=\"robots\" content=\"index, follow, max-snippet:-1, max-image-preview:large, max-video-preview:-1\" \/>\n<link rel=\"canonical\" href=\"https:\/\/lyrawellbeing.ch\/fr\/contact\/\" \/>\n<meta property=\"og:locale\" content=\"fr_FR\" \/>\n<meta property=\"og:type\" content=\"article\" \/>\n<meta property=\"og:title\" content=\"Contact | Lyra Schweiz GmbH\" \/>\n<meta property=\"og:url\" content=\"https:\/\/lyrawellbeing.ch\/fr\/contact\/\" \/>\n<meta property=\"og:site_name\" content=\"Lyra Schweiz GmbH\" \/>\n<meta property=\"article:modified_time\" content=\"2025-12-17T10:09:33+00:00\" \/>\n<meta name=\"twitter:card\" content=\"summary_large_image\" \/>\n<meta name=\"twitter:label1\" content=\"Dur\u00e9e de lecture estim\u00e9e\" \/>\n\t<meta name=\"twitter:data1\" content=\"1 minute\" \/>\n<script type=\"application\/ld+json\" class=\"yoast-schema-graph\">{\"@context\":\"https:\\\/\\\/schema.org\",\"@graph\":[{\"@type\":\"WebPage\",\"@id\":\"https:\\\/\\\/lyrawellbeing.ch\\\/fr\\\/contact\\\/\",\"url\":\"https:\\\/\\\/lyrawellbeing.ch\\\/fr\\\/contact\\\/\",\"name\":\"Contact | Lyra Schweiz GmbH\",\"isPartOf\":{\"@id\":\"https:\\\/\\\/lyrawellbeing.ch\\\/fr\\\/#website\"},\"datePublished\":\"2019-05-21T00:59:57+00:00\",\"dateModified\":\"2025-12-17T10:09:33+00:00\",\"breadcrumb\":{\"@id\":\"https:\\\/\\\/lyrawellbeing.ch\\\/fr\\\/contact\\\/#breadcrumb\"},\"inLanguage\":\"fr-FR\",\"potentialAction\":[{\"@type\":\"ReadAction\",\"target\":[\"https:\\\/\\\/lyrawellbeing.ch\\\/fr\\\/contact\\\/\"]}]},{\"@type\":\"BreadcrumbList\",\"@id\":\"https:\\\/\\\/lyrawellbeing.ch\\\/fr\\\/contact\\\/#breadcrumb\",\"itemListElement\":[{\"@type\":\"ListItem\",\"position\":1,\"name\":\"Home\",\"item\":\"https:\\\/\\\/lyrawellbeing.ch\\\/fr\\\/\"},{\"@type\":\"ListItem\",\"position\":2,\"name\":\"Contact\"}]},{\"@type\":\"WebSite\",\"@id\":\"https:\\\/\\\/lyrawellbeing.ch\\\/fr\\\/#website\",\"url\":\"https:\\\/\\\/lyrawellbeing.ch\\\/fr\\\/\",\"name\":\"Lyra Schweiz GmbH\",\"description\":\"\",\"potentialAction\":[{\"@type\":\"SearchAction\",\"target\":{\"@type\":\"EntryPoint\",\"urlTemplate\":\"https:\\\/\\\/lyrawellbeing.ch\\\/fr\\\/?s={search_term_string}\"},\"query-input\":{\"@type\":\"PropertyValueSpecification\",\"valueRequired\":true,\"valueName\":\"search_term_string\"}}],\"inLanguage\":\"fr-FR\"}]}<\/script>\n<!-- \/ Yoast SEO plugin. -->","yoast_head_json":{"title":"Contact | Lyra Schweiz GmbH","robots":{"index":"index","follow":"follow","max-snippet":"max-snippet:-1","max-image-preview":"max-image-preview:large","max-video-preview":"max-video-preview:-1"},"canonical":"https:\/\/lyrawellbeing.ch\/fr\/contact\/","og_locale":"fr_FR","og_type":"article","og_title":"Contact | Lyra Schweiz GmbH","og_url":"https:\/\/lyrawellbeing.ch\/fr\/contact\/","og_site_name":"Lyra Schweiz GmbH","article_modified_time":"2025-12-17T10:09:33+00:00","twitter_card":"summary_large_image","twitter_misc":{"Dur\u00e9e de lecture estim\u00e9e":"1 minute"},"schema":{"@context":"https:\/\/schema.org","@graph":[{"@type":"WebPage","@id":"https:\/\/lyrawellbeing.ch\/fr\/contact\/","url":"https:\/\/lyrawellbeing.ch\/fr\/contact\/","name":"Contact | Lyra Schweiz GmbH","isPartOf":{"@id":"https:\/\/lyrawellbeing.ch\/fr\/#website"},"datePublished":"2019-05-21T00:59:57+00:00","dateModified":"2025-12-17T10:09:33+00:00","breadcrumb":{"@id":"https:\/\/lyrawellbeing.ch\/fr\/contact\/#breadcrumb"},"inLanguage":"fr-FR","potentialAction":[{"@type":"ReadAction","target":["https:\/\/lyrawellbeing.ch\/fr\/contact\/"]}]},{"@type":"BreadcrumbList","@id":"https:\/\/lyrawellbeing.ch\/fr\/contact\/#breadcrumb","itemListElement":[{"@type":"ListItem","position":1,"name":"Home","item":"https:\/\/lyrawellbeing.ch\/fr\/"},{"@type":"ListItem","position":2,"name":"Contact"}]},{"@type":"WebSite","@id":"https:\/\/lyrawellbeing.ch\/fr\/#website","url":"https:\/\/lyrawellbeing.ch\/fr\/","name":"Lyra Schweiz GmbH","description":"","potentialAction":[{"@type":"SearchAction","target":{"@type":"EntryPoint","urlTemplate":"https:\/\/lyrawellbeing.ch\/fr\/?s={search_term_string}"},"query-input":{"@type":"PropertyValueSpecification","valueRequired":true,"valueName":"search_term_string"}}],"inLanguage":"fr-FR"}]}},"_links":{"self":[{"href":"https:\/\/lyrawellbeing.ch\/fr\/wp-json\/wp\/v2\/pages\/2796","targetHints":{"allow":["GET"]}}],"collection":[{"href":"https:\/\/lyrawellbeing.ch\/fr\/wp-json\/wp\/v2\/pages"}],"about":[{"href":"https:\/\/lyrawellbeing.ch\/fr\/wp-json\/wp\/v2\/types\/page"}],"author":[{"embeddable":true,"href":"https:\/\/lyrawellbeing.ch\/fr\/wp-json\/wp\/v2\/users\/3"}],"replies":[{"embeddable":true,"href":"https:\/\/lyrawellbeing.ch\/fr\/wp-json\/wp\/v2\/comments?post=2796"}],"version-history":[{"count":7,"href":"https:\/\/lyrawellbeing.ch\/fr\/wp-json\/wp\/v2\/pages\/2796\/revisions"}],"predecessor-version":[{"id":12184,"href":"https:\/\/lyrawellbeing.ch\/fr\/wp-json\/wp\/v2\/pages\/2796\/revisions\/12184"}],"wp:attachment":[{"href":"https:\/\/lyrawellbeing.ch\/fr\/wp-json\/wp\/v2\/media?parent=2796"}],"curies":[{"name":"wp","href":"https:\/\/api.w.org\/{rel}","templated":true}]}}