{"id":2825,"date":"2018-07-17T12:28:36","date_gmt":"2018-07-17T12:28:36","guid":{"rendered":"http:\/\/20.77.7.22\/impressum\/"},"modified":"2025-04-02T11:25:17","modified_gmt":"2025-04-02T09:25:17","slug":"mentions-legales","status":"publish","type":"page","link":"https:\/\/lyrawellbeing.ch\/fr\/mentions-legales\/","title":{"rendered":"Mentions l\u00e9gales"},"content":{"rendered":"<div id='av_section_1'  class='avia-section av-dcvo-3e82a49fcfc5ee8138c88b63e1788399 main_color avia-section-small avia-no-border-styling  avia-builder-el-0  el_before_av_section  avia-builder-el-first  ctm-break-point-ct ctm-full-padding avia-bg-style-scroll container_wrap fullsize'  ><div class='container av-section-cont-open' ><main  role=\"main\" itemprop=\"mainContentOfPage\"  class='template-page content  av-content-full alpha units'><div class='post-entry post-entry-type-page post-entry-2825'><div class='entry-content-wrapper clearfix'>\n<div class='flex_column_table av-34ly8-58a83f7c253b7a1cd11104a8fd15af1c sc-av_two_fifth av-equal-height-column-flextable'><div  class='flex_column av-34ly8-58a83f7c253b7a1cd11104a8fd15af1c av_two_fifth  avia-builder-el-1  el_before_av_three_fifth  avia-builder-el-first  ctm-break-point ctm-order-two first no_margin flex_column_table_cell av-equal-height-column av-align-middle  '     ><style type=\"text\/css\" data-created_by=\"avia_inline_auto\" id=\"style-css-av-lyh00qt9-36a44c5a77de7d2fa13931c9fbb4b5e3\">\n#top .av-special-heading.av-lyh00qt9-36a44c5a77de7d2fa13931c9fbb4b5e3{\npadding-bottom:10px;\n}\nbody .av-special-heading.av-lyh00qt9-36a44c5a77de7d2fa13931c9fbb4b5e3 .av-special-heading-tag .heading-char{\nfont-size:25px;\n}\n#top #wrap_all .av-special-heading.av-lyh00qt9-36a44c5a77de7d2fa13931c9fbb4b5e3 .av-special-heading-tag{\npadding:0 0 10px 0;\n}\n.av-special-heading.av-lyh00qt9-36a44c5a77de7d2fa13931c9fbb4b5e3 .av-subheading{\nfont-size:15px;\n}\n\n@media only screen and (min-width: 768px) and (max-width: 989px){ \n#top #wrap_all .av-special-heading.av-lyh00qt9-36a44c5a77de7d2fa13931c9fbb4b5e3 .av-special-heading-tag{\nfont-size:30px;\n}\n}\n\n@media only screen and (min-width: 480px) and (max-width: 767px){ \n#top #wrap_all .av-special-heading.av-lyh00qt9-36a44c5a77de7d2fa13931c9fbb4b5e3 .av-special-heading-tag{\nfont-size:30px;\n}\n}\n\n@media only screen and (max-width: 479px){ \n#top #wrap_all .av-special-heading.av-lyh00qt9-36a44c5a77de7d2fa13931c9fbb4b5e3 .av-special-heading-tag{\nfont-size:30px;\n}\n}\n<\/style>\n<div  class='av-special-heading av-lyh00qt9-36a44c5a77de7d2fa13931c9fbb4b5e3 av-special-heading-h1 blockquote modern-quote  avia-builder-el-2  avia-builder-el-no-sibling  av-linked-heading'><h1 class='av-special-heading-tag'  itemprop=\"headline\"  >Mentions l\u00e9gales<\/h1><div class=\"special-heading-border\"><div class=\"special-heading-inner-border\"><\/div><\/div><\/div><\/div>\n<style type=\"text\/css\" data-created_by=\"avia_inline_auto\" id=\"style-css-av-26ylw-a157d4797b2af7876f2ad6aab9144d1b\">\n.avia_transform .flex_column.av-26ylw-a157d4797b2af7876f2ad6aab9144d1b{\nanimation-duration:2s;\n}\n<\/style>\n<div  class='flex_column av-26ylw-a157d4797b2af7876f2ad6aab9144d1b av_three_fifth  avia-builder-el-3  el_after_av_two_fifth  avia-builder-el-last  ctm-break-point no_margin flex_column_table_cell av-equal-height-column av-align-middle av-animated-generic right-to-left  '     ><style type=\"text\/css\" data-created_by=\"avia_inline_auto\" id=\"style-css-av-1d600-243acbfb60a9d50cb7d9f2055c425279\">\n.avia-image-container.av-1d600-243acbfb60a9d50cb7d9f2055c425279 img.avia_image{\nbox-shadow:none;\n}\n.avia-image-container.av-1d600-243acbfb60a9d50cb7d9f2055c425279 .av-image-caption-overlay-center{\ncolor:#ffffff;\n}\n<\/style>\n<div  class='avia-image-container av-1d600-243acbfb60a9d50cb7d9f2055c425279 av-styling- avia-align-center  avia-builder-el-4  avia-builder-el-no-sibling '   itemprop=\"image\" itemscope=\"itemscope\" itemtype=\"https:\/\/schema.org\/ImageObject\" ><div class=\"avia-image-container-inner\"><div class=\"avia-image-overlay-wrap\"><img decoding=\"async\" fetchpriority=\"high\" class='wp-image-8690 avia-img-lazy-loading-not-8690 avia_image ' src=\"\/wp-content\/uploads\/2024\/08\/impressum-1.png\" alt='' title='impressum'  height=\"855\" width=\"1280\"  itemprop=\"thumbnailUrl\" srcset=\"\/wp-content\/uploads\/2024\/08\/impressum-1.png 1280w, \/wp-content\/uploads\/2024\/08\/impressum-1-300x200.png 300w, \/wp-content\/uploads\/2024\/08\/impressum-1-1030x688.png 1030w, \/wp-content\/uploads\/2024\/08\/impressum-1-768x513.png 768w, \/wp-content\/uploads\/2024\/08\/impressum-1-705x471.png 705w, \/wp-content\/uploads\/2024\/08\/impressum-1-450x301.png 450w, \/wp-content\/uploads\/2024\/08\/impressum-1-600x401.png 600w\" sizes=\"(max-width: 1280px) 100vw, 1280px\" \/><\/div><\/div><\/div><\/div><\/div><!--close column table wrapper. Autoclose: 1 -->\n\n<\/div><\/div><\/main><!-- close content main element --><\/div><\/div>\n<style type=\"text\/css\" data-created_by=\"avia_inline_auto\" id=\"style-css-av-lyh00e5x-e7e723c1bd723e84b3962185b98cb8a6\">\n.avia-section.av-lyh00e5x-e7e723c1bd723e84b3962185b98cb8a6{\nbackground-color:#fbfaf9;\nbackground-image:unset;\n}\n<\/style>\n<div id='av_section_2'  class='avia-section av-lyh00e5x-e7e723c1bd723e84b3962185b98cb8a6 main_color avia-section-large avia-no-border-styling  avia-builder-el-5  el_after_av_section  avia-builder-el-last  avia-bg-style-scroll container_wrap fullsize'  ><div class='container av-section-cont-open' ><div class='template-page content  av-content-full alpha units'><div class='post-entry post-entry-type-page post-entry-2825'><div class='entry-content-wrapper clearfix'>\n<div class='flex_column_table av-qkko-29e9d93b28972be3c2697c7a83f17409 sc-av_one_full av-equal-height-column-flextable'><div  class='flex_column av-qkko-29e9d93b28972be3c2697c7a83f17409 av_one_full  avia-builder-el-6  avia-builder-el-no-sibling  first flex_column_table_cell av-equal-height-column av-align-middle  '     ><section  class='av_textblock_section av-jvw0k0f7-537a64ffbacd1d7b4933f8a15bb245d0 '   itemscope=\"itemscope\" itemtype=\"https:\/\/schema.org\/CreativeWork\" ><div class='avia_textblock'  itemprop=\"text\" ><p><b>Editeur :<\/b><\/p>\n<p>Lyra Schweiz GmbH<br \/>\nHertistrasse 25<br \/>\n8304 Wallisellen<br \/>\nSuisse<\/p>\n<p>T\u00e9l. +41 (0)44 878 30 00<br \/>\n<a href=\"mailto:info.eu@lyrahealth.com\"><span style=\"font-weight: 400;\">info.eu@lyrahealth.com<\/span><\/a><\/p>\n<p><b>Signataires autoris\u00e9s :<\/b><\/p>\n<p><span style=\"font-weight: 400;\">Eliane Bucher, Andrew Davies, Lindsay West, Mathieu Wilkens, Francine Biefer<\/span><\/p>\n<p><b>Registre du commerce :\u00a0<\/b><\/p>\n<p><span style=\"font-weight: 400;\">Nom de l\u2019entreprise enregistr\u00e9e : Lyra Schweiz GmbH<\/span><\/p>\n<p><span style=\"font-weight: 400;\">Num\u00e9ro : CH02030232351<\/span><\/p>\n<p><span style=\"font-weight: 400;\">Juridiction comp\u00e9tente : Z\u00fcrich<\/span><\/p>\n<p><b>N\u00b0 de TVA :\u00a0<\/b><\/p>\n<p><span style=\"font-weight: 400;\">CHE-103.053.080<\/span><\/p>\n<p><b>Limitations de responsabilit\u00e9 :<\/b><\/p>\n<p>L\u2019utilisation du site est \u00e0 vos propres risques. Ni\u00a0Lyra Schweiz GmbH, ni une de ses soci\u00e9t\u00e9s affili\u00e9es, dirigents sociaux, administrateurs ou un de ses agents ou toute autre partie engag\u00e9e dans la cr\u00e9ation, production ou la livraison au site ne seront responsables de tous dommages et int\u00e9r\u00eats directs, indirects, sp\u00e9ciaux, subs\u00e9quents ou autres qui r\u00e9sultent de l\u2019utilisation ou de l\u2019incapacit\u00e9 \u00e0 utiliser les documents sur le site, y compris les dommages et int\u00e9r\u00eats caus\u00e9s par des virus ou toute inexactitude ou insuffisance des informations pr\u00e9sent\u00e9es sur le site ou le rendement des produits, m\u00eame si\u00a0Lyra Schweiz GmbH\u00a0\u00e0 \u00e9t\u00e9 avertie de l\u2019\u00e9ventualit\u00e9 de tels dommages et int\u00e9r\u00eats. Tous les offres sont variables et sans engagement. M\u00eame en s\u00e9curisant le site web, nous nous d\u00e9gageons de la responsabilit\u00e9 des contenus des sites externes ou parall\u00e8les. Les op\u00e9rateurs sont exclusivement responsables des contenus des pages web site.<\/p>\n<\/div><\/section><\/div><\/div><!--close column table wrapper. Autoclose: 1 -->\n","protected":false},"excerpt":{"rendered":"","protected":false},"author":3,"featured_media":0,"parent":0,"menu_order":0,"comment_status":"closed","ping_status":"closed","template":"","meta":{"footnotes":""},"class_list":["post-2825","page","type-page","status-publish","hentry"],"acf":[],"yoast_head":"<!-- This site is optimized with the Yoast SEO plugin v27.3 - https:\/\/yoast.com\/product\/yoast-seo-wordpress\/ -->\n<title>Mentions l\u00e9gales | Lyra Schweiz GmbH<\/title>\n<meta name=\"robots\" content=\"index, follow, max-snippet:-1, max-image-preview:large, max-video-preview:-1\" \/>\n<link rel=\"canonical\" href=\"https:\/\/lyrawellbeing.ch\/fr\/mentions-legales\/\" \/>\n<meta property=\"og:locale\" content=\"fr_FR\" \/>\n<meta property=\"og:type\" content=\"article\" \/>\n<meta property=\"og:title\" content=\"Mentions l\u00e9gales | Lyra Schweiz GmbH\" \/>\n<meta property=\"og:url\" content=\"https:\/\/lyrawellbeing.ch\/fr\/mentions-legales\/\" \/>\n<meta property=\"og:site_name\" content=\"Lyra Schweiz GmbH\" \/>\n<meta property=\"article:modified_time\" content=\"2025-04-02T09:25:17+00:00\" \/>\n<meta name=\"twitter:card\" content=\"summary_large_image\" \/>\n<meta name=\"twitter:label1\" content=\"Dur\u00e9e de lecture estim\u00e9e\" \/>\n\t<meta name=\"twitter:data1\" content=\"2 minutes\" \/>\n<script type=\"application\/ld+json\" class=\"yoast-schema-graph\">{\"@context\":\"https:\\\/\\\/schema.org\",\"@graph\":[{\"@type\":\"WebPage\",\"@id\":\"https:\\\/\\\/lyrawellbeing.ch\\\/fr\\\/mentions-legales\\\/\",\"url\":\"https:\\\/\\\/lyrawellbeing.ch\\\/fr\\\/mentions-legales\\\/\",\"name\":\"Mentions l\u00e9gales | Lyra Schweiz GmbH\",\"isPartOf\":{\"@id\":\"https:\\\/\\\/lyrawellbeing.ch\\\/fr\\\/#website\"},\"datePublished\":\"2018-07-17T12:28:36+00:00\",\"dateModified\":\"2025-04-02T09:25:17+00:00\",\"breadcrumb\":{\"@id\":\"https:\\\/\\\/lyrawellbeing.ch\\\/fr\\\/mentions-legales\\\/#breadcrumb\"},\"inLanguage\":\"fr-FR\",\"potentialAction\":[{\"@type\":\"ReadAction\",\"target\":[\"https:\\\/\\\/lyrawellbeing.ch\\\/fr\\\/mentions-legales\\\/\"]}]},{\"@type\":\"BreadcrumbList\",\"@id\":\"https:\\\/\\\/lyrawellbeing.ch\\\/fr\\\/mentions-legales\\\/#breadcrumb\",\"itemListElement\":[{\"@type\":\"ListItem\",\"position\":1,\"name\":\"Home\",\"item\":\"https:\\\/\\\/lyrawellbeing.ch\\\/fr\\\/\"},{\"@type\":\"ListItem\",\"position\":2,\"name\":\"Mentions l\u00e9gales\"}]},{\"@type\":\"WebSite\",\"@id\":\"https:\\\/\\\/lyrawellbeing.ch\\\/fr\\\/#website\",\"url\":\"https:\\\/\\\/lyrawellbeing.ch\\\/fr\\\/\",\"name\":\"Lyra Schweiz GmbH\",\"description\":\"\",\"potentialAction\":[{\"@type\":\"SearchAction\",\"target\":{\"@type\":\"EntryPoint\",\"urlTemplate\":\"https:\\\/\\\/lyrawellbeing.ch\\\/fr\\\/?s={search_term_string}\"},\"query-input\":{\"@type\":\"PropertyValueSpecification\",\"valueRequired\":true,\"valueName\":\"search_term_string\"}}],\"inLanguage\":\"fr-FR\"}]}<\/script>\n<!-- \/ Yoast SEO plugin. -->","yoast_head_json":{"title":"Mentions l\u00e9gales | Lyra Schweiz GmbH","robots":{"index":"index","follow":"follow","max-snippet":"max-snippet:-1","max-image-preview":"max-image-preview:large","max-video-preview":"max-video-preview:-1"},"canonical":"https:\/\/lyrawellbeing.ch\/fr\/mentions-legales\/","og_locale":"fr_FR","og_type":"article","og_title":"Mentions l\u00e9gales | Lyra Schweiz GmbH","og_url":"https:\/\/lyrawellbeing.ch\/fr\/mentions-legales\/","og_site_name":"Lyra Schweiz GmbH","article_modified_time":"2025-04-02T09:25:17+00:00","twitter_card":"summary_large_image","twitter_misc":{"Dur\u00e9e de lecture estim\u00e9e":"2 minutes"},"schema":{"@context":"https:\/\/schema.org","@graph":[{"@type":"WebPage","@id":"https:\/\/lyrawellbeing.ch\/fr\/mentions-legales\/","url":"https:\/\/lyrawellbeing.ch\/fr\/mentions-legales\/","name":"Mentions l\u00e9gales | Lyra Schweiz GmbH","isPartOf":{"@id":"https:\/\/lyrawellbeing.ch\/fr\/#website"},"datePublished":"2018-07-17T12:28:36+00:00","dateModified":"2025-04-02T09:25:17+00:00","breadcrumb":{"@id":"https:\/\/lyrawellbeing.ch\/fr\/mentions-legales\/#breadcrumb"},"inLanguage":"fr-FR","potentialAction":[{"@type":"ReadAction","target":["https:\/\/lyrawellbeing.ch\/fr\/mentions-legales\/"]}]},{"@type":"BreadcrumbList","@id":"https:\/\/lyrawellbeing.ch\/fr\/mentions-legales\/#breadcrumb","itemListElement":[{"@type":"ListItem","position":1,"name":"Home","item":"https:\/\/lyrawellbeing.ch\/fr\/"},{"@type":"ListItem","position":2,"name":"Mentions l\u00e9gales"}]},{"@type":"WebSite","@id":"https:\/\/lyrawellbeing.ch\/fr\/#website","url":"https:\/\/lyrawellbeing.ch\/fr\/","name":"Lyra Schweiz GmbH","description":"","potentialAction":[{"@type":"SearchAction","target":{"@type":"EntryPoint","urlTemplate":"https:\/\/lyrawellbeing.ch\/fr\/?s={search_term_string}"},"query-input":{"@type":"PropertyValueSpecification","valueRequired":true,"valueName":"search_term_string"}}],"inLanguage":"fr-FR"}]}},"_links":{"self":[{"href":"https:\/\/lyrawellbeing.ch\/fr\/wp-json\/wp\/v2\/pages\/2825","targetHints":{"allow":["GET"]}}],"collection":[{"href":"https:\/\/lyrawellbeing.ch\/fr\/wp-json\/wp\/v2\/pages"}],"about":[{"href":"https:\/\/lyrawellbeing.ch\/fr\/wp-json\/wp\/v2\/types\/page"}],"author":[{"embeddable":true,"href":"https:\/\/lyrawellbeing.ch\/fr\/wp-json\/wp\/v2\/users\/3"}],"replies":[{"embeddable":true,"href":"https:\/\/lyrawellbeing.ch\/fr\/wp-json\/wp\/v2\/comments?post=2825"}],"version-history":[{"count":5,"href":"https:\/\/lyrawellbeing.ch\/fr\/wp-json\/wp\/v2\/pages\/2825\/revisions"}],"predecessor-version":[{"id":11489,"href":"https:\/\/lyrawellbeing.ch\/fr\/wp-json\/wp\/v2\/pages\/2825\/revisions\/11489"}],"wp:attachment":[{"href":"https:\/\/lyrawellbeing.ch\/fr\/wp-json\/wp\/v2\/media?parent=2825"}],"curies":[{"name":"wp","href":"https:\/\/api.w.org\/{rel}","templated":true}]}}