{"id":3038,"date":"2019-06-21T07:23:41","date_gmt":"2019-06-21T05:23:41","guid":{"rendered":"http:\/\/20.77.7.22\/shop\/non%20class\u00e9\/eap-pure-budget-1-49-ma\/"},"modified":"2025-04-11T10:14:52","modified_gmt":"2025-04-11T08:14:52","slug":"eap-pure-budget-10-49-em","status":"publish","type":"product","link":"https:\/\/lyrawellbeing.ch\/fr\/shop\/produits-eap-shop\/eap-pure-budget-fr\/eap-pure-budget-10-49-em\/","title":{"rendered":"EAP Pure Budget 10 &#8211; 49 collaborateurs"},"content":{"rendered":"<p><strong>Contenu du pack:<\/strong><\/p>\n<ul>\n<li>conseils et assistance par t\u00e9l\u00e9phone ou live chat en 24\/7 pour obtenir des conseils et un soutien face \u00e0 des probl\u00e9matiques \u00e9motionnelles et psychologiques<\/li>\n<li>s\u00e9ances conseil personnelles pr\u00e8s du lieu de travail<\/li>\n<li>assistance aux cadres et aux RH<\/li>\n<\/ul>\n<p><a href=\"https:\/\/lyrawellbeing.ch\/wp-content\/uploads\/2024\/09\/Lyra_Comparaison_Services_F.pdf\" target=\"_blank\" rel=\"noopener\">Comparaison Services<\/a><br \/>\n<a href=\"https:\/\/lyrawellbeing.ch\/fr\/ccg\/\" target=\"_blank\" rel=\"noopener\">Conditions commerciales g\u00e9n\u00e9rales CCG\/Contrat de vente<\/a><\/p>\n","protected":false},"excerpt":{"rendered":"<p>(Prix par collaborateur\/an)<\/p>\n<p>Le pack de services en ligne destin\u00e9 aux petites et moyennes entreprises (PME) permet une introduction rapide et facile de l&rsquo;assistance aux collaborateurs de votre entreprise. L&rsquo;acc\u00e8s aux conseils juridiques et psychologiques est \u00e0 la fois simple et strictement confidentiel. Apr\u00e8s avoir fait votre choix et pass\u00e9 commande, vous recevez imm\u00e9diatement tout ce qu&rsquo;il vous faut pour une intervention imm\u00e9diate et une introduction r\u00e9ussie du service. Notre pack de communication \u00e9lectronique contient des explications d\u00e9taill\u00e9es sous forme de brochures, d&rsquo;affiches informatives, d&rsquo;une vid\u00e9o explicative, d&rsquo;un acc\u00e8s \u00e0 l&rsquo;appli, etc.) afin que vous et votre personnel puissiez profiter imm\u00e9diatement des avantages de \u00ab votre EAP \u00bb.<\/p>\n","protected":false},"featured_media":10451,"template":"","meta":[],"product_brand":[],"product_cat":[124,126],"product_tag":[415],"class_list":{"0":"post-3038","1":"product","2":"type-product","3":"status-publish","4":"has-post-thumbnail","6":"product_cat-produits-eap-shop","7":"product_cat-eap-pure-budget-fr","8":"product_tag-10-49-collaborateurs","10":"first","11":"instock","12":"virtual","13":"taxable","14":"purchasable","15":"product-type-simple"},"acf":[],"yoast_head":"<!-- This site is optimized with the Yoast SEO plugin v27.3 - https:\/\/yoast.com\/product\/yoast-seo-wordpress\/ -->\n<title>EAP Pure Budget 10 - 49 collaborateurs | Lyra Schweiz GmbH<\/title>\n<meta name=\"robots\" content=\"index, follow, max-snippet:-1, max-image-preview:large, max-video-preview:-1\" \/>\n<link rel=\"canonical\" href=\"https:\/\/lyrawellbeing.ch\/fr\/shop\/produits-eap-shop\/eap-pure-budget-fr\/eap-pure-budget-10-49-em\/\" \/>\n<meta property=\"og:locale\" content=\"fr_FR\" \/>\n<meta property=\"og:type\" content=\"article\" \/>\n<meta property=\"og:title\" content=\"EAP Pure Budget 10 - 49 collaborateurs | Lyra Schweiz GmbH\" \/>\n<meta property=\"og:description\" content=\"(Prix par collaborateur\/an)  Le pack de services en ligne destin\u00e9 aux petites et moyennes entreprises (PME) permet une introduction rapide et facile de l&#039;assistance aux collaborateurs de votre entreprise. L&#039;acc\u00e8s aux conseils juridiques et psychologiques est \u00e0 la fois simple et strictement confidentiel. Apr\u00e8s avoir fait votre choix et pass\u00e9 commande, vous recevez imm\u00e9diatement tout ce qu&#039;il vous faut pour une intervention imm\u00e9diate et une introduction r\u00e9ussie du service. Notre pack de communication \u00e9lectronique contient des explications d\u00e9taill\u00e9es sous forme de brochures, d&#039;affiches informatives, d&#039;une vid\u00e9o explicative, d&#039;un acc\u00e8s \u00e0 l&#039;appli, etc.) afin que vous et votre personnel puissiez profiter imm\u00e9diatement des avantages de \u00ab votre EAP \u00bb.\" \/>\n<meta property=\"og:url\" content=\"https:\/\/lyrawellbeing.ch\/fr\/shop\/produits-eap-shop\/eap-pure-budget-fr\/eap-pure-budget-10-49-em\/\" \/>\n<meta property=\"og:site_name\" content=\"Lyra Schweiz GmbH\" \/>\n<meta property=\"article:modified_time\" content=\"2025-04-11T08:14:52+00:00\" \/>\n<meta property=\"og:image\" content=\"https:\/\/lyrawellbeing.ch\/wp-content\/uploads\/2019\/06\/budget-10-49.webp\" \/>\n\t<meta property=\"og:image:width\" content=\"393\" \/>\n\t<meta property=\"og:image:height\" content=\"393\" \/>\n\t<meta property=\"og:image:type\" content=\"image\/webp\" \/>\n<meta name=\"twitter:card\" content=\"summary_large_image\" \/>\n<meta name=\"twitter:label1\" content=\"Dur\u00e9e de lecture estim\u00e9e\" \/>\n\t<meta name=\"twitter:data1\" content=\"1 minute\" \/>\n<script type=\"application\/ld+json\" class=\"yoast-schema-graph\">{\"@context\":\"https:\\\/\\\/schema.org\",\"@graph\":[{\"@type\":\"WebPage\",\"@id\":\"https:\\\/\\\/lyrawellbeing.ch\\\/fr\\\/shop\\\/produits-eap-shop\\\/eap-pure-budget-fr\\\/eap-pure-budget-10-49-em\\\/\",\"url\":\"https:\\\/\\\/lyrawellbeing.ch\\\/fr\\\/shop\\\/produits-eap-shop\\\/eap-pure-budget-fr\\\/eap-pure-budget-10-49-em\\\/\",\"name\":\"EAP Pure Budget 10 - 49 collaborateurs | Lyra Schweiz GmbH\",\"isPartOf\":{\"@id\":\"https:\\\/\\\/lyrawellbeing.ch\\\/fr\\\/#website\"},\"primaryImageOfPage\":{\"@id\":\"https:\\\/\\\/lyrawellbeing.ch\\\/fr\\\/shop\\\/produits-eap-shop\\\/eap-pure-budget-fr\\\/eap-pure-budget-10-49-em\\\/#primaryimage\"},\"image\":{\"@id\":\"https:\\\/\\\/lyrawellbeing.ch\\\/fr\\\/shop\\\/produits-eap-shop\\\/eap-pure-budget-fr\\\/eap-pure-budget-10-49-em\\\/#primaryimage\"},\"thumbnailUrl\":\"\\\/wp-content\\\/uploads\\\/2019\\\/06\\\/budget-10-49.webp\",\"datePublished\":\"2019-06-21T05:23:41+00:00\",\"dateModified\":\"2025-04-11T08:14:52+00:00\",\"breadcrumb\":{\"@id\":\"https:\\\/\\\/lyrawellbeing.ch\\\/fr\\\/shop\\\/produits-eap-shop\\\/eap-pure-budget-fr\\\/eap-pure-budget-10-49-em\\\/#breadcrumb\"},\"inLanguage\":\"fr-FR\",\"potentialAction\":[{\"@type\":\"ReadAction\",\"target\":[\"https:\\\/\\\/lyrawellbeing.ch\\\/fr\\\/shop\\\/produits-eap-shop\\\/eap-pure-budget-fr\\\/eap-pure-budget-10-49-em\\\/\"]}]},{\"@type\":\"ImageObject\",\"inLanguage\":\"fr-FR\",\"@id\":\"https:\\\/\\\/lyrawellbeing.ch\\\/fr\\\/shop\\\/produits-eap-shop\\\/eap-pure-budget-fr\\\/eap-pure-budget-10-49-em\\\/#primaryimage\",\"url\":\"\\\/wp-content\\\/uploads\\\/2019\\\/06\\\/budget-10-49.webp\",\"contentUrl\":\"\\\/wp-content\\\/uploads\\\/2019\\\/06\\\/budget-10-49.webp\",\"width\":393,\"height\":393},{\"@type\":\"BreadcrumbList\",\"@id\":\"https:\\\/\\\/lyrawellbeing.ch\\\/fr\\\/shop\\\/produits-eap-shop\\\/eap-pure-budget-fr\\\/eap-pure-budget-10-49-em\\\/#breadcrumb\",\"itemListElement\":[{\"@type\":\"ListItem\",\"position\":1,\"name\":\"Home\",\"item\":\"https:\\\/\\\/lyrawellbeing.ch\\\/fr\\\/\"},{\"@type\":\"ListItem\",\"position\":2,\"name\":\"Shop\",\"item\":\"https:\\\/\\\/lyrawellbeing.ch\\\/fr\\\/shop\\\/\"},{\"@type\":\"ListItem\",\"position\":3,\"name\":\"EAP Pure Budget 10 &#8211; 49 collaborateurs\"}]},{\"@type\":\"WebSite\",\"@id\":\"https:\\\/\\\/lyrawellbeing.ch\\\/fr\\\/#website\",\"url\":\"https:\\\/\\\/lyrawellbeing.ch\\\/fr\\\/\",\"name\":\"Lyra Schweiz GmbH\",\"description\":\"\",\"potentialAction\":[{\"@type\":\"SearchAction\",\"target\":{\"@type\":\"EntryPoint\",\"urlTemplate\":\"https:\\\/\\\/lyrawellbeing.ch\\\/fr\\\/?s={search_term_string}\"},\"query-input\":{\"@type\":\"PropertyValueSpecification\",\"valueRequired\":true,\"valueName\":\"search_term_string\"}}],\"inLanguage\":\"fr-FR\"}]}<\/script>\n<!-- \/ Yoast SEO plugin. -->","yoast_head_json":{"title":"EAP Pure Budget 10 - 49 collaborateurs | Lyra Schweiz GmbH","robots":{"index":"index","follow":"follow","max-snippet":"max-snippet:-1","max-image-preview":"max-image-preview:large","max-video-preview":"max-video-preview:-1"},"canonical":"https:\/\/lyrawellbeing.ch\/fr\/shop\/produits-eap-shop\/eap-pure-budget-fr\/eap-pure-budget-10-49-em\/","og_locale":"fr_FR","og_type":"article","og_title":"EAP Pure Budget 10 - 49 collaborateurs | Lyra Schweiz GmbH","og_description":"(Prix par collaborateur\/an)  Le pack de services en ligne destin\u00e9 aux petites et moyennes entreprises (PME) permet une introduction rapide et facile de l'assistance aux collaborateurs de votre entreprise. L'acc\u00e8s aux conseils juridiques et psychologiques est \u00e0 la fois simple et strictement confidentiel. Apr\u00e8s avoir fait votre choix et pass\u00e9 commande, vous recevez imm\u00e9diatement tout ce qu'il vous faut pour une intervention imm\u00e9diate et une introduction r\u00e9ussie du service. Notre pack de communication \u00e9lectronique contient des explications d\u00e9taill\u00e9es sous forme de brochures, d'affiches informatives, d'une vid\u00e9o explicative, d'un acc\u00e8s \u00e0 l'appli, etc.) afin que vous et votre personnel puissiez profiter imm\u00e9diatement des avantages de \u00ab votre EAP \u00bb.","og_url":"https:\/\/lyrawellbeing.ch\/fr\/shop\/produits-eap-shop\/eap-pure-budget-fr\/eap-pure-budget-10-49-em\/","og_site_name":"Lyra Schweiz GmbH","article_modified_time":"2025-04-11T08:14:52+00:00","og_image":[{"width":393,"height":393,"url":"https:\/\/lyrawellbeing.ch\/wp-content\/uploads\/2019\/06\/budget-10-49.webp","type":"image\/webp"}],"twitter_card":"summary_large_image","twitter_misc":{"Dur\u00e9e de lecture estim\u00e9e":"1 minute"},"schema":{"@context":"https:\/\/schema.org","@graph":[{"@type":"WebPage","@id":"https:\/\/lyrawellbeing.ch\/fr\/shop\/produits-eap-shop\/eap-pure-budget-fr\/eap-pure-budget-10-49-em\/","url":"https:\/\/lyrawellbeing.ch\/fr\/shop\/produits-eap-shop\/eap-pure-budget-fr\/eap-pure-budget-10-49-em\/","name":"EAP Pure Budget 10 - 49 collaborateurs | Lyra Schweiz GmbH","isPartOf":{"@id":"https:\/\/lyrawellbeing.ch\/fr\/#website"},"primaryImageOfPage":{"@id":"https:\/\/lyrawellbeing.ch\/fr\/shop\/produits-eap-shop\/eap-pure-budget-fr\/eap-pure-budget-10-49-em\/#primaryimage"},"image":{"@id":"https:\/\/lyrawellbeing.ch\/fr\/shop\/produits-eap-shop\/eap-pure-budget-fr\/eap-pure-budget-10-49-em\/#primaryimage"},"thumbnailUrl":"\/wp-content\/uploads\/2019\/06\/budget-10-49.webp","datePublished":"2019-06-21T05:23:41+00:00","dateModified":"2025-04-11T08:14:52+00:00","breadcrumb":{"@id":"https:\/\/lyrawellbeing.ch\/fr\/shop\/produits-eap-shop\/eap-pure-budget-fr\/eap-pure-budget-10-49-em\/#breadcrumb"},"inLanguage":"fr-FR","potentialAction":[{"@type":"ReadAction","target":["https:\/\/lyrawellbeing.ch\/fr\/shop\/produits-eap-shop\/eap-pure-budget-fr\/eap-pure-budget-10-49-em\/"]}]},{"@type":"ImageObject","inLanguage":"fr-FR","@id":"https:\/\/lyrawellbeing.ch\/fr\/shop\/produits-eap-shop\/eap-pure-budget-fr\/eap-pure-budget-10-49-em\/#primaryimage","url":"\/wp-content\/uploads\/2019\/06\/budget-10-49.webp","contentUrl":"\/wp-content\/uploads\/2019\/06\/budget-10-49.webp","width":393,"height":393},{"@type":"BreadcrumbList","@id":"https:\/\/lyrawellbeing.ch\/fr\/shop\/produits-eap-shop\/eap-pure-budget-fr\/eap-pure-budget-10-49-em\/#breadcrumb","itemListElement":[{"@type":"ListItem","position":1,"name":"Home","item":"https:\/\/lyrawellbeing.ch\/fr\/"},{"@type":"ListItem","position":2,"name":"Shop","item":"https:\/\/lyrawellbeing.ch\/fr\/shop\/"},{"@type":"ListItem","position":3,"name":"EAP Pure Budget 10 &#8211; 49 collaborateurs"}]},{"@type":"WebSite","@id":"https:\/\/lyrawellbeing.ch\/fr\/#website","url":"https:\/\/lyrawellbeing.ch\/fr\/","name":"Lyra Schweiz GmbH","description":"","potentialAction":[{"@type":"SearchAction","target":{"@type":"EntryPoint","urlTemplate":"https:\/\/lyrawellbeing.ch\/fr\/?s={search_term_string}"},"query-input":{"@type":"PropertyValueSpecification","valueRequired":true,"valueName":"search_term_string"}}],"inLanguage":"fr-FR"}]}},"_links":{"self":[{"href":"https:\/\/lyrawellbeing.ch\/fr\/wp-json\/wp\/v2\/product\/3038","targetHints":{"allow":["GET"]}}],"collection":[{"href":"https:\/\/lyrawellbeing.ch\/fr\/wp-json\/wp\/v2\/product"}],"about":[{"href":"https:\/\/lyrawellbeing.ch\/fr\/wp-json\/wp\/v2\/types\/product"}],"wp:featuredmedia":[{"embeddable":true,"href":"https:\/\/lyrawellbeing.ch\/fr\/wp-json\/wp\/v2\/media\/10451"}],"wp:attachment":[{"href":"https:\/\/lyrawellbeing.ch\/fr\/wp-json\/wp\/v2\/media?parent=3038"}],"wp:term":[{"taxonomy":"product_brand","embeddable":true,"href":"https:\/\/lyrawellbeing.ch\/fr\/wp-json\/wp\/v2\/product_brand?post=3038"},{"taxonomy":"product_cat","embeddable":true,"href":"https:\/\/lyrawellbeing.ch\/fr\/wp-json\/wp\/v2\/product_cat?post=3038"},{"taxonomy":"product_tag","embeddable":true,"href":"https:\/\/lyrawellbeing.ch\/fr\/wp-json\/wp\/v2\/product_tag?post=3038"}],"curies":[{"name":"wp","href":"https:\/\/api.w.org\/{rel}","templated":true}]}}