{"id":3046,"date":"2019-06-21T07:33:35","date_gmt":"2019-06-21T05:33:35","guid":{"rendered":"http:\/\/20.77.7.22\/shop\/non%20class\u00e9\/gedruckte-flyer-fur-mitarbeiter\/"},"modified":"2025-01-22T12:16:49","modified_gmt":"2025-01-22T11:16:49","slug":"depliants-imprimes-pour-les-collaborateurs","status":"publish","type":"product","link":"https:\/\/lyrawellbeing.ch\/fr\/shop\/produits-eap-shop\/eap-pure-all-fr\/depliants-imprimes-pour-les-collaborateurs\/","title":{"rendered":"D\u00e9pliants imprim\u00e9s pour les collaborateurs"},"content":{"rendered":"<p>Format : DIN A6 long en pli roul\u00e9<br \/>\nLangues : Le flyer contient 3 langues (allemand, fran\u00e7ais et anglais)<\/p>\n<p>Quantit\u00e9 minimale de commande: 25 pi\u00e8ces<\/p>\n","protected":false},"excerpt":{"rendered":"<p>Quantit\u00e9 minimale de commande: 25 pi\u00e8ces<\/p>\n<p>Nos d\u00e9pliants vous permettent d&rsquo;informer vos collaborateurs sur les services de l&rsquo;EAP. Les flyers en allemand, fran\u00e7ais et anglais sont id\u00e9aux pour \u00eatre distribu\u00e9s dans les bureaux, les salles de pause ou lors de manifestations.<\/p>\n","protected":false},"featured_media":2254,"template":"","meta":[],"product_brand":[],"product_cat":[124,125],"product_tag":[],"class_list":{"0":"post-3046","1":"product","2":"type-product","3":"status-publish","4":"has-post-thumbnail","6":"product_cat-produits-eap-shop","7":"product_cat-eap-pure-all-fr","9":"first","10":"instock","11":"taxable","12":"shipping-taxable","13":"purchasable","14":"product-type-simple"},"acf":[],"yoast_head":"<!-- This site is optimized with the Yoast SEO plugin v27.3 - https:\/\/yoast.com\/product\/yoast-seo-wordpress\/ -->\n<title>D\u00e9pliants imprim\u00e9s pour les collaborateurs | Lyra Schweiz GmbH<\/title>\n<meta name=\"robots\" content=\"index, follow, max-snippet:-1, max-image-preview:large, max-video-preview:-1\" \/>\n<link rel=\"canonical\" href=\"https:\/\/lyrawellbeing.ch\/fr\/shop\/produits-eap-shop\/eap-pure-all-fr\/depliants-imprimes-pour-les-collaborateurs\/\" \/>\n<meta property=\"og:locale\" content=\"fr_FR\" \/>\n<meta property=\"og:type\" content=\"article\" \/>\n<meta property=\"og:title\" content=\"D\u00e9pliants imprim\u00e9s pour les collaborateurs | Lyra Schweiz GmbH\" \/>\n<meta property=\"og:description\" content=\"Quantit\u00e9 minimale de commande: 25 pi\u00e8ces  Nos d\u00e9pliants vous permettent d&#039;informer vos collaborateurs sur les services de l&#039;EAP. Les flyers en allemand, fran\u00e7ais et anglais sont id\u00e9aux pour \u00eatre distribu\u00e9s dans les bureaux, les salles de pause ou lors de manifestations.\" \/>\n<meta property=\"og:url\" content=\"https:\/\/lyrawellbeing.ch\/fr\/shop\/produits-eap-shop\/eap-pure-all-fr\/depliants-imprimes-pour-les-collaborateurs\/\" \/>\n<meta property=\"og:site_name\" content=\"Lyra Schweiz GmbH\" \/>\n<meta property=\"article:modified_time\" content=\"2025-01-22T11:16:49+00:00\" \/>\n<meta property=\"og:image\" content=\"https:\/\/lyrawellbeing.ch\/wp-content\/uploads\/2019\/06\/flyers.png\" \/>\n\t<meta property=\"og:image:width\" content=\"393\" \/>\n\t<meta property=\"og:image:height\" content=\"393\" \/>\n\t<meta property=\"og:image:type\" content=\"image\/png\" \/>\n<meta name=\"twitter:card\" content=\"summary_large_image\" \/>\n<meta name=\"twitter:label1\" content=\"Dur\u00e9e de lecture estim\u00e9e\" \/>\n\t<meta name=\"twitter:data1\" content=\"1 minute\" \/>\n<script type=\"application\/ld+json\" class=\"yoast-schema-graph\">{\"@context\":\"https:\\\/\\\/schema.org\",\"@graph\":[{\"@type\":\"WebPage\",\"@id\":\"https:\\\/\\\/lyrawellbeing.ch\\\/fr\\\/shop\\\/produits-eap-shop\\\/eap-pure-all-fr\\\/depliants-imprimes-pour-les-collaborateurs\\\/\",\"url\":\"https:\\\/\\\/lyrawellbeing.ch\\\/fr\\\/shop\\\/produits-eap-shop\\\/eap-pure-all-fr\\\/depliants-imprimes-pour-les-collaborateurs\\\/\",\"name\":\"D\u00e9pliants imprim\u00e9s pour les collaborateurs | Lyra Schweiz GmbH\",\"isPartOf\":{\"@id\":\"https:\\\/\\\/lyrawellbeing.ch\\\/fr\\\/#website\"},\"primaryImageOfPage\":{\"@id\":\"https:\\\/\\\/lyrawellbeing.ch\\\/fr\\\/shop\\\/produits-eap-shop\\\/eap-pure-all-fr\\\/depliants-imprimes-pour-les-collaborateurs\\\/#primaryimage\"},\"image\":{\"@id\":\"https:\\\/\\\/lyrawellbeing.ch\\\/fr\\\/shop\\\/produits-eap-shop\\\/eap-pure-all-fr\\\/depliants-imprimes-pour-les-collaborateurs\\\/#primaryimage\"},\"thumbnailUrl\":\"\\\/wp-content\\\/uploads\\\/2019\\\/06\\\/flyers.png\",\"datePublished\":\"2019-06-21T05:33:35+00:00\",\"dateModified\":\"2025-01-22T11:16:49+00:00\",\"breadcrumb\":{\"@id\":\"https:\\\/\\\/lyrawellbeing.ch\\\/fr\\\/shop\\\/produits-eap-shop\\\/eap-pure-all-fr\\\/depliants-imprimes-pour-les-collaborateurs\\\/#breadcrumb\"},\"inLanguage\":\"fr-FR\",\"potentialAction\":[{\"@type\":\"ReadAction\",\"target\":[\"https:\\\/\\\/lyrawellbeing.ch\\\/fr\\\/shop\\\/produits-eap-shop\\\/eap-pure-all-fr\\\/depliants-imprimes-pour-les-collaborateurs\\\/\"]}]},{\"@type\":\"ImageObject\",\"inLanguage\":\"fr-FR\",\"@id\":\"https:\\\/\\\/lyrawellbeing.ch\\\/fr\\\/shop\\\/produits-eap-shop\\\/eap-pure-all-fr\\\/depliants-imprimes-pour-les-collaborateurs\\\/#primaryimage\",\"url\":\"\\\/wp-content\\\/uploads\\\/2019\\\/06\\\/flyers.png\",\"contentUrl\":\"\\\/wp-content\\\/uploads\\\/2019\\\/06\\\/flyers.png\",\"width\":393,\"height\":393},{\"@type\":\"BreadcrumbList\",\"@id\":\"https:\\\/\\\/lyrawellbeing.ch\\\/fr\\\/shop\\\/produits-eap-shop\\\/eap-pure-all-fr\\\/depliants-imprimes-pour-les-collaborateurs\\\/#breadcrumb\",\"itemListElement\":[{\"@type\":\"ListItem\",\"position\":1,\"name\":\"Home\",\"item\":\"https:\\\/\\\/lyrawellbeing.ch\\\/fr\\\/\"},{\"@type\":\"ListItem\",\"position\":2,\"name\":\"Shop\",\"item\":\"https:\\\/\\\/lyrawellbeing.ch\\\/fr\\\/shop\\\/\"},{\"@type\":\"ListItem\",\"position\":3,\"name\":\"D\u00e9pliants imprim\u00e9s pour les collaborateurs\"}]},{\"@type\":\"WebSite\",\"@id\":\"https:\\\/\\\/lyrawellbeing.ch\\\/fr\\\/#website\",\"url\":\"https:\\\/\\\/lyrawellbeing.ch\\\/fr\\\/\",\"name\":\"Lyra Schweiz GmbH\",\"description\":\"\",\"potentialAction\":[{\"@type\":\"SearchAction\",\"target\":{\"@type\":\"EntryPoint\",\"urlTemplate\":\"https:\\\/\\\/lyrawellbeing.ch\\\/fr\\\/?s={search_term_string}\"},\"query-input\":{\"@type\":\"PropertyValueSpecification\",\"valueRequired\":true,\"valueName\":\"search_term_string\"}}],\"inLanguage\":\"fr-FR\"}]}<\/script>\n<!-- \/ Yoast SEO plugin. -->","yoast_head_json":{"title":"D\u00e9pliants imprim\u00e9s pour les collaborateurs | Lyra Schweiz GmbH","robots":{"index":"index","follow":"follow","max-snippet":"max-snippet:-1","max-image-preview":"max-image-preview:large","max-video-preview":"max-video-preview:-1"},"canonical":"https:\/\/lyrawellbeing.ch\/fr\/shop\/produits-eap-shop\/eap-pure-all-fr\/depliants-imprimes-pour-les-collaborateurs\/","og_locale":"fr_FR","og_type":"article","og_title":"D\u00e9pliants imprim\u00e9s pour les collaborateurs | Lyra Schweiz GmbH","og_description":"Quantit\u00e9 minimale de commande: 25 pi\u00e8ces  Nos d\u00e9pliants vous permettent d'informer vos collaborateurs sur les services de l'EAP. Les flyers en allemand, fran\u00e7ais et anglais sont id\u00e9aux pour \u00eatre distribu\u00e9s dans les bureaux, les salles de pause ou lors de manifestations.","og_url":"https:\/\/lyrawellbeing.ch\/fr\/shop\/produits-eap-shop\/eap-pure-all-fr\/depliants-imprimes-pour-les-collaborateurs\/","og_site_name":"Lyra Schweiz GmbH","article_modified_time":"2025-01-22T11:16:49+00:00","og_image":[{"width":393,"height":393,"url":"https:\/\/lyrawellbeing.ch\/wp-content\/uploads\/2019\/06\/flyers.png","type":"image\/png"}],"twitter_card":"summary_large_image","twitter_misc":{"Dur\u00e9e de lecture estim\u00e9e":"1 minute"},"schema":{"@context":"https:\/\/schema.org","@graph":[{"@type":"WebPage","@id":"https:\/\/lyrawellbeing.ch\/fr\/shop\/produits-eap-shop\/eap-pure-all-fr\/depliants-imprimes-pour-les-collaborateurs\/","url":"https:\/\/lyrawellbeing.ch\/fr\/shop\/produits-eap-shop\/eap-pure-all-fr\/depliants-imprimes-pour-les-collaborateurs\/","name":"D\u00e9pliants imprim\u00e9s pour les collaborateurs | Lyra Schweiz GmbH","isPartOf":{"@id":"https:\/\/lyrawellbeing.ch\/fr\/#website"},"primaryImageOfPage":{"@id":"https:\/\/lyrawellbeing.ch\/fr\/shop\/produits-eap-shop\/eap-pure-all-fr\/depliants-imprimes-pour-les-collaborateurs\/#primaryimage"},"image":{"@id":"https:\/\/lyrawellbeing.ch\/fr\/shop\/produits-eap-shop\/eap-pure-all-fr\/depliants-imprimes-pour-les-collaborateurs\/#primaryimage"},"thumbnailUrl":"\/wp-content\/uploads\/2019\/06\/flyers.png","datePublished":"2019-06-21T05:33:35+00:00","dateModified":"2025-01-22T11:16:49+00:00","breadcrumb":{"@id":"https:\/\/lyrawellbeing.ch\/fr\/shop\/produits-eap-shop\/eap-pure-all-fr\/depliants-imprimes-pour-les-collaborateurs\/#breadcrumb"},"inLanguage":"fr-FR","potentialAction":[{"@type":"ReadAction","target":["https:\/\/lyrawellbeing.ch\/fr\/shop\/produits-eap-shop\/eap-pure-all-fr\/depliants-imprimes-pour-les-collaborateurs\/"]}]},{"@type":"ImageObject","inLanguage":"fr-FR","@id":"https:\/\/lyrawellbeing.ch\/fr\/shop\/produits-eap-shop\/eap-pure-all-fr\/depliants-imprimes-pour-les-collaborateurs\/#primaryimage","url":"\/wp-content\/uploads\/2019\/06\/flyers.png","contentUrl":"\/wp-content\/uploads\/2019\/06\/flyers.png","width":393,"height":393},{"@type":"BreadcrumbList","@id":"https:\/\/lyrawellbeing.ch\/fr\/shop\/produits-eap-shop\/eap-pure-all-fr\/depliants-imprimes-pour-les-collaborateurs\/#breadcrumb","itemListElement":[{"@type":"ListItem","position":1,"name":"Home","item":"https:\/\/lyrawellbeing.ch\/fr\/"},{"@type":"ListItem","position":2,"name":"Shop","item":"https:\/\/lyrawellbeing.ch\/fr\/shop\/"},{"@type":"ListItem","position":3,"name":"D\u00e9pliants imprim\u00e9s pour les collaborateurs"}]},{"@type":"WebSite","@id":"https:\/\/lyrawellbeing.ch\/fr\/#website","url":"https:\/\/lyrawellbeing.ch\/fr\/","name":"Lyra Schweiz GmbH","description":"","potentialAction":[{"@type":"SearchAction","target":{"@type":"EntryPoint","urlTemplate":"https:\/\/lyrawellbeing.ch\/fr\/?s={search_term_string}"},"query-input":{"@type":"PropertyValueSpecification","valueRequired":true,"valueName":"search_term_string"}}],"inLanguage":"fr-FR"}]}},"_links":{"self":[{"href":"https:\/\/lyrawellbeing.ch\/fr\/wp-json\/wp\/v2\/product\/3046","targetHints":{"allow":["GET"]}}],"collection":[{"href":"https:\/\/lyrawellbeing.ch\/fr\/wp-json\/wp\/v2\/product"}],"about":[{"href":"https:\/\/lyrawellbeing.ch\/fr\/wp-json\/wp\/v2\/types\/product"}],"wp:featuredmedia":[{"embeddable":true,"href":"https:\/\/lyrawellbeing.ch\/fr\/wp-json\/wp\/v2\/media\/2254"}],"wp:attachment":[{"href":"https:\/\/lyrawellbeing.ch\/fr\/wp-json\/wp\/v2\/media?parent=3046"}],"wp:term":[{"taxonomy":"product_brand","embeddable":true,"href":"https:\/\/lyrawellbeing.ch\/fr\/wp-json\/wp\/v2\/product_brand?post=3046"},{"taxonomy":"product_cat","embeddable":true,"href":"https:\/\/lyrawellbeing.ch\/fr\/wp-json\/wp\/v2\/product_cat?post=3046"},{"taxonomy":"product_tag","embeddable":true,"href":"https:\/\/lyrawellbeing.ch\/fr\/wp-json\/wp\/v2\/product_tag?post=3046"}],"curies":[{"name":"wp","href":"https:\/\/api.w.org\/{rel}","templated":true}]}}