{"id":3048,"date":"2019-06-21T07:32:12","date_gmt":"2019-06-21T05:32:12","guid":{"rendered":"http:\/\/20.77.7.22\/shop\/non%20class\u00e9\/mitarbeitereinfuhrung-vor-ort\/"},"modified":"2024-09-17T12:12:23","modified_gmt":"2024-09-17T10:12:23","slug":"presentation-introductive-aux-collaborateurs-sur-place","status":"publish","type":"product","link":"https:\/\/lyrawellbeing.ch\/fr\/shop\/produits-eap-shop\/eap-pure-all-fr\/presentation-introductive-aux-collaborateurs-sur-place\/","title":{"rendered":"Pr\u00e9sentation aux collaborateurs sur place"},"content":{"rendered":"<p>Dur\u00e9e : environ 1 heure.<br \/>\nLes frais et le temps de d\u00e9placement sont factur\u00e9s en sus.<\/p>\n","protected":false},"excerpt":{"rendered":"<p>Si vous le souhaitez, vous pouvez commander une pr\u00e9sentation d&rsquo;introduction pour vos collaborateurs dans vos locaux. La pr\u00e9sentation sera men\u00e9e par l&rsquo;un de nos Account Managers.<\/p>\n","protected":false},"featured_media":7836,"template":"","meta":[],"product_brand":[],"product_cat":[122,124,125,126],"product_tag":[],"class_list":{"0":"post-3048","1":"product","2":"type-product","3":"status-publish","4":"has-post-thumbnail","6":"product_cat-add-ons-fr","7":"product_cat-produits-eap-shop","8":"product_cat-eap-pure-all-fr","9":"product_cat-eap-pure-budget-fr","11":"first","12":"instock","13":"downloadable","14":"taxable","15":"shipping-taxable","16":"purchasable","17":"product-type-simple"},"acf":[],"yoast_head":"<!-- This site is optimized with the Yoast SEO plugin v27.3 - https:\/\/yoast.com\/product\/yoast-seo-wordpress\/ -->\n<title>Pr\u00e9sentation aux collaborateurs sur place | Lyra Schweiz GmbH<\/title>\n<meta name=\"robots\" content=\"index, follow, max-snippet:-1, max-image-preview:large, max-video-preview:-1\" \/>\n<link rel=\"canonical\" href=\"https:\/\/lyrawellbeing.ch\/fr\/shop\/produits-eap-shop\/eap-pure-all-fr\/presentation-introductive-aux-collaborateurs-sur-place\/\" \/>\n<meta property=\"og:locale\" content=\"fr_FR\" \/>\n<meta property=\"og:type\" content=\"article\" \/>\n<meta property=\"og:title\" content=\"Pr\u00e9sentation aux collaborateurs sur place | Lyra Schweiz GmbH\" \/>\n<meta property=\"og:description\" content=\"Si vous le souhaitez, vous pouvez commander une pr\u00e9sentation d&#039;introduction pour vos collaborateurs dans vos locaux. La pr\u00e9sentation sera men\u00e9e par l&#039;un de nos Account Managers.\" \/>\n<meta property=\"og:url\" content=\"https:\/\/lyrawellbeing.ch\/fr\/shop\/produits-eap-shop\/eap-pure-all-fr\/presentation-introductive-aux-collaborateurs-sur-place\/\" \/>\n<meta property=\"og:site_name\" content=\"Lyra Schweiz GmbH\" \/>\n<meta property=\"article:modified_time\" content=\"2024-09-17T10:12:23+00:00\" \/>\n<meta property=\"og:image\" content=\"https:\/\/lyrawellbeing.ch\/wp-content\/uploads\/2019\/06\/on-site-introduction.png\" \/>\n\t<meta property=\"og:image:width\" content=\"393\" \/>\n\t<meta property=\"og:image:height\" content=\"393\" \/>\n\t<meta property=\"og:image:type\" content=\"image\/png\" \/>\n<meta name=\"twitter:card\" content=\"summary_large_image\" \/>\n<meta name=\"twitter:label1\" content=\"Dur\u00e9e de lecture estim\u00e9e\" \/>\n\t<meta name=\"twitter:data1\" content=\"1 minute\" \/>\n<script type=\"application\/ld+json\" class=\"yoast-schema-graph\">{\"@context\":\"https:\\\/\\\/schema.org\",\"@graph\":[{\"@type\":\"WebPage\",\"@id\":\"https:\\\/\\\/lyrawellbeing.ch\\\/fr\\\/shop\\\/produits-eap-shop\\\/eap-pure-all-fr\\\/presentation-introductive-aux-collaborateurs-sur-place\\\/\",\"url\":\"https:\\\/\\\/lyrawellbeing.ch\\\/fr\\\/shop\\\/produits-eap-shop\\\/eap-pure-all-fr\\\/presentation-introductive-aux-collaborateurs-sur-place\\\/\",\"name\":\"Pr\u00e9sentation aux collaborateurs sur place | Lyra Schweiz GmbH\",\"isPartOf\":{\"@id\":\"https:\\\/\\\/lyrawellbeing.ch\\\/fr\\\/#website\"},\"primaryImageOfPage\":{\"@id\":\"https:\\\/\\\/lyrawellbeing.ch\\\/fr\\\/shop\\\/produits-eap-shop\\\/eap-pure-all-fr\\\/presentation-introductive-aux-collaborateurs-sur-place\\\/#primaryimage\"},\"image\":{\"@id\":\"https:\\\/\\\/lyrawellbeing.ch\\\/fr\\\/shop\\\/produits-eap-shop\\\/eap-pure-all-fr\\\/presentation-introductive-aux-collaborateurs-sur-place\\\/#primaryimage\"},\"thumbnailUrl\":\"\\\/wp-content\\\/uploads\\\/2019\\\/06\\\/on-site-introduction.png\",\"datePublished\":\"2019-06-21T05:32:12+00:00\",\"dateModified\":\"2024-09-17T10:12:23+00:00\",\"breadcrumb\":{\"@id\":\"https:\\\/\\\/lyrawellbeing.ch\\\/fr\\\/shop\\\/produits-eap-shop\\\/eap-pure-all-fr\\\/presentation-introductive-aux-collaborateurs-sur-place\\\/#breadcrumb\"},\"inLanguage\":\"fr-FR\",\"potentialAction\":[{\"@type\":\"ReadAction\",\"target\":[\"https:\\\/\\\/lyrawellbeing.ch\\\/fr\\\/shop\\\/produits-eap-shop\\\/eap-pure-all-fr\\\/presentation-introductive-aux-collaborateurs-sur-place\\\/\"]}]},{\"@type\":\"ImageObject\",\"inLanguage\":\"fr-FR\",\"@id\":\"https:\\\/\\\/lyrawellbeing.ch\\\/fr\\\/shop\\\/produits-eap-shop\\\/eap-pure-all-fr\\\/presentation-introductive-aux-collaborateurs-sur-place\\\/#primaryimage\",\"url\":\"\\\/wp-content\\\/uploads\\\/2019\\\/06\\\/on-site-introduction.png\",\"contentUrl\":\"\\\/wp-content\\\/uploads\\\/2019\\\/06\\\/on-site-introduction.png\",\"width\":393,\"height\":393},{\"@type\":\"BreadcrumbList\",\"@id\":\"https:\\\/\\\/lyrawellbeing.ch\\\/fr\\\/shop\\\/produits-eap-shop\\\/eap-pure-all-fr\\\/presentation-introductive-aux-collaborateurs-sur-place\\\/#breadcrumb\",\"itemListElement\":[{\"@type\":\"ListItem\",\"position\":1,\"name\":\"Home\",\"item\":\"https:\\\/\\\/lyrawellbeing.ch\\\/fr\\\/\"},{\"@type\":\"ListItem\",\"position\":2,\"name\":\"Shop\",\"item\":\"https:\\\/\\\/lyrawellbeing.ch\\\/fr\\\/shop\\\/\"},{\"@type\":\"ListItem\",\"position\":3,\"name\":\"Pr\u00e9sentation aux collaborateurs sur place\"}]},{\"@type\":\"WebSite\",\"@id\":\"https:\\\/\\\/lyrawellbeing.ch\\\/fr\\\/#website\",\"url\":\"https:\\\/\\\/lyrawellbeing.ch\\\/fr\\\/\",\"name\":\"Lyra Schweiz GmbH\",\"description\":\"\",\"potentialAction\":[{\"@type\":\"SearchAction\",\"target\":{\"@type\":\"EntryPoint\",\"urlTemplate\":\"https:\\\/\\\/lyrawellbeing.ch\\\/fr\\\/?s={search_term_string}\"},\"query-input\":{\"@type\":\"PropertyValueSpecification\",\"valueRequired\":true,\"valueName\":\"search_term_string\"}}],\"inLanguage\":\"fr-FR\"}]}<\/script>\n<!-- \/ Yoast SEO plugin. -->","yoast_head_json":{"title":"Pr\u00e9sentation aux collaborateurs sur place | Lyra Schweiz GmbH","robots":{"index":"index","follow":"follow","max-snippet":"max-snippet:-1","max-image-preview":"max-image-preview:large","max-video-preview":"max-video-preview:-1"},"canonical":"https:\/\/lyrawellbeing.ch\/fr\/shop\/produits-eap-shop\/eap-pure-all-fr\/presentation-introductive-aux-collaborateurs-sur-place\/","og_locale":"fr_FR","og_type":"article","og_title":"Pr\u00e9sentation aux collaborateurs sur place | Lyra Schweiz GmbH","og_description":"Si vous le souhaitez, vous pouvez commander une pr\u00e9sentation d'introduction pour vos collaborateurs dans vos locaux. La pr\u00e9sentation sera men\u00e9e par l'un de nos Account Managers.","og_url":"https:\/\/lyrawellbeing.ch\/fr\/shop\/produits-eap-shop\/eap-pure-all-fr\/presentation-introductive-aux-collaborateurs-sur-place\/","og_site_name":"Lyra Schweiz GmbH","article_modified_time":"2024-09-17T10:12:23+00:00","og_image":[{"width":393,"height":393,"url":"https:\/\/lyrawellbeing.ch\/wp-content\/uploads\/2019\/06\/on-site-introduction.png","type":"image\/png"}],"twitter_card":"summary_large_image","twitter_misc":{"Dur\u00e9e de lecture estim\u00e9e":"1 minute"},"schema":{"@context":"https:\/\/schema.org","@graph":[{"@type":"WebPage","@id":"https:\/\/lyrawellbeing.ch\/fr\/shop\/produits-eap-shop\/eap-pure-all-fr\/presentation-introductive-aux-collaborateurs-sur-place\/","url":"https:\/\/lyrawellbeing.ch\/fr\/shop\/produits-eap-shop\/eap-pure-all-fr\/presentation-introductive-aux-collaborateurs-sur-place\/","name":"Pr\u00e9sentation aux collaborateurs sur place | Lyra Schweiz GmbH","isPartOf":{"@id":"https:\/\/lyrawellbeing.ch\/fr\/#website"},"primaryImageOfPage":{"@id":"https:\/\/lyrawellbeing.ch\/fr\/shop\/produits-eap-shop\/eap-pure-all-fr\/presentation-introductive-aux-collaborateurs-sur-place\/#primaryimage"},"image":{"@id":"https:\/\/lyrawellbeing.ch\/fr\/shop\/produits-eap-shop\/eap-pure-all-fr\/presentation-introductive-aux-collaborateurs-sur-place\/#primaryimage"},"thumbnailUrl":"\/wp-content\/uploads\/2019\/06\/on-site-introduction.png","datePublished":"2019-06-21T05:32:12+00:00","dateModified":"2024-09-17T10:12:23+00:00","breadcrumb":{"@id":"https:\/\/lyrawellbeing.ch\/fr\/shop\/produits-eap-shop\/eap-pure-all-fr\/presentation-introductive-aux-collaborateurs-sur-place\/#breadcrumb"},"inLanguage":"fr-FR","potentialAction":[{"@type":"ReadAction","target":["https:\/\/lyrawellbeing.ch\/fr\/shop\/produits-eap-shop\/eap-pure-all-fr\/presentation-introductive-aux-collaborateurs-sur-place\/"]}]},{"@type":"ImageObject","inLanguage":"fr-FR","@id":"https:\/\/lyrawellbeing.ch\/fr\/shop\/produits-eap-shop\/eap-pure-all-fr\/presentation-introductive-aux-collaborateurs-sur-place\/#primaryimage","url":"\/wp-content\/uploads\/2019\/06\/on-site-introduction.png","contentUrl":"\/wp-content\/uploads\/2019\/06\/on-site-introduction.png","width":393,"height":393},{"@type":"BreadcrumbList","@id":"https:\/\/lyrawellbeing.ch\/fr\/shop\/produits-eap-shop\/eap-pure-all-fr\/presentation-introductive-aux-collaborateurs-sur-place\/#breadcrumb","itemListElement":[{"@type":"ListItem","position":1,"name":"Home","item":"https:\/\/lyrawellbeing.ch\/fr\/"},{"@type":"ListItem","position":2,"name":"Shop","item":"https:\/\/lyrawellbeing.ch\/fr\/shop\/"},{"@type":"ListItem","position":3,"name":"Pr\u00e9sentation aux collaborateurs sur place"}]},{"@type":"WebSite","@id":"https:\/\/lyrawellbeing.ch\/fr\/#website","url":"https:\/\/lyrawellbeing.ch\/fr\/","name":"Lyra Schweiz GmbH","description":"","potentialAction":[{"@type":"SearchAction","target":{"@type":"EntryPoint","urlTemplate":"https:\/\/lyrawellbeing.ch\/fr\/?s={search_term_string}"},"query-input":{"@type":"PropertyValueSpecification","valueRequired":true,"valueName":"search_term_string"}}],"inLanguage":"fr-FR"}]}},"_links":{"self":[{"href":"https:\/\/lyrawellbeing.ch\/fr\/wp-json\/wp\/v2\/product\/3048","targetHints":{"allow":["GET"]}}],"collection":[{"href":"https:\/\/lyrawellbeing.ch\/fr\/wp-json\/wp\/v2\/product"}],"about":[{"href":"https:\/\/lyrawellbeing.ch\/fr\/wp-json\/wp\/v2\/types\/product"}],"wp:featuredmedia":[{"embeddable":true,"href":"https:\/\/lyrawellbeing.ch\/fr\/wp-json\/wp\/v2\/media\/7836"}],"wp:attachment":[{"href":"https:\/\/lyrawellbeing.ch\/fr\/wp-json\/wp\/v2\/media?parent=3048"}],"wp:term":[{"taxonomy":"product_brand","embeddable":true,"href":"https:\/\/lyrawellbeing.ch\/fr\/wp-json\/wp\/v2\/product_brand?post=3048"},{"taxonomy":"product_cat","embeddable":true,"href":"https:\/\/lyrawellbeing.ch\/fr\/wp-json\/wp\/v2\/product_cat?post=3048"},{"taxonomy":"product_tag","embeddable":true,"href":"https:\/\/lyrawellbeing.ch\/fr\/wp-json\/wp\/v2\/product_tag?post=3048"}],"curies":[{"name":"wp","href":"https:\/\/api.w.org\/{rel}","templated":true}]}}