{"id":3050,"date":"2019-06-21T07:28:01","date_gmt":"2019-06-21T05:28:01","guid":{"rendered":"http:\/\/20.77.7.22\/shop\/non%20class\u00e9\/mitarbeitereinfuhrung-per-skype\/"},"modified":"2024-09-17T12:22:50","modified_gmt":"2024-09-17T10:22:50","slug":"presentation-introductive-aux-collaborateurs-par-webinaire","status":"publish","type":"product","link":"https:\/\/lyrawellbeing.ch\/fr\/shop\/produits-eap-shop\/eap-pure-all-fr\/presentation-introductive-aux-collaborateurs-par-webinaire\/","title":{"rendered":"Pr\u00e9sentation aux collaborateurs par webinaire"},"content":{"rendered":"<p>Dur\u00e9e : environ 1 heure<\/p>\n","protected":false},"excerpt":{"rendered":"<p>Si vous le souhaitez, vous pouvez commander une pr\u00e9sentation du service en ligne pour vos collaborateurs. L&rsquo;introduction se fait sous forme de webinaire et est anim\u00e9e par l&rsquo;un de nos account managers. Nous prenons rendez-vous avec vous apr\u00e8s la commande.<\/p>\n","protected":false},"featured_media":5368,"template":"","meta":[],"product_brand":[],"product_cat":[122,124,125,126],"product_tag":[],"class_list":{"0":"post-3050","1":"product","2":"type-product","3":"status-publish","4":"has-post-thumbnail","6":"product_cat-add-ons-fr","7":"product_cat-produits-eap-shop","8":"product_cat-eap-pure-all-fr","9":"product_cat-eap-pure-budget-fr","11":"first","12":"instock","13":"taxable","14":"shipping-taxable","15":"purchasable","16":"product-type-simple"},"acf":[],"yoast_head":"<!-- This site is optimized with the Yoast SEO plugin v27.3 - https:\/\/yoast.com\/product\/yoast-seo-wordpress\/ -->\n<title>Pr\u00e9sentation aux collaborateurs par webinaire | Lyra Schweiz GmbH<\/title>\n<meta name=\"robots\" content=\"index, follow, max-snippet:-1, max-image-preview:large, max-video-preview:-1\" \/>\n<link rel=\"canonical\" href=\"https:\/\/lyrawellbeing.ch\/fr\/shop\/produits-eap-shop\/eap-pure-all-fr\/presentation-introductive-aux-collaborateurs-par-webinaire\/\" \/>\n<meta property=\"og:locale\" content=\"fr_FR\" \/>\n<meta property=\"og:type\" content=\"article\" \/>\n<meta property=\"og:title\" content=\"Pr\u00e9sentation aux collaborateurs par webinaire | Lyra Schweiz GmbH\" \/>\n<meta property=\"og:description\" content=\"Si vous le souhaitez, vous pouvez commander une pr\u00e9sentation du service en ligne pour vos collaborateurs. L&#039;introduction se fait sous forme de webinaire et est anim\u00e9e par l&#039;un de nos account managers. Nous prenons rendez-vous avec vous apr\u00e8s la commande.\" \/>\n<meta property=\"og:url\" content=\"https:\/\/lyrawellbeing.ch\/fr\/shop\/produits-eap-shop\/eap-pure-all-fr\/presentation-introductive-aux-collaborateurs-par-webinaire\/\" \/>\n<meta property=\"og:site_name\" content=\"Lyra Schweiz GmbH\" \/>\n<meta property=\"article:modified_time\" content=\"2024-09-17T10:22:50+00:00\" \/>\n<meta property=\"og:image\" content=\"https:\/\/lyrawellbeing.ch\/wp-content\/uploads\/2019\/06\/webinar-300x300-1.webp\" \/>\n\t<meta property=\"og:image:width\" content=\"300\" \/>\n\t<meta property=\"og:image:height\" content=\"300\" \/>\n\t<meta property=\"og:image:type\" content=\"image\/webp\" \/>\n<meta name=\"twitter:card\" content=\"summary_large_image\" \/>\n<script type=\"application\/ld+json\" class=\"yoast-schema-graph\">{\"@context\":\"https:\\\/\\\/schema.org\",\"@graph\":[{\"@type\":\"WebPage\",\"@id\":\"https:\\\/\\\/lyrawellbeing.ch\\\/fr\\\/shop\\\/produits-eap-shop\\\/eap-pure-all-fr\\\/presentation-introductive-aux-collaborateurs-par-webinaire\\\/\",\"url\":\"https:\\\/\\\/lyrawellbeing.ch\\\/fr\\\/shop\\\/produits-eap-shop\\\/eap-pure-all-fr\\\/presentation-introductive-aux-collaborateurs-par-webinaire\\\/\",\"name\":\"Pr\u00e9sentation aux collaborateurs par webinaire | Lyra Schweiz GmbH\",\"isPartOf\":{\"@id\":\"https:\\\/\\\/lyrawellbeing.ch\\\/fr\\\/#website\"},\"primaryImageOfPage\":{\"@id\":\"https:\\\/\\\/lyrawellbeing.ch\\\/fr\\\/shop\\\/produits-eap-shop\\\/eap-pure-all-fr\\\/presentation-introductive-aux-collaborateurs-par-webinaire\\\/#primaryimage\"},\"image\":{\"@id\":\"https:\\\/\\\/lyrawellbeing.ch\\\/fr\\\/shop\\\/produits-eap-shop\\\/eap-pure-all-fr\\\/presentation-introductive-aux-collaborateurs-par-webinaire\\\/#primaryimage\"},\"thumbnailUrl\":\"\\\/wp-content\\\/uploads\\\/2019\\\/06\\\/webinar-300x300-1.webp\",\"datePublished\":\"2019-06-21T05:28:01+00:00\",\"dateModified\":\"2024-09-17T10:22:50+00:00\",\"breadcrumb\":{\"@id\":\"https:\\\/\\\/lyrawellbeing.ch\\\/fr\\\/shop\\\/produits-eap-shop\\\/eap-pure-all-fr\\\/presentation-introductive-aux-collaborateurs-par-webinaire\\\/#breadcrumb\"},\"inLanguage\":\"fr-FR\",\"potentialAction\":[{\"@type\":\"ReadAction\",\"target\":[\"https:\\\/\\\/lyrawellbeing.ch\\\/fr\\\/shop\\\/produits-eap-shop\\\/eap-pure-all-fr\\\/presentation-introductive-aux-collaborateurs-par-webinaire\\\/\"]}]},{\"@type\":\"ImageObject\",\"inLanguage\":\"fr-FR\",\"@id\":\"https:\\\/\\\/lyrawellbeing.ch\\\/fr\\\/shop\\\/produits-eap-shop\\\/eap-pure-all-fr\\\/presentation-introductive-aux-collaborateurs-par-webinaire\\\/#primaryimage\",\"url\":\"\\\/wp-content\\\/uploads\\\/2019\\\/06\\\/webinar-300x300-1.webp\",\"contentUrl\":\"\\\/wp-content\\\/uploads\\\/2019\\\/06\\\/webinar-300x300-1.webp\",\"width\":300,\"height\":300},{\"@type\":\"BreadcrumbList\",\"@id\":\"https:\\\/\\\/lyrawellbeing.ch\\\/fr\\\/shop\\\/produits-eap-shop\\\/eap-pure-all-fr\\\/presentation-introductive-aux-collaborateurs-par-webinaire\\\/#breadcrumb\",\"itemListElement\":[{\"@type\":\"ListItem\",\"position\":1,\"name\":\"Home\",\"item\":\"https:\\\/\\\/lyrawellbeing.ch\\\/fr\\\/\"},{\"@type\":\"ListItem\",\"position\":2,\"name\":\"Shop\",\"item\":\"https:\\\/\\\/lyrawellbeing.ch\\\/fr\\\/shop\\\/\"},{\"@type\":\"ListItem\",\"position\":3,\"name\":\"Pr\u00e9sentation aux collaborateurs par webinaire\"}]},{\"@type\":\"WebSite\",\"@id\":\"https:\\\/\\\/lyrawellbeing.ch\\\/fr\\\/#website\",\"url\":\"https:\\\/\\\/lyrawellbeing.ch\\\/fr\\\/\",\"name\":\"Lyra Schweiz GmbH\",\"description\":\"\",\"potentialAction\":[{\"@type\":\"SearchAction\",\"target\":{\"@type\":\"EntryPoint\",\"urlTemplate\":\"https:\\\/\\\/lyrawellbeing.ch\\\/fr\\\/?s={search_term_string}\"},\"query-input\":{\"@type\":\"PropertyValueSpecification\",\"valueRequired\":true,\"valueName\":\"search_term_string\"}}],\"inLanguage\":\"fr-FR\"}]}<\/script>\n<!-- \/ Yoast SEO plugin. -->","yoast_head_json":{"title":"Pr\u00e9sentation aux collaborateurs par webinaire | Lyra Schweiz GmbH","robots":{"index":"index","follow":"follow","max-snippet":"max-snippet:-1","max-image-preview":"max-image-preview:large","max-video-preview":"max-video-preview:-1"},"canonical":"https:\/\/lyrawellbeing.ch\/fr\/shop\/produits-eap-shop\/eap-pure-all-fr\/presentation-introductive-aux-collaborateurs-par-webinaire\/","og_locale":"fr_FR","og_type":"article","og_title":"Pr\u00e9sentation aux collaborateurs par webinaire | Lyra Schweiz GmbH","og_description":"Si vous le souhaitez, vous pouvez commander une pr\u00e9sentation du service en ligne pour vos collaborateurs. L'introduction se fait sous forme de webinaire et est anim\u00e9e par l'un de nos account managers. Nous prenons rendez-vous avec vous apr\u00e8s la commande.","og_url":"https:\/\/lyrawellbeing.ch\/fr\/shop\/produits-eap-shop\/eap-pure-all-fr\/presentation-introductive-aux-collaborateurs-par-webinaire\/","og_site_name":"Lyra Schweiz GmbH","article_modified_time":"2024-09-17T10:22:50+00:00","og_image":[{"width":300,"height":300,"url":"https:\/\/lyrawellbeing.ch\/wp-content\/uploads\/2019\/06\/webinar-300x300-1.webp","type":"image\/webp"}],"twitter_card":"summary_large_image","schema":{"@context":"https:\/\/schema.org","@graph":[{"@type":"WebPage","@id":"https:\/\/lyrawellbeing.ch\/fr\/shop\/produits-eap-shop\/eap-pure-all-fr\/presentation-introductive-aux-collaborateurs-par-webinaire\/","url":"https:\/\/lyrawellbeing.ch\/fr\/shop\/produits-eap-shop\/eap-pure-all-fr\/presentation-introductive-aux-collaborateurs-par-webinaire\/","name":"Pr\u00e9sentation aux collaborateurs par webinaire | Lyra Schweiz GmbH","isPartOf":{"@id":"https:\/\/lyrawellbeing.ch\/fr\/#website"},"primaryImageOfPage":{"@id":"https:\/\/lyrawellbeing.ch\/fr\/shop\/produits-eap-shop\/eap-pure-all-fr\/presentation-introductive-aux-collaborateurs-par-webinaire\/#primaryimage"},"image":{"@id":"https:\/\/lyrawellbeing.ch\/fr\/shop\/produits-eap-shop\/eap-pure-all-fr\/presentation-introductive-aux-collaborateurs-par-webinaire\/#primaryimage"},"thumbnailUrl":"\/wp-content\/uploads\/2019\/06\/webinar-300x300-1.webp","datePublished":"2019-06-21T05:28:01+00:00","dateModified":"2024-09-17T10:22:50+00:00","breadcrumb":{"@id":"https:\/\/lyrawellbeing.ch\/fr\/shop\/produits-eap-shop\/eap-pure-all-fr\/presentation-introductive-aux-collaborateurs-par-webinaire\/#breadcrumb"},"inLanguage":"fr-FR","potentialAction":[{"@type":"ReadAction","target":["https:\/\/lyrawellbeing.ch\/fr\/shop\/produits-eap-shop\/eap-pure-all-fr\/presentation-introductive-aux-collaborateurs-par-webinaire\/"]}]},{"@type":"ImageObject","inLanguage":"fr-FR","@id":"https:\/\/lyrawellbeing.ch\/fr\/shop\/produits-eap-shop\/eap-pure-all-fr\/presentation-introductive-aux-collaborateurs-par-webinaire\/#primaryimage","url":"\/wp-content\/uploads\/2019\/06\/webinar-300x300-1.webp","contentUrl":"\/wp-content\/uploads\/2019\/06\/webinar-300x300-1.webp","width":300,"height":300},{"@type":"BreadcrumbList","@id":"https:\/\/lyrawellbeing.ch\/fr\/shop\/produits-eap-shop\/eap-pure-all-fr\/presentation-introductive-aux-collaborateurs-par-webinaire\/#breadcrumb","itemListElement":[{"@type":"ListItem","position":1,"name":"Home","item":"https:\/\/lyrawellbeing.ch\/fr\/"},{"@type":"ListItem","position":2,"name":"Shop","item":"https:\/\/lyrawellbeing.ch\/fr\/shop\/"},{"@type":"ListItem","position":3,"name":"Pr\u00e9sentation aux collaborateurs par webinaire"}]},{"@type":"WebSite","@id":"https:\/\/lyrawellbeing.ch\/fr\/#website","url":"https:\/\/lyrawellbeing.ch\/fr\/","name":"Lyra Schweiz GmbH","description":"","potentialAction":[{"@type":"SearchAction","target":{"@type":"EntryPoint","urlTemplate":"https:\/\/lyrawellbeing.ch\/fr\/?s={search_term_string}"},"query-input":{"@type":"PropertyValueSpecification","valueRequired":true,"valueName":"search_term_string"}}],"inLanguage":"fr-FR"}]}},"_links":{"self":[{"href":"https:\/\/lyrawellbeing.ch\/fr\/wp-json\/wp\/v2\/product\/3050","targetHints":{"allow":["GET"]}}],"collection":[{"href":"https:\/\/lyrawellbeing.ch\/fr\/wp-json\/wp\/v2\/product"}],"about":[{"href":"https:\/\/lyrawellbeing.ch\/fr\/wp-json\/wp\/v2\/types\/product"}],"wp:featuredmedia":[{"embeddable":true,"href":"https:\/\/lyrawellbeing.ch\/fr\/wp-json\/wp\/v2\/media\/5368"}],"wp:attachment":[{"href":"https:\/\/lyrawellbeing.ch\/fr\/wp-json\/wp\/v2\/media?parent=3050"}],"wp:term":[{"taxonomy":"product_brand","embeddable":true,"href":"https:\/\/lyrawellbeing.ch\/fr\/wp-json\/wp\/v2\/product_brand?post=3050"},{"taxonomy":"product_cat","embeddable":true,"href":"https:\/\/lyrawellbeing.ch\/fr\/wp-json\/wp\/v2\/product_cat?post=3050"},{"taxonomy":"product_tag","embeddable":true,"href":"https:\/\/lyrawellbeing.ch\/fr\/wp-json\/wp\/v2\/product_tag?post=3050"}],"curies":[{"name":"wp","href":"https:\/\/api.w.org\/{rel}","templated":true}]}}