{"id":3060,"date":"2019-06-21T09:36:33","date_gmt":"2019-06-21T07:36:33","guid":{"rendered":"http:\/\/20.77.7.22\/shop\/non%20class\u00e9\/umgang-mit-psychisch-belasteten-mitarbeitenden\/"},"modified":"2024-09-17T13:49:17","modified_gmt":"2024-09-17T11:49:17","slug":"gestion-des-collaborateurs-souffrant-de-troubles-psychiques","status":"publish","type":"product","link":"https:\/\/lyrawellbeing.ch\/fr\/shop\/produits-lyra-wellbeing-academy\/gestion-des-collaborateurs-souffrant-de-troubles-psychiques\/","title":{"rendered":"Troubles psychiques \u2013 Comment g\u00e9rer un employ\u00e9 \u00e0 risque"},"content":{"rendered":"","protected":false},"excerpt":{"rendered":"<p>Au cours de cet \u00e9v\u00e9nement, les participants apprendront \u00e0 cat\u00e9goriser le stress mental et les troubles mentaux et \u00e0 comprendre leur impact sur la vie professionnelle. Ils exploreront les devoirs des managers en mati\u00e8re de protection et de promotion de la sant\u00e9 mentale, ainsi que de fixation de limites appropri\u00e9es. Ainsi, l\u2019\u00e9v\u00e9nement portera sur l\u2019identification des signes de stress mental chez les employ\u00e9s, sur la mani\u00e8re d\u2019aborder le probl\u00e8me de mani\u00e8re efficace et sur la mani\u00e8re de les guider pour qu\u2019ils recherchent de l\u2019aide.<\/p>\n","protected":false},"featured_media":2250,"template":"","meta":[],"product_brand":[],"product_cat":[123],"product_tag":[],"class_list":{"0":"post-3060","1":"product","2":"type-product","3":"status-publish","4":"has-post-thumbnail","6":"product_cat-produits-lyra-wellbeing-academy","8":"first","9":"instock","10":"taxable","11":"shipping-taxable","12":"purchasable","13":"product-type-variable"},"acf":[],"yoast_head":"<!-- This site is optimized with the Yoast SEO plugin v27.3 - https:\/\/yoast.com\/product\/yoast-seo-wordpress\/ -->\n<title>Troubles psychiques \u2013 Comment g\u00e9rer un employ\u00e9 \u00e0 risque | Lyra Schweiz GmbH<\/title>\n<meta name=\"robots\" content=\"index, follow, max-snippet:-1, max-image-preview:large, max-video-preview:-1\" \/>\n<link rel=\"canonical\" href=\"https:\/\/lyrawellbeing.ch\/fr\/shop\/produits-lyra-wellbeing-academy\/gestion-des-collaborateurs-souffrant-de-troubles-psychiques\/\" \/>\n<meta property=\"og:locale\" content=\"fr_FR\" \/>\n<meta property=\"og:type\" content=\"article\" \/>\n<meta property=\"og:title\" content=\"Troubles psychiques \u2013 Comment g\u00e9rer un employ\u00e9 \u00e0 risque | Lyra Schweiz GmbH\" \/>\n<meta property=\"og:description\" content=\"Au cours de cet \u00e9v\u00e9nement, les participants apprendront \u00e0 cat\u00e9goriser le stress mental et les troubles mentaux et \u00e0 comprendre leur impact sur la vie professionnelle. Ils exploreront les devoirs des managers en mati\u00e8re de protection et de promotion de la sant\u00e9 mentale, ainsi que de fixation de limites appropri\u00e9es. Ainsi, l\u2019\u00e9v\u00e9nement portera sur l\u2019identification des signes de stress mental chez les employ\u00e9s, sur la mani\u00e8re d\u2019aborder le probl\u00e8me de mani\u00e8re efficace et sur la mani\u00e8re de les guider pour qu\u2019ils recherchent de l\u2019aide.\" \/>\n<meta property=\"og:url\" content=\"https:\/\/lyrawellbeing.ch\/fr\/shop\/produits-lyra-wellbeing-academy\/gestion-des-collaborateurs-souffrant-de-troubles-psychiques\/\" \/>\n<meta property=\"og:site_name\" content=\"Lyra Schweiz GmbH\" \/>\n<meta property=\"article:modified_time\" content=\"2024-09-17T11:49:17+00:00\" \/>\n<meta property=\"og:image\" content=\"https:\/\/lyrawellbeing.ch\/wp-content\/uploads\/2019\/06\/istockphoto-1007525174-2048x2048.jpg\" \/>\n\t<meta property=\"og:image:width\" content=\"1400\" \/>\n\t<meta property=\"og:image:height\" content=\"933\" \/>\n\t<meta property=\"og:image:type\" content=\"image\/jpeg\" \/>\n<meta name=\"twitter:card\" content=\"summary_large_image\" \/>\n<script type=\"application\/ld+json\" class=\"yoast-schema-graph\">{\"@context\":\"https:\\\/\\\/schema.org\",\"@graph\":[{\"@type\":\"WebPage\",\"@id\":\"https:\\\/\\\/lyrawellbeing.ch\\\/fr\\\/shop\\\/produits-lyra-wellbeing-academy\\\/gestion-des-collaborateurs-souffrant-de-troubles-psychiques\\\/\",\"url\":\"https:\\\/\\\/lyrawellbeing.ch\\\/fr\\\/shop\\\/produits-lyra-wellbeing-academy\\\/gestion-des-collaborateurs-souffrant-de-troubles-psychiques\\\/\",\"name\":\"Troubles psychiques \u2013 Comment g\u00e9rer un employ\u00e9 \u00e0 risque | Lyra Schweiz GmbH\",\"isPartOf\":{\"@id\":\"https:\\\/\\\/lyrawellbeing.ch\\\/fr\\\/#website\"},\"primaryImageOfPage\":{\"@id\":\"https:\\\/\\\/lyrawellbeing.ch\\\/fr\\\/shop\\\/produits-lyra-wellbeing-academy\\\/gestion-des-collaborateurs-souffrant-de-troubles-psychiques\\\/#primaryimage\"},\"image\":{\"@id\":\"https:\\\/\\\/lyrawellbeing.ch\\\/fr\\\/shop\\\/produits-lyra-wellbeing-academy\\\/gestion-des-collaborateurs-souffrant-de-troubles-psychiques\\\/#primaryimage\"},\"thumbnailUrl\":\"\\\/wp-content\\\/uploads\\\/2019\\\/06\\\/istockphoto-1007525174-2048x2048.jpg\",\"datePublished\":\"2019-06-21T07:36:33+00:00\",\"dateModified\":\"2024-09-17T11:49:17+00:00\",\"breadcrumb\":{\"@id\":\"https:\\\/\\\/lyrawellbeing.ch\\\/fr\\\/shop\\\/produits-lyra-wellbeing-academy\\\/gestion-des-collaborateurs-souffrant-de-troubles-psychiques\\\/#breadcrumb\"},\"inLanguage\":\"fr-FR\",\"potentialAction\":[{\"@type\":\"ReadAction\",\"target\":[\"https:\\\/\\\/lyrawellbeing.ch\\\/fr\\\/shop\\\/produits-lyra-wellbeing-academy\\\/gestion-des-collaborateurs-souffrant-de-troubles-psychiques\\\/\"]}]},{\"@type\":\"ImageObject\",\"inLanguage\":\"fr-FR\",\"@id\":\"https:\\\/\\\/lyrawellbeing.ch\\\/fr\\\/shop\\\/produits-lyra-wellbeing-academy\\\/gestion-des-collaborateurs-souffrant-de-troubles-psychiques\\\/#primaryimage\",\"url\":\"\\\/wp-content\\\/uploads\\\/2019\\\/06\\\/istockphoto-1007525174-2048x2048.jpg\",\"contentUrl\":\"\\\/wp-content\\\/uploads\\\/2019\\\/06\\\/istockphoto-1007525174-2048x2048.jpg\",\"width\":1400,\"height\":933,\"caption\":\"Serious teacher talking to a group of rebellious teenagers in school detention\"},{\"@type\":\"BreadcrumbList\",\"@id\":\"https:\\\/\\\/lyrawellbeing.ch\\\/fr\\\/shop\\\/produits-lyra-wellbeing-academy\\\/gestion-des-collaborateurs-souffrant-de-troubles-psychiques\\\/#breadcrumb\",\"itemListElement\":[{\"@type\":\"ListItem\",\"position\":1,\"name\":\"Home\",\"item\":\"https:\\\/\\\/lyrawellbeing.ch\\\/fr\\\/\"},{\"@type\":\"ListItem\",\"position\":2,\"name\":\"Shop\",\"item\":\"https:\\\/\\\/lyrawellbeing.ch\\\/fr\\\/shop\\\/\"},{\"@type\":\"ListItem\",\"position\":3,\"name\":\"Troubles psychiques \u2013 Comment g\u00e9rer un employ\u00e9 \u00e0 risque\"}]},{\"@type\":\"WebSite\",\"@id\":\"https:\\\/\\\/lyrawellbeing.ch\\\/fr\\\/#website\",\"url\":\"https:\\\/\\\/lyrawellbeing.ch\\\/fr\\\/\",\"name\":\"Lyra Schweiz GmbH\",\"description\":\"\",\"potentialAction\":[{\"@type\":\"SearchAction\",\"target\":{\"@type\":\"EntryPoint\",\"urlTemplate\":\"https:\\\/\\\/lyrawellbeing.ch\\\/fr\\\/?s={search_term_string}\"},\"query-input\":{\"@type\":\"PropertyValueSpecification\",\"valueRequired\":true,\"valueName\":\"search_term_string\"}}],\"inLanguage\":\"fr-FR\"}]}<\/script>\n<!-- \/ Yoast SEO plugin. -->","yoast_head_json":{"title":"Troubles psychiques \u2013 Comment g\u00e9rer un employ\u00e9 \u00e0 risque | Lyra Schweiz GmbH","robots":{"index":"index","follow":"follow","max-snippet":"max-snippet:-1","max-image-preview":"max-image-preview:large","max-video-preview":"max-video-preview:-1"},"canonical":"https:\/\/lyrawellbeing.ch\/fr\/shop\/produits-lyra-wellbeing-academy\/gestion-des-collaborateurs-souffrant-de-troubles-psychiques\/","og_locale":"fr_FR","og_type":"article","og_title":"Troubles psychiques \u2013 Comment g\u00e9rer un employ\u00e9 \u00e0 risque | Lyra Schweiz GmbH","og_description":"Au cours de cet \u00e9v\u00e9nement, les participants apprendront \u00e0 cat\u00e9goriser le stress mental et les troubles mentaux et \u00e0 comprendre leur impact sur la vie professionnelle. Ils exploreront les devoirs des managers en mati\u00e8re de protection et de promotion de la sant\u00e9 mentale, ainsi que de fixation de limites appropri\u00e9es. Ainsi, l\u2019\u00e9v\u00e9nement portera sur l\u2019identification des signes de stress mental chez les employ\u00e9s, sur la mani\u00e8re d\u2019aborder le probl\u00e8me de mani\u00e8re efficace et sur la mani\u00e8re de les guider pour qu\u2019ils recherchent de l\u2019aide.","og_url":"https:\/\/lyrawellbeing.ch\/fr\/shop\/produits-lyra-wellbeing-academy\/gestion-des-collaborateurs-souffrant-de-troubles-psychiques\/","og_site_name":"Lyra Schweiz GmbH","article_modified_time":"2024-09-17T11:49:17+00:00","og_image":[{"width":1400,"height":933,"url":"https:\/\/lyrawellbeing.ch\/wp-content\/uploads\/2019\/06\/istockphoto-1007525174-2048x2048.jpg","type":"image\/jpeg"}],"twitter_card":"summary_large_image","schema":{"@context":"https:\/\/schema.org","@graph":[{"@type":"WebPage","@id":"https:\/\/lyrawellbeing.ch\/fr\/shop\/produits-lyra-wellbeing-academy\/gestion-des-collaborateurs-souffrant-de-troubles-psychiques\/","url":"https:\/\/lyrawellbeing.ch\/fr\/shop\/produits-lyra-wellbeing-academy\/gestion-des-collaborateurs-souffrant-de-troubles-psychiques\/","name":"Troubles psychiques \u2013 Comment g\u00e9rer un employ\u00e9 \u00e0 risque | Lyra Schweiz GmbH","isPartOf":{"@id":"https:\/\/lyrawellbeing.ch\/fr\/#website"},"primaryImageOfPage":{"@id":"https:\/\/lyrawellbeing.ch\/fr\/shop\/produits-lyra-wellbeing-academy\/gestion-des-collaborateurs-souffrant-de-troubles-psychiques\/#primaryimage"},"image":{"@id":"https:\/\/lyrawellbeing.ch\/fr\/shop\/produits-lyra-wellbeing-academy\/gestion-des-collaborateurs-souffrant-de-troubles-psychiques\/#primaryimage"},"thumbnailUrl":"\/wp-content\/uploads\/2019\/06\/istockphoto-1007525174-2048x2048.jpg","datePublished":"2019-06-21T07:36:33+00:00","dateModified":"2024-09-17T11:49:17+00:00","breadcrumb":{"@id":"https:\/\/lyrawellbeing.ch\/fr\/shop\/produits-lyra-wellbeing-academy\/gestion-des-collaborateurs-souffrant-de-troubles-psychiques\/#breadcrumb"},"inLanguage":"fr-FR","potentialAction":[{"@type":"ReadAction","target":["https:\/\/lyrawellbeing.ch\/fr\/shop\/produits-lyra-wellbeing-academy\/gestion-des-collaborateurs-souffrant-de-troubles-psychiques\/"]}]},{"@type":"ImageObject","inLanguage":"fr-FR","@id":"https:\/\/lyrawellbeing.ch\/fr\/shop\/produits-lyra-wellbeing-academy\/gestion-des-collaborateurs-souffrant-de-troubles-psychiques\/#primaryimage","url":"\/wp-content\/uploads\/2019\/06\/istockphoto-1007525174-2048x2048.jpg","contentUrl":"\/wp-content\/uploads\/2019\/06\/istockphoto-1007525174-2048x2048.jpg","width":1400,"height":933,"caption":"Serious teacher talking to a group of rebellious teenagers in school detention"},{"@type":"BreadcrumbList","@id":"https:\/\/lyrawellbeing.ch\/fr\/shop\/produits-lyra-wellbeing-academy\/gestion-des-collaborateurs-souffrant-de-troubles-psychiques\/#breadcrumb","itemListElement":[{"@type":"ListItem","position":1,"name":"Home","item":"https:\/\/lyrawellbeing.ch\/fr\/"},{"@type":"ListItem","position":2,"name":"Shop","item":"https:\/\/lyrawellbeing.ch\/fr\/shop\/"},{"@type":"ListItem","position":3,"name":"Troubles psychiques \u2013 Comment g\u00e9rer un employ\u00e9 \u00e0 risque"}]},{"@type":"WebSite","@id":"https:\/\/lyrawellbeing.ch\/fr\/#website","url":"https:\/\/lyrawellbeing.ch\/fr\/","name":"Lyra Schweiz GmbH","description":"","potentialAction":[{"@type":"SearchAction","target":{"@type":"EntryPoint","urlTemplate":"https:\/\/lyrawellbeing.ch\/fr\/?s={search_term_string}"},"query-input":{"@type":"PropertyValueSpecification","valueRequired":true,"valueName":"search_term_string"}}],"inLanguage":"fr-FR"}]}},"_links":{"self":[{"href":"https:\/\/lyrawellbeing.ch\/fr\/wp-json\/wp\/v2\/product\/3060","targetHints":{"allow":["GET"]}}],"collection":[{"href":"https:\/\/lyrawellbeing.ch\/fr\/wp-json\/wp\/v2\/product"}],"about":[{"href":"https:\/\/lyrawellbeing.ch\/fr\/wp-json\/wp\/v2\/types\/product"}],"wp:featuredmedia":[{"embeddable":true,"href":"https:\/\/lyrawellbeing.ch\/fr\/wp-json\/wp\/v2\/media\/2250"}],"wp:attachment":[{"href":"https:\/\/lyrawellbeing.ch\/fr\/wp-json\/wp\/v2\/media?parent=3060"}],"wp:term":[{"taxonomy":"product_brand","embeddable":true,"href":"https:\/\/lyrawellbeing.ch\/fr\/wp-json\/wp\/v2\/product_brand?post=3060"},{"taxonomy":"product_cat","embeddable":true,"href":"https:\/\/lyrawellbeing.ch\/fr\/wp-json\/wp\/v2\/product_cat?post=3060"},{"taxonomy":"product_tag","embeddable":true,"href":"https:\/\/lyrawellbeing.ch\/fr\/wp-json\/wp\/v2\/product_tag?post=3060"}],"curies":[{"name":"wp","href":"https:\/\/api.w.org\/{rel}","templated":true}]}}