{"id":3076,"date":"2019-06-21T09:29:29","date_gmt":"2019-06-21T07:29:29","guid":{"rendered":"http:\/\/20.77.7.22\/shop\/non%20class\u00e9\/schlafstorungen\/"},"modified":"2024-09-17T14:59:17","modified_gmt":"2024-09-17T12:59:17","slug":"troubles-du-sommeil","status":"publish","type":"product","link":"https:\/\/lyrawellbeing.ch\/fr\/shop\/produits-lyra-wellbeing-academy\/troubles-du-sommeil\/","title":{"rendered":"Troubles du sommeil"},"content":{"rendered":"","protected":false},"excerpt":{"rendered":"<p>Tout le monde dort mal de temps en temps. Cependant, si les troubles du sommeil persistent, ils deviennent un risque pour la sant\u00e9 et la performance. Ce s\u00e9minaire se concentre sur ce qui constitue un sommeil sain et sur la fa\u00e7on de le promouvoir.<\/p>\n","protected":false},"featured_media":2246,"template":"","meta":[],"product_brand":[],"product_cat":[123],"product_tag":[],"class_list":{"0":"post-3076","1":"product","2":"type-product","3":"status-publish","4":"has-post-thumbnail","6":"product_cat-produits-lyra-wellbeing-academy","8":"first","9":"instock","10":"taxable","11":"shipping-taxable","12":"purchasable","13":"product-type-variable"},"acf":[],"yoast_head":"<!-- This site is optimized with the Yoast SEO plugin v27.3 - https:\/\/yoast.com\/product\/yoast-seo-wordpress\/ -->\n<title>Troubles du sommeil | Lyra Schweiz GmbH<\/title>\n<meta name=\"robots\" content=\"index, follow, max-snippet:-1, max-image-preview:large, max-video-preview:-1\" \/>\n<link rel=\"canonical\" href=\"https:\/\/lyrawellbeing.ch\/fr\/shop\/produits-lyra-wellbeing-academy\/troubles-du-sommeil\/\" \/>\n<meta property=\"og:locale\" content=\"fr_FR\" \/>\n<meta property=\"og:type\" content=\"article\" \/>\n<meta property=\"og:title\" content=\"Troubles du sommeil | Lyra Schweiz GmbH\" \/>\n<meta property=\"og:description\" content=\"Tout le monde dort mal de temps en temps. Cependant, si les troubles du sommeil persistent, ils deviennent un risque pour la sant\u00e9 et la performance. Ce s\u00e9minaire se concentre sur ce qui constitue un sommeil sain et sur la fa\u00e7on de le promouvoir.\" \/>\n<meta property=\"og:url\" content=\"https:\/\/lyrawellbeing.ch\/fr\/shop\/produits-lyra-wellbeing-academy\/troubles-du-sommeil\/\" \/>\n<meta property=\"og:site_name\" content=\"Lyra Schweiz GmbH\" \/>\n<meta property=\"article:modified_time\" content=\"2024-09-17T12:59:17+00:00\" \/>\n<meta property=\"og:image\" content=\"https:\/\/lyrawellbeing.ch\/wp-content\/uploads\/2019\/06\/istockphoto-955753028-2048x2048.jpg\" \/>\n\t<meta property=\"og:image:width\" content=\"1400\" \/>\n\t<meta property=\"og:image:height\" content=\"934\" \/>\n\t<meta property=\"og:image:type\" content=\"image\/jpeg\" \/>\n<meta name=\"twitter:card\" content=\"summary_large_image\" \/>\n<script type=\"application\/ld+json\" class=\"yoast-schema-graph\">{\"@context\":\"https:\\\/\\\/schema.org\",\"@graph\":[{\"@type\":\"WebPage\",\"@id\":\"https:\\\/\\\/lyrawellbeing.ch\\\/fr\\\/shop\\\/produits-lyra-wellbeing-academy\\\/troubles-du-sommeil\\\/\",\"url\":\"https:\\\/\\\/lyrawellbeing.ch\\\/fr\\\/shop\\\/produits-lyra-wellbeing-academy\\\/troubles-du-sommeil\\\/\",\"name\":\"Troubles du sommeil | Lyra Schweiz GmbH\",\"isPartOf\":{\"@id\":\"https:\\\/\\\/lyrawellbeing.ch\\\/fr\\\/#website\"},\"primaryImageOfPage\":{\"@id\":\"https:\\\/\\\/lyrawellbeing.ch\\\/fr\\\/shop\\\/produits-lyra-wellbeing-academy\\\/troubles-du-sommeil\\\/#primaryimage\"},\"image\":{\"@id\":\"https:\\\/\\\/lyrawellbeing.ch\\\/fr\\\/shop\\\/produits-lyra-wellbeing-academy\\\/troubles-du-sommeil\\\/#primaryimage\"},\"thumbnailUrl\":\"\\\/wp-content\\\/uploads\\\/2019\\\/06\\\/istockphoto-955753028-2048x2048.jpg\",\"datePublished\":\"2019-06-21T07:29:29+00:00\",\"dateModified\":\"2024-09-17T12:59:17+00:00\",\"breadcrumb\":{\"@id\":\"https:\\\/\\\/lyrawellbeing.ch\\\/fr\\\/shop\\\/produits-lyra-wellbeing-academy\\\/troubles-du-sommeil\\\/#breadcrumb\"},\"inLanguage\":\"fr-FR\",\"potentialAction\":[{\"@type\":\"ReadAction\",\"target\":[\"https:\\\/\\\/lyrawellbeing.ch\\\/fr\\\/shop\\\/produits-lyra-wellbeing-academy\\\/troubles-du-sommeil\\\/\"]}]},{\"@type\":\"ImageObject\",\"inLanguage\":\"fr-FR\",\"@id\":\"https:\\\/\\\/lyrawellbeing.ch\\\/fr\\\/shop\\\/produits-lyra-wellbeing-academy\\\/troubles-du-sommeil\\\/#primaryimage\",\"url\":\"\\\/wp-content\\\/uploads\\\/2019\\\/06\\\/istockphoto-955753028-2048x2048.jpg\",\"contentUrl\":\"\\\/wp-content\\\/uploads\\\/2019\\\/06\\\/istockphoto-955753028-2048x2048.jpg\",\"width\":1400,\"height\":934,\"caption\":\"Businesswoman, yawned she was tired of working in an office.\"},{\"@type\":\"BreadcrumbList\",\"@id\":\"https:\\\/\\\/lyrawellbeing.ch\\\/fr\\\/shop\\\/produits-lyra-wellbeing-academy\\\/troubles-du-sommeil\\\/#breadcrumb\",\"itemListElement\":[{\"@type\":\"ListItem\",\"position\":1,\"name\":\"Home\",\"item\":\"https:\\\/\\\/lyrawellbeing.ch\\\/fr\\\/\"},{\"@type\":\"ListItem\",\"position\":2,\"name\":\"Shop\",\"item\":\"https:\\\/\\\/lyrawellbeing.ch\\\/fr\\\/shop\\\/\"},{\"@type\":\"ListItem\",\"position\":3,\"name\":\"Troubles du sommeil\"}]},{\"@type\":\"WebSite\",\"@id\":\"https:\\\/\\\/lyrawellbeing.ch\\\/fr\\\/#website\",\"url\":\"https:\\\/\\\/lyrawellbeing.ch\\\/fr\\\/\",\"name\":\"Lyra Schweiz GmbH\",\"description\":\"\",\"potentialAction\":[{\"@type\":\"SearchAction\",\"target\":{\"@type\":\"EntryPoint\",\"urlTemplate\":\"https:\\\/\\\/lyrawellbeing.ch\\\/fr\\\/?s={search_term_string}\"},\"query-input\":{\"@type\":\"PropertyValueSpecification\",\"valueRequired\":true,\"valueName\":\"search_term_string\"}}],\"inLanguage\":\"fr-FR\"}]}<\/script>\n<!-- \/ Yoast SEO plugin. -->","yoast_head_json":{"title":"Troubles du sommeil | Lyra Schweiz GmbH","robots":{"index":"index","follow":"follow","max-snippet":"max-snippet:-1","max-image-preview":"max-image-preview:large","max-video-preview":"max-video-preview:-1"},"canonical":"https:\/\/lyrawellbeing.ch\/fr\/shop\/produits-lyra-wellbeing-academy\/troubles-du-sommeil\/","og_locale":"fr_FR","og_type":"article","og_title":"Troubles du sommeil | Lyra Schweiz GmbH","og_description":"Tout le monde dort mal de temps en temps. Cependant, si les troubles du sommeil persistent, ils deviennent un risque pour la sant\u00e9 et la performance. Ce s\u00e9minaire se concentre sur ce qui constitue un sommeil sain et sur la fa\u00e7on de le promouvoir.","og_url":"https:\/\/lyrawellbeing.ch\/fr\/shop\/produits-lyra-wellbeing-academy\/troubles-du-sommeil\/","og_site_name":"Lyra Schweiz GmbH","article_modified_time":"2024-09-17T12:59:17+00:00","og_image":[{"width":1400,"height":934,"url":"https:\/\/lyrawellbeing.ch\/wp-content\/uploads\/2019\/06\/istockphoto-955753028-2048x2048.jpg","type":"image\/jpeg"}],"twitter_card":"summary_large_image","schema":{"@context":"https:\/\/schema.org","@graph":[{"@type":"WebPage","@id":"https:\/\/lyrawellbeing.ch\/fr\/shop\/produits-lyra-wellbeing-academy\/troubles-du-sommeil\/","url":"https:\/\/lyrawellbeing.ch\/fr\/shop\/produits-lyra-wellbeing-academy\/troubles-du-sommeil\/","name":"Troubles du sommeil | Lyra Schweiz GmbH","isPartOf":{"@id":"https:\/\/lyrawellbeing.ch\/fr\/#website"},"primaryImageOfPage":{"@id":"https:\/\/lyrawellbeing.ch\/fr\/shop\/produits-lyra-wellbeing-academy\/troubles-du-sommeil\/#primaryimage"},"image":{"@id":"https:\/\/lyrawellbeing.ch\/fr\/shop\/produits-lyra-wellbeing-academy\/troubles-du-sommeil\/#primaryimage"},"thumbnailUrl":"\/wp-content\/uploads\/2019\/06\/istockphoto-955753028-2048x2048.jpg","datePublished":"2019-06-21T07:29:29+00:00","dateModified":"2024-09-17T12:59:17+00:00","breadcrumb":{"@id":"https:\/\/lyrawellbeing.ch\/fr\/shop\/produits-lyra-wellbeing-academy\/troubles-du-sommeil\/#breadcrumb"},"inLanguage":"fr-FR","potentialAction":[{"@type":"ReadAction","target":["https:\/\/lyrawellbeing.ch\/fr\/shop\/produits-lyra-wellbeing-academy\/troubles-du-sommeil\/"]}]},{"@type":"ImageObject","inLanguage":"fr-FR","@id":"https:\/\/lyrawellbeing.ch\/fr\/shop\/produits-lyra-wellbeing-academy\/troubles-du-sommeil\/#primaryimage","url":"\/wp-content\/uploads\/2019\/06\/istockphoto-955753028-2048x2048.jpg","contentUrl":"\/wp-content\/uploads\/2019\/06\/istockphoto-955753028-2048x2048.jpg","width":1400,"height":934,"caption":"Businesswoman, yawned she was tired of working in an office."},{"@type":"BreadcrumbList","@id":"https:\/\/lyrawellbeing.ch\/fr\/shop\/produits-lyra-wellbeing-academy\/troubles-du-sommeil\/#breadcrumb","itemListElement":[{"@type":"ListItem","position":1,"name":"Home","item":"https:\/\/lyrawellbeing.ch\/fr\/"},{"@type":"ListItem","position":2,"name":"Shop","item":"https:\/\/lyrawellbeing.ch\/fr\/shop\/"},{"@type":"ListItem","position":3,"name":"Troubles du sommeil"}]},{"@type":"WebSite","@id":"https:\/\/lyrawellbeing.ch\/fr\/#website","url":"https:\/\/lyrawellbeing.ch\/fr\/","name":"Lyra Schweiz GmbH","description":"","potentialAction":[{"@type":"SearchAction","target":{"@type":"EntryPoint","urlTemplate":"https:\/\/lyrawellbeing.ch\/fr\/?s={search_term_string}"},"query-input":{"@type":"PropertyValueSpecification","valueRequired":true,"valueName":"search_term_string"}}],"inLanguage":"fr-FR"}]}},"_links":{"self":[{"href":"https:\/\/lyrawellbeing.ch\/fr\/wp-json\/wp\/v2\/product\/3076","targetHints":{"allow":["GET"]}}],"collection":[{"href":"https:\/\/lyrawellbeing.ch\/fr\/wp-json\/wp\/v2\/product"}],"about":[{"href":"https:\/\/lyrawellbeing.ch\/fr\/wp-json\/wp\/v2\/types\/product"}],"wp:featuredmedia":[{"embeddable":true,"href":"https:\/\/lyrawellbeing.ch\/fr\/wp-json\/wp\/v2\/media\/2246"}],"wp:attachment":[{"href":"https:\/\/lyrawellbeing.ch\/fr\/wp-json\/wp\/v2\/media?parent=3076"}],"wp:term":[{"taxonomy":"product_brand","embeddable":true,"href":"https:\/\/lyrawellbeing.ch\/fr\/wp-json\/wp\/v2\/product_brand?post=3076"},{"taxonomy":"product_cat","embeddable":true,"href":"https:\/\/lyrawellbeing.ch\/fr\/wp-json\/wp\/v2\/product_cat?post=3076"},{"taxonomy":"product_tag","embeddable":true,"href":"https:\/\/lyrawellbeing.ch\/fr\/wp-json\/wp\/v2\/product_tag?post=3076"}],"curies":[{"name":"wp","href":"https:\/\/api.w.org\/{rel}","templated":true}]}}