{"id":3100,"date":"2019-06-21T09:12:28","date_gmt":"2019-06-21T07:12:28","guid":{"rendered":"http:\/\/20.77.7.22\/shop\/non%20class\u00e9\/umgang-mit-suchtgefahrdeten-mitarbeitenden\/"},"modified":"2024-09-17T16:11:59","modified_gmt":"2024-09-17T14:11:59","slug":"gestion-collaborateurs-menace-daddiction","status":"publish","type":"product","link":"https:\/\/lyrawellbeing.ch\/fr\/shop\/produits-lyra-wellbeing-academy\/gestion-collaborateurs-menace-daddiction\/","title":{"rendered":"G\u00e9rer les employ\u00e9s sujets aux addictions"},"content":{"rendered":"","protected":false},"excerpt":{"rendered":"<p>La d\u00e9tection des risques de d\u00e9pendance chez un employ\u00e9 ainsi que le soutien apport\u00e9 \u00e0 ce dernier repr\u00e9sentent par cons\u00e9quent deux \u00e9l\u00e9ments essentiels de la pr\u00e9vention interne en mati\u00e8re de sant\u00e9. Mais comment r\u00e9agir lorsqu\u2018un employ\u00e9 est soup\u00e7onn\u00e9 d\u2018avoir un probl\u00e8me d\u2018addiction ? Dans ce cours, les participants d\u00e9couvriront les principaux m\u00e9canismes des maladies addictives, les risques et les cons\u00e9quences de l\u2018abus de substances et de l\u2018addiction comportementale, et la mani\u00e8re d\u2018identifier les probl\u00e8mes d\u2018addiction potentiels par le biais de mod\u00e8les comportementaux. Ainsi, ils apprendront les meilleures proc\u00e9dures pour soutenir les employ\u00e9s susceptibles de souffrir d\u2018une addiction ou qui en souffrent d\u00e9j\u00e0, dans le cadre des possibilit\u00e9s de l\u2018entreprise.<\/p>\n","protected":false},"featured_media":2252,"template":"","meta":[],"product_brand":[],"product_cat":[123],"product_tag":[],"class_list":{"0":"post-3100","1":"product","2":"type-product","3":"status-publish","4":"has-post-thumbnail","6":"product_cat-produits-lyra-wellbeing-academy","8":"first","9":"instock","10":"taxable","11":"shipping-taxable","12":"purchasable","13":"product-type-variable"},"acf":[],"yoast_head":"<!-- This site is optimized with the Yoast SEO plugin v26.3 - https:\/\/yoast.com\/wordpress\/plugins\/seo\/ -->\n<title>G\u00e9rer les employ\u00e9s sujets aux addictions | Lyra Schweiz GmbH<\/title>\n<meta name=\"robots\" content=\"index, follow, max-snippet:-1, max-image-preview:large, max-video-preview:-1\" \/>\n<link rel=\"canonical\" href=\"https:\/\/lyrawellbeing.ch\/fr\/shop\/produits-lyra-wellbeing-academy\/gestion-collaborateurs-menace-daddiction\/\" \/>\n<meta property=\"og:locale\" content=\"fr_FR\" \/>\n<meta property=\"og:type\" content=\"article\" \/>\n<meta property=\"og:title\" content=\"G\u00e9rer les employ\u00e9s sujets aux addictions | Lyra Schweiz GmbH\" \/>\n<meta property=\"og:description\" content=\"La d\u00e9tection des risques de d\u00e9pendance chez un employ\u00e9 ainsi que le soutien apport\u00e9 \u00e0 ce dernier repr\u00e9sentent par cons\u00e9quent deux \u00e9l\u00e9ments essentiels de la pr\u00e9vention interne en mati\u00e8re de sant\u00e9. Mais comment r\u00e9agir lorsqu\u2018un employ\u00e9 est soup\u00e7onn\u00e9 d\u2018avoir un probl\u00e8me d\u2018addiction ? Dans ce cours, les participants d\u00e9couvriront les principaux m\u00e9canismes des maladies addictives, les risques et les cons\u00e9quences de l\u2018abus de substances et de l\u2018addiction comportementale, et la mani\u00e8re d\u2018identifier les probl\u00e8mes d\u2018addiction potentiels par le biais de mod\u00e8les comportementaux. Ainsi, ils apprendront les meilleures proc\u00e9dures pour soutenir les employ\u00e9s susceptibles de souffrir d\u2018une addiction ou qui en souffrent d\u00e9j\u00e0, dans le cadre des possibilit\u00e9s de l\u2018entreprise.\" \/>\n<meta property=\"og:url\" content=\"https:\/\/lyrawellbeing.ch\/fr\/shop\/produits-lyra-wellbeing-academy\/gestion-collaborateurs-menace-daddiction\/\" \/>\n<meta property=\"og:site_name\" content=\"Lyra Schweiz GmbH\" \/>\n<meta property=\"article:modified_time\" content=\"2024-09-17T14:11:59+00:00\" \/>\n<meta property=\"og:image\" content=\"https:\/\/lyrawellbeing.ch\/wp-content\/uploads\/2019\/06\/istockphoto-880860758-2048x2048.jpg\" \/>\n\t<meta property=\"og:image:width\" content=\"1400\" \/>\n\t<meta property=\"og:image:height\" content=\"932\" \/>\n\t<meta property=\"og:image:type\" content=\"image\/jpeg\" \/>\n<meta name=\"twitter:card\" content=\"summary_large_image\" \/>\n<script type=\"application\/ld+json\" class=\"yoast-schema-graph\">{\"@context\":\"https:\/\/schema.org\",\"@graph\":[{\"@type\":\"WebPage\",\"@id\":\"https:\/\/lyrawellbeing.ch\/fr\/shop\/produits-lyra-wellbeing-academy\/gestion-collaborateurs-menace-daddiction\/\",\"url\":\"https:\/\/lyrawellbeing.ch\/fr\/shop\/produits-lyra-wellbeing-academy\/gestion-collaborateurs-menace-daddiction\/\",\"name\":\"G\u00e9rer les employ\u00e9s sujets aux addictions | Lyra Schweiz GmbH\",\"isPartOf\":{\"@id\":\"https:\/\/lyrawellbeing.ch\/fr\/#website\"},\"primaryImageOfPage\":{\"@id\":\"https:\/\/lyrawellbeing.ch\/fr\/shop\/produits-lyra-wellbeing-academy\/gestion-collaborateurs-menace-daddiction\/#primaryimage\"},\"image\":{\"@id\":\"https:\/\/lyrawellbeing.ch\/fr\/shop\/produits-lyra-wellbeing-academy\/gestion-collaborateurs-menace-daddiction\/#primaryimage\"},\"thumbnailUrl\":\"\/wp-content\/uploads\/2019\/06\/istockphoto-880860758-2048x2048.jpg\",\"datePublished\":\"2019-06-21T07:12:28+00:00\",\"dateModified\":\"2024-09-17T14:11:59+00:00\",\"breadcrumb\":{\"@id\":\"https:\/\/lyrawellbeing.ch\/fr\/shop\/produits-lyra-wellbeing-academy\/gestion-collaborateurs-menace-daddiction\/#breadcrumb\"},\"inLanguage\":\"fr-FR\",\"potentialAction\":[{\"@type\":\"ReadAction\",\"target\":[\"https:\/\/lyrawellbeing.ch\/fr\/shop\/produits-lyra-wellbeing-academy\/gestion-collaborateurs-menace-daddiction\/\"]}]},{\"@type\":\"ImageObject\",\"inLanguage\":\"fr-FR\",\"@id\":\"https:\/\/lyrawellbeing.ch\/fr\/shop\/produits-lyra-wellbeing-academy\/gestion-collaborateurs-menace-daddiction\/#primaryimage\",\"url\":\"\/wp-content\/uploads\/2019\/06\/istockphoto-880860758-2048x2048.jpg\",\"contentUrl\":\"\/wp-content\/uploads\/2019\/06\/istockphoto-880860758-2048x2048.jpg\",\"width\":1400,\"height\":932,\"caption\":\"Alcoholism or drinking problem concept. Alcoholic with vodka bottle on table. Man and alcohol late at night. Drunk at work or in home office.\"},{\"@type\":\"BreadcrumbList\",\"@id\":\"https:\/\/lyrawellbeing.ch\/fr\/shop\/produits-lyra-wellbeing-academy\/gestion-collaborateurs-menace-daddiction\/#breadcrumb\",\"itemListElement\":[{\"@type\":\"ListItem\",\"position\":1,\"name\":\"Home\",\"item\":\"https:\/\/lyrawellbeing.ch\/fr\/\"},{\"@type\":\"ListItem\",\"position\":2,\"name\":\"Shop\",\"item\":\"https:\/\/lyrawellbeing.ch\/fr\/shop\/\"},{\"@type\":\"ListItem\",\"position\":3,\"name\":\"G\u00e9rer les employ\u00e9s sujets aux addictions\"}]},{\"@type\":\"WebSite\",\"@id\":\"https:\/\/lyrawellbeing.ch\/fr\/#website\",\"url\":\"https:\/\/lyrawellbeing.ch\/fr\/\",\"name\":\"Lyra Schweiz GmbH\",\"description\":\"\",\"potentialAction\":[{\"@type\":\"SearchAction\",\"target\":{\"@type\":\"EntryPoint\",\"urlTemplate\":\"https:\/\/lyrawellbeing.ch\/fr\/?s={search_term_string}\"},\"query-input\":{\"@type\":\"PropertyValueSpecification\",\"valueRequired\":true,\"valueName\":\"search_term_string\"}}],\"inLanguage\":\"fr-FR\"}]}<\/script>\n<!-- \/ Yoast SEO plugin. -->","yoast_head_json":{"title":"G\u00e9rer les employ\u00e9s sujets aux addictions | Lyra Schweiz GmbH","robots":{"index":"index","follow":"follow","max-snippet":"max-snippet:-1","max-image-preview":"max-image-preview:large","max-video-preview":"max-video-preview:-1"},"canonical":"https:\/\/lyrawellbeing.ch\/fr\/shop\/produits-lyra-wellbeing-academy\/gestion-collaborateurs-menace-daddiction\/","og_locale":"fr_FR","og_type":"article","og_title":"G\u00e9rer les employ\u00e9s sujets aux addictions | Lyra Schweiz GmbH","og_description":"La d\u00e9tection des risques de d\u00e9pendance chez un employ\u00e9 ainsi que le soutien apport\u00e9 \u00e0 ce dernier repr\u00e9sentent par cons\u00e9quent deux \u00e9l\u00e9ments essentiels de la pr\u00e9vention interne en mati\u00e8re de sant\u00e9. Mais comment r\u00e9agir lorsqu\u2018un employ\u00e9 est soup\u00e7onn\u00e9 d\u2018avoir un probl\u00e8me d\u2018addiction ? Dans ce cours, les participants d\u00e9couvriront les principaux m\u00e9canismes des maladies addictives, les risques et les cons\u00e9quences de l\u2018abus de substances et de l\u2018addiction comportementale, et la mani\u00e8re d\u2018identifier les probl\u00e8mes d\u2018addiction potentiels par le biais de mod\u00e8les comportementaux. Ainsi, ils apprendront les meilleures proc\u00e9dures pour soutenir les employ\u00e9s susceptibles de souffrir d\u2018une addiction ou qui en souffrent d\u00e9j\u00e0, dans le cadre des possibilit\u00e9s de l\u2018entreprise.","og_url":"https:\/\/lyrawellbeing.ch\/fr\/shop\/produits-lyra-wellbeing-academy\/gestion-collaborateurs-menace-daddiction\/","og_site_name":"Lyra Schweiz GmbH","article_modified_time":"2024-09-17T14:11:59+00:00","og_image":[{"width":1400,"height":932,"url":"https:\/\/lyrawellbeing.ch\/wp-content\/uploads\/2019\/06\/istockphoto-880860758-2048x2048.jpg","type":"image\/jpeg"}],"twitter_card":"summary_large_image","schema":{"@context":"https:\/\/schema.org","@graph":[{"@type":"WebPage","@id":"https:\/\/lyrawellbeing.ch\/fr\/shop\/produits-lyra-wellbeing-academy\/gestion-collaborateurs-menace-daddiction\/","url":"https:\/\/lyrawellbeing.ch\/fr\/shop\/produits-lyra-wellbeing-academy\/gestion-collaborateurs-menace-daddiction\/","name":"G\u00e9rer les employ\u00e9s sujets aux addictions | Lyra Schweiz GmbH","isPartOf":{"@id":"https:\/\/lyrawellbeing.ch\/fr\/#website"},"primaryImageOfPage":{"@id":"https:\/\/lyrawellbeing.ch\/fr\/shop\/produits-lyra-wellbeing-academy\/gestion-collaborateurs-menace-daddiction\/#primaryimage"},"image":{"@id":"https:\/\/lyrawellbeing.ch\/fr\/shop\/produits-lyra-wellbeing-academy\/gestion-collaborateurs-menace-daddiction\/#primaryimage"},"thumbnailUrl":"\/wp-content\/uploads\/2019\/06\/istockphoto-880860758-2048x2048.jpg","datePublished":"2019-06-21T07:12:28+00:00","dateModified":"2024-09-17T14:11:59+00:00","breadcrumb":{"@id":"https:\/\/lyrawellbeing.ch\/fr\/shop\/produits-lyra-wellbeing-academy\/gestion-collaborateurs-menace-daddiction\/#breadcrumb"},"inLanguage":"fr-FR","potentialAction":[{"@type":"ReadAction","target":["https:\/\/lyrawellbeing.ch\/fr\/shop\/produits-lyra-wellbeing-academy\/gestion-collaborateurs-menace-daddiction\/"]}]},{"@type":"ImageObject","inLanguage":"fr-FR","@id":"https:\/\/lyrawellbeing.ch\/fr\/shop\/produits-lyra-wellbeing-academy\/gestion-collaborateurs-menace-daddiction\/#primaryimage","url":"\/wp-content\/uploads\/2019\/06\/istockphoto-880860758-2048x2048.jpg","contentUrl":"\/wp-content\/uploads\/2019\/06\/istockphoto-880860758-2048x2048.jpg","width":1400,"height":932,"caption":"Alcoholism or drinking problem concept. Alcoholic with vodka bottle on table. Man and alcohol late at night. Drunk at work or in home office."},{"@type":"BreadcrumbList","@id":"https:\/\/lyrawellbeing.ch\/fr\/shop\/produits-lyra-wellbeing-academy\/gestion-collaborateurs-menace-daddiction\/#breadcrumb","itemListElement":[{"@type":"ListItem","position":1,"name":"Home","item":"https:\/\/lyrawellbeing.ch\/fr\/"},{"@type":"ListItem","position":2,"name":"Shop","item":"https:\/\/lyrawellbeing.ch\/fr\/shop\/"},{"@type":"ListItem","position":3,"name":"G\u00e9rer les employ\u00e9s sujets aux addictions"}]},{"@type":"WebSite","@id":"https:\/\/lyrawellbeing.ch\/fr\/#website","url":"https:\/\/lyrawellbeing.ch\/fr\/","name":"Lyra Schweiz GmbH","description":"","potentialAction":[{"@type":"SearchAction","target":{"@type":"EntryPoint","urlTemplate":"https:\/\/lyrawellbeing.ch\/fr\/?s={search_term_string}"},"query-input":{"@type":"PropertyValueSpecification","valueRequired":true,"valueName":"search_term_string"}}],"inLanguage":"fr-FR"}]}},"_links":{"self":[{"href":"https:\/\/lyrawellbeing.ch\/fr\/wp-json\/wp\/v2\/product\/3100","targetHints":{"allow":["GET"]}}],"collection":[{"href":"https:\/\/lyrawellbeing.ch\/fr\/wp-json\/wp\/v2\/product"}],"about":[{"href":"https:\/\/lyrawellbeing.ch\/fr\/wp-json\/wp\/v2\/types\/product"}],"wp:featuredmedia":[{"embeddable":true,"href":"https:\/\/lyrawellbeing.ch\/fr\/wp-json\/wp\/v2\/media\/2252"}],"wp:attachment":[{"href":"https:\/\/lyrawellbeing.ch\/fr\/wp-json\/wp\/v2\/media?parent=3100"}],"wp:term":[{"taxonomy":"product_brand","embeddable":true,"href":"https:\/\/lyrawellbeing.ch\/fr\/wp-json\/wp\/v2\/product_brand?post=3100"},{"taxonomy":"product_cat","embeddable":true,"href":"https:\/\/lyrawellbeing.ch\/fr\/wp-json\/wp\/v2\/product_cat?post=3100"},{"taxonomy":"product_tag","embeddable":true,"href":"https:\/\/lyrawellbeing.ch\/fr\/wp-json\/wp\/v2\/product_tag?post=3100"}],"curies":[{"name":"wp","href":"https:\/\/api.w.org\/{rel}","templated":true}]}}