{"id":3116,"date":"2019-06-21T09:05:51","date_gmt":"2019-06-21T07:05:51","guid":{"rendered":"http:\/\/20.77.7.22\/shop\/non%20class\u00e9\/achtsamkeit\/"},"modified":"2024-09-17T16:18:10","modified_gmt":"2024-09-17T14:18:10","slug":"pleine-conscience","status":"publish","type":"product","link":"https:\/\/lyrawellbeing.ch\/fr\/shop\/produits-lyra-wellbeing-academy\/pleine-conscience\/","title":{"rendered":"Pleine Conscience"},"content":{"rendered":"","protected":false},"excerpt":{"rendered":"<p>La pleine conscience consiste \u00e0 vivre dans le moment pr\u00e9sent, \u00e0 appr\u00e9cier l\u2019ici et le maintenant sans jugement. L\u2019objectif de nos s\u00e9minaires est de combiner la th\u00e9orie et la pratique de la pleine conscience, par exemple avec des exercices de respiration et de m\u00e9ditation.<\/p>\n","protected":false},"featured_media":2228,"template":"","meta":[],"product_brand":[],"product_cat":[123],"product_tag":[],"class_list":{"0":"post-3116","1":"product","2":"type-product","3":"status-publish","4":"has-post-thumbnail","6":"product_cat-produits-lyra-wellbeing-academy","8":"first","9":"instock","10":"taxable","11":"shipping-taxable","12":"purchasable","13":"product-type-variable"},"acf":[],"yoast_head":"<!-- This site is optimized with the Yoast SEO plugin v27.3 - https:\/\/yoast.com\/product\/yoast-seo-wordpress\/ -->\n<title>Pleine Conscience | Lyra Schweiz GmbH<\/title>\n<meta name=\"robots\" content=\"index, follow, max-snippet:-1, max-image-preview:large, max-video-preview:-1\" \/>\n<link rel=\"canonical\" href=\"https:\/\/lyrawellbeing.ch\/fr\/shop\/produits-lyra-wellbeing-academy\/pleine-conscience\/\" \/>\n<meta property=\"og:locale\" content=\"fr_FR\" \/>\n<meta property=\"og:type\" content=\"article\" \/>\n<meta property=\"og:title\" content=\"Pleine Conscience | Lyra Schweiz GmbH\" \/>\n<meta property=\"og:description\" content=\"La pleine conscience consiste \u00e0 vivre dans le moment pr\u00e9sent, \u00e0 appr\u00e9cier l\u2019ici et le maintenant sans jugement. L\u2019objectif de nos s\u00e9minaires est de combiner la th\u00e9orie et la pratique de la pleine conscience, par exemple avec des exercices de respiration et de m\u00e9ditation.\" \/>\n<meta property=\"og:url\" content=\"https:\/\/lyrawellbeing.ch\/fr\/shop\/produits-lyra-wellbeing-academy\/pleine-conscience\/\" \/>\n<meta property=\"og:site_name\" content=\"Lyra Schweiz GmbH\" \/>\n<meta property=\"article:modified_time\" content=\"2024-09-17T14:18:10+00:00\" \/>\n<meta property=\"og:image\" content=\"https:\/\/lyrawellbeing.ch\/wp-content\/uploads\/2019\/06\/istockphoto-950216224-2048x2048.jpg\" \/>\n\t<meta property=\"og:image:width\" content=\"1755\" \/>\n\t<meta property=\"og:image:height\" content=\"1080\" \/>\n\t<meta property=\"og:image:type\" content=\"image\/jpeg\" \/>\n<meta name=\"twitter:card\" content=\"summary_large_image\" \/>\n<script type=\"application\/ld+json\" class=\"yoast-schema-graph\">{\"@context\":\"https:\\\/\\\/schema.org\",\"@graph\":[{\"@type\":\"WebPage\",\"@id\":\"https:\\\/\\\/lyrawellbeing.ch\\\/fr\\\/shop\\\/produits-lyra-wellbeing-academy\\\/pleine-conscience\\\/\",\"url\":\"https:\\\/\\\/lyrawellbeing.ch\\\/fr\\\/shop\\\/produits-lyra-wellbeing-academy\\\/pleine-conscience\\\/\",\"name\":\"Pleine Conscience | Lyra Schweiz GmbH\",\"isPartOf\":{\"@id\":\"https:\\\/\\\/lyrawellbeing.ch\\\/fr\\\/#website\"},\"primaryImageOfPage\":{\"@id\":\"https:\\\/\\\/lyrawellbeing.ch\\\/fr\\\/shop\\\/produits-lyra-wellbeing-academy\\\/pleine-conscience\\\/#primaryimage\"},\"image\":{\"@id\":\"https:\\\/\\\/lyrawellbeing.ch\\\/fr\\\/shop\\\/produits-lyra-wellbeing-academy\\\/pleine-conscience\\\/#primaryimage\"},\"thumbnailUrl\":\"\\\/wp-content\\\/uploads\\\/2019\\\/06\\\/istockphoto-950216224-2048x2048.jpg\",\"datePublished\":\"2019-06-21T07:05:51+00:00\",\"dateModified\":\"2024-09-17T14:18:10+00:00\",\"breadcrumb\":{\"@id\":\"https:\\\/\\\/lyrawellbeing.ch\\\/fr\\\/shop\\\/produits-lyra-wellbeing-academy\\\/pleine-conscience\\\/#breadcrumb\"},\"inLanguage\":\"fr-FR\",\"potentialAction\":[{\"@type\":\"ReadAction\",\"target\":[\"https:\\\/\\\/lyrawellbeing.ch\\\/fr\\\/shop\\\/produits-lyra-wellbeing-academy\\\/pleine-conscience\\\/\"]}]},{\"@type\":\"ImageObject\",\"inLanguage\":\"fr-FR\",\"@id\":\"https:\\\/\\\/lyrawellbeing.ch\\\/fr\\\/shop\\\/produits-lyra-wellbeing-academy\\\/pleine-conscience\\\/#primaryimage\",\"url\":\"\\\/wp-content\\\/uploads\\\/2019\\\/06\\\/istockphoto-950216224-2048x2048.jpg\",\"contentUrl\":\"\\\/wp-content\\\/uploads\\\/2019\\\/06\\\/istockphoto-950216224-2048x2048.jpg\",\"width\":1755,\"height\":1080,\"caption\":\"Creative thinking ideas brain innovation concept. Light bulb on yellow background\"},{\"@type\":\"BreadcrumbList\",\"@id\":\"https:\\\/\\\/lyrawellbeing.ch\\\/fr\\\/shop\\\/produits-lyra-wellbeing-academy\\\/pleine-conscience\\\/#breadcrumb\",\"itemListElement\":[{\"@type\":\"ListItem\",\"position\":1,\"name\":\"Home\",\"item\":\"https:\\\/\\\/lyrawellbeing.ch\\\/fr\\\/\"},{\"@type\":\"ListItem\",\"position\":2,\"name\":\"Shop\",\"item\":\"https:\\\/\\\/lyrawellbeing.ch\\\/fr\\\/shop\\\/\"},{\"@type\":\"ListItem\",\"position\":3,\"name\":\"Pleine Conscience\"}]},{\"@type\":\"WebSite\",\"@id\":\"https:\\\/\\\/lyrawellbeing.ch\\\/fr\\\/#website\",\"url\":\"https:\\\/\\\/lyrawellbeing.ch\\\/fr\\\/\",\"name\":\"Lyra Schweiz GmbH\",\"description\":\"\",\"potentialAction\":[{\"@type\":\"SearchAction\",\"target\":{\"@type\":\"EntryPoint\",\"urlTemplate\":\"https:\\\/\\\/lyrawellbeing.ch\\\/fr\\\/?s={search_term_string}\"},\"query-input\":{\"@type\":\"PropertyValueSpecification\",\"valueRequired\":true,\"valueName\":\"search_term_string\"}}],\"inLanguage\":\"fr-FR\"}]}<\/script>\n<!-- \/ Yoast SEO plugin. -->","yoast_head_json":{"title":"Pleine Conscience | Lyra Schweiz GmbH","robots":{"index":"index","follow":"follow","max-snippet":"max-snippet:-1","max-image-preview":"max-image-preview:large","max-video-preview":"max-video-preview:-1"},"canonical":"https:\/\/lyrawellbeing.ch\/fr\/shop\/produits-lyra-wellbeing-academy\/pleine-conscience\/","og_locale":"fr_FR","og_type":"article","og_title":"Pleine Conscience | Lyra Schweiz GmbH","og_description":"La pleine conscience consiste \u00e0 vivre dans le moment pr\u00e9sent, \u00e0 appr\u00e9cier l\u2019ici et le maintenant sans jugement. L\u2019objectif de nos s\u00e9minaires est de combiner la th\u00e9orie et la pratique de la pleine conscience, par exemple avec des exercices de respiration et de m\u00e9ditation.","og_url":"https:\/\/lyrawellbeing.ch\/fr\/shop\/produits-lyra-wellbeing-academy\/pleine-conscience\/","og_site_name":"Lyra Schweiz GmbH","article_modified_time":"2024-09-17T14:18:10+00:00","og_image":[{"width":1755,"height":1080,"url":"https:\/\/lyrawellbeing.ch\/wp-content\/uploads\/2019\/06\/istockphoto-950216224-2048x2048.jpg","type":"image\/jpeg"}],"twitter_card":"summary_large_image","schema":{"@context":"https:\/\/schema.org","@graph":[{"@type":"WebPage","@id":"https:\/\/lyrawellbeing.ch\/fr\/shop\/produits-lyra-wellbeing-academy\/pleine-conscience\/","url":"https:\/\/lyrawellbeing.ch\/fr\/shop\/produits-lyra-wellbeing-academy\/pleine-conscience\/","name":"Pleine Conscience | Lyra Schweiz GmbH","isPartOf":{"@id":"https:\/\/lyrawellbeing.ch\/fr\/#website"},"primaryImageOfPage":{"@id":"https:\/\/lyrawellbeing.ch\/fr\/shop\/produits-lyra-wellbeing-academy\/pleine-conscience\/#primaryimage"},"image":{"@id":"https:\/\/lyrawellbeing.ch\/fr\/shop\/produits-lyra-wellbeing-academy\/pleine-conscience\/#primaryimage"},"thumbnailUrl":"\/wp-content\/uploads\/2019\/06\/istockphoto-950216224-2048x2048.jpg","datePublished":"2019-06-21T07:05:51+00:00","dateModified":"2024-09-17T14:18:10+00:00","breadcrumb":{"@id":"https:\/\/lyrawellbeing.ch\/fr\/shop\/produits-lyra-wellbeing-academy\/pleine-conscience\/#breadcrumb"},"inLanguage":"fr-FR","potentialAction":[{"@type":"ReadAction","target":["https:\/\/lyrawellbeing.ch\/fr\/shop\/produits-lyra-wellbeing-academy\/pleine-conscience\/"]}]},{"@type":"ImageObject","inLanguage":"fr-FR","@id":"https:\/\/lyrawellbeing.ch\/fr\/shop\/produits-lyra-wellbeing-academy\/pleine-conscience\/#primaryimage","url":"\/wp-content\/uploads\/2019\/06\/istockphoto-950216224-2048x2048.jpg","contentUrl":"\/wp-content\/uploads\/2019\/06\/istockphoto-950216224-2048x2048.jpg","width":1755,"height":1080,"caption":"Creative thinking ideas brain innovation concept. Light bulb on yellow background"},{"@type":"BreadcrumbList","@id":"https:\/\/lyrawellbeing.ch\/fr\/shop\/produits-lyra-wellbeing-academy\/pleine-conscience\/#breadcrumb","itemListElement":[{"@type":"ListItem","position":1,"name":"Home","item":"https:\/\/lyrawellbeing.ch\/fr\/"},{"@type":"ListItem","position":2,"name":"Shop","item":"https:\/\/lyrawellbeing.ch\/fr\/shop\/"},{"@type":"ListItem","position":3,"name":"Pleine Conscience"}]},{"@type":"WebSite","@id":"https:\/\/lyrawellbeing.ch\/fr\/#website","url":"https:\/\/lyrawellbeing.ch\/fr\/","name":"Lyra Schweiz GmbH","description":"","potentialAction":[{"@type":"SearchAction","target":{"@type":"EntryPoint","urlTemplate":"https:\/\/lyrawellbeing.ch\/fr\/?s={search_term_string}"},"query-input":{"@type":"PropertyValueSpecification","valueRequired":true,"valueName":"search_term_string"}}],"inLanguage":"fr-FR"}]}},"_links":{"self":[{"href":"https:\/\/lyrawellbeing.ch\/fr\/wp-json\/wp\/v2\/product\/3116","targetHints":{"allow":["GET"]}}],"collection":[{"href":"https:\/\/lyrawellbeing.ch\/fr\/wp-json\/wp\/v2\/product"}],"about":[{"href":"https:\/\/lyrawellbeing.ch\/fr\/wp-json\/wp\/v2\/types\/product"}],"wp:featuredmedia":[{"embeddable":true,"href":"https:\/\/lyrawellbeing.ch\/fr\/wp-json\/wp\/v2\/media\/2228"}],"wp:attachment":[{"href":"https:\/\/lyrawellbeing.ch\/fr\/wp-json\/wp\/v2\/media?parent=3116"}],"wp:term":[{"taxonomy":"product_brand","embeddable":true,"href":"https:\/\/lyrawellbeing.ch\/fr\/wp-json\/wp\/v2\/product_brand?post=3116"},{"taxonomy":"product_cat","embeddable":true,"href":"https:\/\/lyrawellbeing.ch\/fr\/wp-json\/wp\/v2\/product_cat?post=3116"},{"taxonomy":"product_tag","embeddable":true,"href":"https:\/\/lyrawellbeing.ch\/fr\/wp-json\/wp\/v2\/product_tag?post=3116"}],"curies":[{"name":"wp","href":"https:\/\/api.w.org\/{rel}","templated":true}]}}