{"id":3156,"date":"2019-06-21T07:39:44","date_gmt":"2019-06-21T05:39:44","guid":{"rendered":"http:\/\/20.77.7.22\/shop\/non%20class\u00e9\/stress-management\/"},"modified":"2024-09-17T14:53:37","modified_gmt":"2024-09-17T12:53:37","slug":"gestion-du-stress","status":"publish","type":"product","link":"https:\/\/lyrawellbeing.ch\/fr\/shop\/produits-lyra-wellbeing-academy\/gestion-du-stress\/","title":{"rendered":"Gestion du stress"},"content":{"rendered":"","protected":false},"excerpt":{"rendered":"<p>Le stress permanent a un impact n\u00e9gatif sur la qualit\u00e9 du travail. Les participants d\u00e9couvrent comment na\u00eet le stress, quelles en sont les causes et les r\u00e9actions, et comment ils peuvent apprendre \u00e0 g\u00e9rer le stress de mani\u00e8re plus positive.<\/p>\n","protected":false},"featured_media":2226,"template":"","meta":[],"product_brand":[],"product_cat":[123],"product_tag":[],"class_list":{"0":"post-3156","1":"product","2":"type-product","3":"status-publish","4":"has-post-thumbnail","6":"product_cat-produits-lyra-wellbeing-academy","8":"first","9":"instock","10":"taxable","11":"shipping-taxable","12":"purchasable","13":"product-type-variable"},"acf":[],"yoast_head":"<!-- This site is optimized with the Yoast SEO plugin v27.3 - https:\/\/yoast.com\/product\/yoast-seo-wordpress\/ -->\n<title>Gestion du stress | Lyra Schweiz GmbH<\/title>\n<meta name=\"robots\" content=\"index, follow, max-snippet:-1, max-image-preview:large, max-video-preview:-1\" \/>\n<link rel=\"canonical\" href=\"https:\/\/lyrawellbeing.ch\/fr\/shop\/produits-lyra-wellbeing-academy\/gestion-du-stress\/\" \/>\n<meta property=\"og:locale\" content=\"fr_FR\" \/>\n<meta property=\"og:type\" content=\"article\" \/>\n<meta property=\"og:title\" content=\"Gestion du stress | Lyra Schweiz GmbH\" \/>\n<meta property=\"og:description\" content=\"Le stress permanent a un impact n\u00e9gatif sur la qualit\u00e9 du travail. Les participants d\u00e9couvrent comment na\u00eet le stress, quelles en sont les causes et les r\u00e9actions, et comment ils peuvent apprendre \u00e0 g\u00e9rer le stress de mani\u00e8re plus positive.\" \/>\n<meta property=\"og:url\" content=\"https:\/\/lyrawellbeing.ch\/fr\/shop\/produits-lyra-wellbeing-academy\/gestion-du-stress\/\" \/>\n<meta property=\"og:site_name\" content=\"Lyra Schweiz GmbH\" \/>\n<meta property=\"article:modified_time\" content=\"2024-09-17T12:53:37+00:00\" \/>\n<meta property=\"og:image\" content=\"https:\/\/lyrawellbeing.ch\/wp-content\/uploads\/2019\/06\/istockphoto-983707350-2048x2048.jpg\" \/>\n\t<meta property=\"og:image:width\" content=\"1620\" \/>\n\t<meta property=\"og:image:height\" content=\"1080\" \/>\n\t<meta property=\"og:image:type\" content=\"image\/jpeg\" \/>\n<meta name=\"twitter:card\" content=\"summary_large_image\" \/>\n<script type=\"application\/ld+json\" class=\"yoast-schema-graph\">{\"@context\":\"https:\\\/\\\/schema.org\",\"@graph\":[{\"@type\":\"WebPage\",\"@id\":\"https:\\\/\\\/lyrawellbeing.ch\\\/fr\\\/shop\\\/produits-lyra-wellbeing-academy\\\/gestion-du-stress\\\/\",\"url\":\"https:\\\/\\\/lyrawellbeing.ch\\\/fr\\\/shop\\\/produits-lyra-wellbeing-academy\\\/gestion-du-stress\\\/\",\"name\":\"Gestion du stress | Lyra Schweiz GmbH\",\"isPartOf\":{\"@id\":\"https:\\\/\\\/lyrawellbeing.ch\\\/fr\\\/#website\"},\"primaryImageOfPage\":{\"@id\":\"https:\\\/\\\/lyrawellbeing.ch\\\/fr\\\/shop\\\/produits-lyra-wellbeing-academy\\\/gestion-du-stress\\\/#primaryimage\"},\"image\":{\"@id\":\"https:\\\/\\\/lyrawellbeing.ch\\\/fr\\\/shop\\\/produits-lyra-wellbeing-academy\\\/gestion-du-stress\\\/#primaryimage\"},\"thumbnailUrl\":\"\\\/wp-content\\\/uploads\\\/2019\\\/06\\\/istockphoto-983707350-2048x2048.jpg\",\"datePublished\":\"2019-06-21T05:39:44+00:00\",\"dateModified\":\"2024-09-17T12:53:37+00:00\",\"breadcrumb\":{\"@id\":\"https:\\\/\\\/lyrawellbeing.ch\\\/fr\\\/shop\\\/produits-lyra-wellbeing-academy\\\/gestion-du-stress\\\/#breadcrumb\"},\"inLanguage\":\"fr-FR\",\"potentialAction\":[{\"@type\":\"ReadAction\",\"target\":[\"https:\\\/\\\/lyrawellbeing.ch\\\/fr\\\/shop\\\/produits-lyra-wellbeing-academy\\\/gestion-du-stress\\\/\"]}]},{\"@type\":\"ImageObject\",\"inLanguage\":\"fr-FR\",\"@id\":\"https:\\\/\\\/lyrawellbeing.ch\\\/fr\\\/shop\\\/produits-lyra-wellbeing-academy\\\/gestion-du-stress\\\/#primaryimage\",\"url\":\"\\\/wp-content\\\/uploads\\\/2019\\\/06\\\/istockphoto-983707350-2048x2048.jpg\",\"contentUrl\":\"\\\/wp-content\\\/uploads\\\/2019\\\/06\\\/istockphoto-983707350-2048x2048.jpg\",\"width\":1620,\"height\":1080,\"caption\":\"Simple life style relaxation with Asian working business woman healthy lifestyle take it easy resting in comfort hotel or home living room having free time with peace of mind and self health balance\"},{\"@type\":\"BreadcrumbList\",\"@id\":\"https:\\\/\\\/lyrawellbeing.ch\\\/fr\\\/shop\\\/produits-lyra-wellbeing-academy\\\/gestion-du-stress\\\/#breadcrumb\",\"itemListElement\":[{\"@type\":\"ListItem\",\"position\":1,\"name\":\"Home\",\"item\":\"https:\\\/\\\/lyrawellbeing.ch\\\/fr\\\/\"},{\"@type\":\"ListItem\",\"position\":2,\"name\":\"Shop\",\"item\":\"https:\\\/\\\/lyrawellbeing.ch\\\/fr\\\/shop\\\/\"},{\"@type\":\"ListItem\",\"position\":3,\"name\":\"Gestion du stress\"}]},{\"@type\":\"WebSite\",\"@id\":\"https:\\\/\\\/lyrawellbeing.ch\\\/fr\\\/#website\",\"url\":\"https:\\\/\\\/lyrawellbeing.ch\\\/fr\\\/\",\"name\":\"Lyra Schweiz GmbH\",\"description\":\"\",\"potentialAction\":[{\"@type\":\"SearchAction\",\"target\":{\"@type\":\"EntryPoint\",\"urlTemplate\":\"https:\\\/\\\/lyrawellbeing.ch\\\/fr\\\/?s={search_term_string}\"},\"query-input\":{\"@type\":\"PropertyValueSpecification\",\"valueRequired\":true,\"valueName\":\"search_term_string\"}}],\"inLanguage\":\"fr-FR\"}]}<\/script>\n<!-- \/ Yoast SEO plugin. -->","yoast_head_json":{"title":"Gestion du stress | Lyra Schweiz GmbH","robots":{"index":"index","follow":"follow","max-snippet":"max-snippet:-1","max-image-preview":"max-image-preview:large","max-video-preview":"max-video-preview:-1"},"canonical":"https:\/\/lyrawellbeing.ch\/fr\/shop\/produits-lyra-wellbeing-academy\/gestion-du-stress\/","og_locale":"fr_FR","og_type":"article","og_title":"Gestion du stress | Lyra Schweiz GmbH","og_description":"Le stress permanent a un impact n\u00e9gatif sur la qualit\u00e9 du travail. Les participants d\u00e9couvrent comment na\u00eet le stress, quelles en sont les causes et les r\u00e9actions, et comment ils peuvent apprendre \u00e0 g\u00e9rer le stress de mani\u00e8re plus positive.","og_url":"https:\/\/lyrawellbeing.ch\/fr\/shop\/produits-lyra-wellbeing-academy\/gestion-du-stress\/","og_site_name":"Lyra Schweiz GmbH","article_modified_time":"2024-09-17T12:53:37+00:00","og_image":[{"width":1620,"height":1080,"url":"https:\/\/lyrawellbeing.ch\/wp-content\/uploads\/2019\/06\/istockphoto-983707350-2048x2048.jpg","type":"image\/jpeg"}],"twitter_card":"summary_large_image","schema":{"@context":"https:\/\/schema.org","@graph":[{"@type":"WebPage","@id":"https:\/\/lyrawellbeing.ch\/fr\/shop\/produits-lyra-wellbeing-academy\/gestion-du-stress\/","url":"https:\/\/lyrawellbeing.ch\/fr\/shop\/produits-lyra-wellbeing-academy\/gestion-du-stress\/","name":"Gestion du stress | Lyra Schweiz GmbH","isPartOf":{"@id":"https:\/\/lyrawellbeing.ch\/fr\/#website"},"primaryImageOfPage":{"@id":"https:\/\/lyrawellbeing.ch\/fr\/shop\/produits-lyra-wellbeing-academy\/gestion-du-stress\/#primaryimage"},"image":{"@id":"https:\/\/lyrawellbeing.ch\/fr\/shop\/produits-lyra-wellbeing-academy\/gestion-du-stress\/#primaryimage"},"thumbnailUrl":"\/wp-content\/uploads\/2019\/06\/istockphoto-983707350-2048x2048.jpg","datePublished":"2019-06-21T05:39:44+00:00","dateModified":"2024-09-17T12:53:37+00:00","breadcrumb":{"@id":"https:\/\/lyrawellbeing.ch\/fr\/shop\/produits-lyra-wellbeing-academy\/gestion-du-stress\/#breadcrumb"},"inLanguage":"fr-FR","potentialAction":[{"@type":"ReadAction","target":["https:\/\/lyrawellbeing.ch\/fr\/shop\/produits-lyra-wellbeing-academy\/gestion-du-stress\/"]}]},{"@type":"ImageObject","inLanguage":"fr-FR","@id":"https:\/\/lyrawellbeing.ch\/fr\/shop\/produits-lyra-wellbeing-academy\/gestion-du-stress\/#primaryimage","url":"\/wp-content\/uploads\/2019\/06\/istockphoto-983707350-2048x2048.jpg","contentUrl":"\/wp-content\/uploads\/2019\/06\/istockphoto-983707350-2048x2048.jpg","width":1620,"height":1080,"caption":"Simple life style relaxation with Asian working business woman healthy lifestyle take it easy resting in comfort hotel or home living room having free time with peace of mind and self health balance"},{"@type":"BreadcrumbList","@id":"https:\/\/lyrawellbeing.ch\/fr\/shop\/produits-lyra-wellbeing-academy\/gestion-du-stress\/#breadcrumb","itemListElement":[{"@type":"ListItem","position":1,"name":"Home","item":"https:\/\/lyrawellbeing.ch\/fr\/"},{"@type":"ListItem","position":2,"name":"Shop","item":"https:\/\/lyrawellbeing.ch\/fr\/shop\/"},{"@type":"ListItem","position":3,"name":"Gestion du stress"}]},{"@type":"WebSite","@id":"https:\/\/lyrawellbeing.ch\/fr\/#website","url":"https:\/\/lyrawellbeing.ch\/fr\/","name":"Lyra Schweiz GmbH","description":"","potentialAction":[{"@type":"SearchAction","target":{"@type":"EntryPoint","urlTemplate":"https:\/\/lyrawellbeing.ch\/fr\/?s={search_term_string}"},"query-input":{"@type":"PropertyValueSpecification","valueRequired":true,"valueName":"search_term_string"}}],"inLanguage":"fr-FR"}]}},"_links":{"self":[{"href":"https:\/\/lyrawellbeing.ch\/fr\/wp-json\/wp\/v2\/product\/3156","targetHints":{"allow":["GET"]}}],"collection":[{"href":"https:\/\/lyrawellbeing.ch\/fr\/wp-json\/wp\/v2\/product"}],"about":[{"href":"https:\/\/lyrawellbeing.ch\/fr\/wp-json\/wp\/v2\/types\/product"}],"wp:featuredmedia":[{"embeddable":true,"href":"https:\/\/lyrawellbeing.ch\/fr\/wp-json\/wp\/v2\/media\/2226"}],"wp:attachment":[{"href":"https:\/\/lyrawellbeing.ch\/fr\/wp-json\/wp\/v2\/media?parent=3156"}],"wp:term":[{"taxonomy":"product_brand","embeddable":true,"href":"https:\/\/lyrawellbeing.ch\/fr\/wp-json\/wp\/v2\/product_brand?post=3156"},{"taxonomy":"product_cat","embeddable":true,"href":"https:\/\/lyrawellbeing.ch\/fr\/wp-json\/wp\/v2\/product_cat?post=3156"},{"taxonomy":"product_tag","embeddable":true,"href":"https:\/\/lyrawellbeing.ch\/fr\/wp-json\/wp\/v2\/product_tag?post=3156"}],"curies":[{"name":"wp","href":"https:\/\/api.w.org\/{rel}","templated":true}]}}