{"id":5693,"date":"2022-01-25T12:15:14","date_gmt":"2022-01-25T11:15:17","guid":{"rendered":"http:\/\/20.77.7.22\/?post_type=product&#038;p=5693"},"modified":"2024-09-17T12:53:48","modified_gmt":"2024-09-17T10:53:48","slug":"croissance-posttraumatique","status":"publish","type":"product","link":"https:\/\/lyrawellbeing.ch\/fr\/shop\/produits-lyra-wellbeing-academy\/croissance-posttraumatique\/","title":{"rendered":"Croissance posttraumatique"},"content":{"rendered":"","protected":false},"excerpt":{"rendered":"<p>Ce s\u00e9minaire permet aux participants d\u2019aborder la th\u00e9orie de la croissance post-traumatique qui souligne que la mise en oeuvre de certains principes et pratiques apr\u00e8s\u00a0 un accident, une crise ou un \u00e9v\u00e8nement traumatique peut contribuer \u00e0 un d\u00e9veloppement positif et \u00e0 une r\u00e9duction des risques sur la sant\u00e9 mentale.<\/p>\n","protected":false},"featured_media":5732,"template":"","meta":[],"product_brand":[],"product_cat":[123],"product_tag":[],"class_list":{"0":"post-5693","1":"product","2":"type-product","3":"status-publish","4":"has-post-thumbnail","6":"product_cat-produits-lyra-wellbeing-academy","8":"first","9":"instock","10":"taxable","11":"shipping-taxable","12":"purchasable","13":"product-type-variable"},"acf":[],"yoast_head":"<!-- This site is optimized with the Yoast SEO plugin v27.3 - https:\/\/yoast.com\/product\/yoast-seo-wordpress\/ -->\n<title>Croissance posttraumatique | Lyra Schweiz GmbH<\/title>\n<meta name=\"robots\" content=\"index, follow, max-snippet:-1, max-image-preview:large, max-video-preview:-1\" \/>\n<link rel=\"canonical\" href=\"https:\/\/lyrawellbeing.ch\/fr\/shop\/produits-lyra-wellbeing-academy\/croissance-posttraumatique\/\" \/>\n<meta property=\"og:locale\" content=\"fr_FR\" \/>\n<meta property=\"og:type\" content=\"article\" \/>\n<meta property=\"og:title\" content=\"Croissance posttraumatique | Lyra Schweiz GmbH\" \/>\n<meta property=\"og:description\" content=\"Ce s\u00e9minaire permet aux participants d\u2019aborder la th\u00e9orie de la croissance post-traumatique qui souligne que la mise en oeuvre de certains principes et pratiques apr\u00e8s\u00a0 un accident, une crise ou un \u00e9v\u00e8nement traumatique peut contribuer \u00e0 un d\u00e9veloppement positif et \u00e0 une r\u00e9duction des risques sur la sant\u00e9 mentale.\" \/>\n<meta property=\"og:url\" content=\"https:\/\/lyrawellbeing.ch\/fr\/shop\/produits-lyra-wellbeing-academy\/croissance-posttraumatique\/\" \/>\n<meta property=\"og:site_name\" content=\"Lyra Schweiz GmbH\" \/>\n<meta property=\"article:modified_time\" content=\"2024-09-17T10:53:48+00:00\" \/>\n<meta property=\"og:image\" content=\"https:\/\/lyrawellbeing.ch\/wp-content\/uploads\/2022\/01\/Posttraumatic-Growth_web-scaled-e1643116959676.jpg\" \/>\n\t<meta property=\"og:image:width\" content=\"1400\" \/>\n\t<meta property=\"og:image:height\" content=\"965\" \/>\n\t<meta property=\"og:image:type\" content=\"image\/jpeg\" \/>\n<meta name=\"twitter:card\" content=\"summary_large_image\" \/>\n<script type=\"application\/ld+json\" class=\"yoast-schema-graph\">{\"@context\":\"https:\\\/\\\/schema.org\",\"@graph\":[{\"@type\":\"WebPage\",\"@id\":\"https:\\\/\\\/lyrawellbeing.ch\\\/fr\\\/shop\\\/produits-lyra-wellbeing-academy\\\/croissance-posttraumatique\\\/\",\"url\":\"https:\\\/\\\/lyrawellbeing.ch\\\/fr\\\/shop\\\/produits-lyra-wellbeing-academy\\\/croissance-posttraumatique\\\/\",\"name\":\"Croissance posttraumatique | Lyra Schweiz GmbH\",\"isPartOf\":{\"@id\":\"https:\\\/\\\/lyrawellbeing.ch\\\/fr\\\/#website\"},\"primaryImageOfPage\":{\"@id\":\"https:\\\/\\\/lyrawellbeing.ch\\\/fr\\\/shop\\\/produits-lyra-wellbeing-academy\\\/croissance-posttraumatique\\\/#primaryimage\"},\"image\":{\"@id\":\"https:\\\/\\\/lyrawellbeing.ch\\\/fr\\\/shop\\\/produits-lyra-wellbeing-academy\\\/croissance-posttraumatique\\\/#primaryimage\"},\"thumbnailUrl\":\"\\\/wp-content\\\/uploads\\\/2022\\\/01\\\/Posttraumatic-Growth_web-scaled-e1643116959676.jpg\",\"datePublished\":\"2022-01-25T11:15:17+00:00\",\"dateModified\":\"2024-09-17T10:53:48+00:00\",\"breadcrumb\":{\"@id\":\"https:\\\/\\\/lyrawellbeing.ch\\\/fr\\\/shop\\\/produits-lyra-wellbeing-academy\\\/croissance-posttraumatique\\\/#breadcrumb\"},\"inLanguage\":\"fr-FR\",\"potentialAction\":[{\"@type\":\"ReadAction\",\"target\":[\"https:\\\/\\\/lyrawellbeing.ch\\\/fr\\\/shop\\\/produits-lyra-wellbeing-academy\\\/croissance-posttraumatique\\\/\"]}]},{\"@type\":\"ImageObject\",\"inLanguage\":\"fr-FR\",\"@id\":\"https:\\\/\\\/lyrawellbeing.ch\\\/fr\\\/shop\\\/produits-lyra-wellbeing-academy\\\/croissance-posttraumatique\\\/#primaryimage\",\"url\":\"\\\/wp-content\\\/uploads\\\/2022\\\/01\\\/Posttraumatic-Growth_web-scaled-e1643116959676.jpg\",\"contentUrl\":\"\\\/wp-content\\\/uploads\\\/2022\\\/01\\\/Posttraumatic-Growth_web-scaled-e1643116959676.jpg\",\"width\":1400,\"height\":965,\"caption\":\"Nature in change visible on a tree\"},{\"@type\":\"BreadcrumbList\",\"@id\":\"https:\\\/\\\/lyrawellbeing.ch\\\/fr\\\/shop\\\/produits-lyra-wellbeing-academy\\\/croissance-posttraumatique\\\/#breadcrumb\",\"itemListElement\":[{\"@type\":\"ListItem\",\"position\":1,\"name\":\"Home\",\"item\":\"https:\\\/\\\/lyrawellbeing.ch\\\/fr\\\/\"},{\"@type\":\"ListItem\",\"position\":2,\"name\":\"Shop\",\"item\":\"https:\\\/\\\/lyrawellbeing.ch\\\/fr\\\/shop\\\/\"},{\"@type\":\"ListItem\",\"position\":3,\"name\":\"Croissance posttraumatique\"}]},{\"@type\":\"WebSite\",\"@id\":\"https:\\\/\\\/lyrawellbeing.ch\\\/fr\\\/#website\",\"url\":\"https:\\\/\\\/lyrawellbeing.ch\\\/fr\\\/\",\"name\":\"Lyra Schweiz GmbH\",\"description\":\"\",\"potentialAction\":[{\"@type\":\"SearchAction\",\"target\":{\"@type\":\"EntryPoint\",\"urlTemplate\":\"https:\\\/\\\/lyrawellbeing.ch\\\/fr\\\/?s={search_term_string}\"},\"query-input\":{\"@type\":\"PropertyValueSpecification\",\"valueRequired\":true,\"valueName\":\"search_term_string\"}}],\"inLanguage\":\"fr-FR\"}]}<\/script>\n<!-- \/ Yoast SEO plugin. -->","yoast_head_json":{"title":"Croissance posttraumatique | Lyra Schweiz GmbH","robots":{"index":"index","follow":"follow","max-snippet":"max-snippet:-1","max-image-preview":"max-image-preview:large","max-video-preview":"max-video-preview:-1"},"canonical":"https:\/\/lyrawellbeing.ch\/fr\/shop\/produits-lyra-wellbeing-academy\/croissance-posttraumatique\/","og_locale":"fr_FR","og_type":"article","og_title":"Croissance posttraumatique | Lyra Schweiz GmbH","og_description":"Ce s\u00e9minaire permet aux participants d\u2019aborder la th\u00e9orie de la croissance post-traumatique qui souligne que la mise en oeuvre de certains principes et pratiques apr\u00e8s\u00a0 un accident, une crise ou un \u00e9v\u00e8nement traumatique peut contribuer \u00e0 un d\u00e9veloppement positif et \u00e0 une r\u00e9duction des risques sur la sant\u00e9 mentale.","og_url":"https:\/\/lyrawellbeing.ch\/fr\/shop\/produits-lyra-wellbeing-academy\/croissance-posttraumatique\/","og_site_name":"Lyra Schweiz GmbH","article_modified_time":"2024-09-17T10:53:48+00:00","og_image":[{"width":1400,"height":965,"url":"https:\/\/lyrawellbeing.ch\/wp-content\/uploads\/2022\/01\/Posttraumatic-Growth_web-scaled-e1643116959676.jpg","type":"image\/jpeg"}],"twitter_card":"summary_large_image","schema":{"@context":"https:\/\/schema.org","@graph":[{"@type":"WebPage","@id":"https:\/\/lyrawellbeing.ch\/fr\/shop\/produits-lyra-wellbeing-academy\/croissance-posttraumatique\/","url":"https:\/\/lyrawellbeing.ch\/fr\/shop\/produits-lyra-wellbeing-academy\/croissance-posttraumatique\/","name":"Croissance posttraumatique | Lyra Schweiz GmbH","isPartOf":{"@id":"https:\/\/lyrawellbeing.ch\/fr\/#website"},"primaryImageOfPage":{"@id":"https:\/\/lyrawellbeing.ch\/fr\/shop\/produits-lyra-wellbeing-academy\/croissance-posttraumatique\/#primaryimage"},"image":{"@id":"https:\/\/lyrawellbeing.ch\/fr\/shop\/produits-lyra-wellbeing-academy\/croissance-posttraumatique\/#primaryimage"},"thumbnailUrl":"\/wp-content\/uploads\/2022\/01\/Posttraumatic-Growth_web-scaled-e1643116959676.jpg","datePublished":"2022-01-25T11:15:17+00:00","dateModified":"2024-09-17T10:53:48+00:00","breadcrumb":{"@id":"https:\/\/lyrawellbeing.ch\/fr\/shop\/produits-lyra-wellbeing-academy\/croissance-posttraumatique\/#breadcrumb"},"inLanguage":"fr-FR","potentialAction":[{"@type":"ReadAction","target":["https:\/\/lyrawellbeing.ch\/fr\/shop\/produits-lyra-wellbeing-academy\/croissance-posttraumatique\/"]}]},{"@type":"ImageObject","inLanguage":"fr-FR","@id":"https:\/\/lyrawellbeing.ch\/fr\/shop\/produits-lyra-wellbeing-academy\/croissance-posttraumatique\/#primaryimage","url":"\/wp-content\/uploads\/2022\/01\/Posttraumatic-Growth_web-scaled-e1643116959676.jpg","contentUrl":"\/wp-content\/uploads\/2022\/01\/Posttraumatic-Growth_web-scaled-e1643116959676.jpg","width":1400,"height":965,"caption":"Nature in change visible on a tree"},{"@type":"BreadcrumbList","@id":"https:\/\/lyrawellbeing.ch\/fr\/shop\/produits-lyra-wellbeing-academy\/croissance-posttraumatique\/#breadcrumb","itemListElement":[{"@type":"ListItem","position":1,"name":"Home","item":"https:\/\/lyrawellbeing.ch\/fr\/"},{"@type":"ListItem","position":2,"name":"Shop","item":"https:\/\/lyrawellbeing.ch\/fr\/shop\/"},{"@type":"ListItem","position":3,"name":"Croissance posttraumatique"}]},{"@type":"WebSite","@id":"https:\/\/lyrawellbeing.ch\/fr\/#website","url":"https:\/\/lyrawellbeing.ch\/fr\/","name":"Lyra Schweiz GmbH","description":"","potentialAction":[{"@type":"SearchAction","target":{"@type":"EntryPoint","urlTemplate":"https:\/\/lyrawellbeing.ch\/fr\/?s={search_term_string}"},"query-input":{"@type":"PropertyValueSpecification","valueRequired":true,"valueName":"search_term_string"}}],"inLanguage":"fr-FR"}]}},"_links":{"self":[{"href":"https:\/\/lyrawellbeing.ch\/fr\/wp-json\/wp\/v2\/product\/5693","targetHints":{"allow":["GET"]}}],"collection":[{"href":"https:\/\/lyrawellbeing.ch\/fr\/wp-json\/wp\/v2\/product"}],"about":[{"href":"https:\/\/lyrawellbeing.ch\/fr\/wp-json\/wp\/v2\/types\/product"}],"wp:featuredmedia":[{"embeddable":true,"href":"https:\/\/lyrawellbeing.ch\/fr\/wp-json\/wp\/v2\/media\/5732"}],"wp:attachment":[{"href":"https:\/\/lyrawellbeing.ch\/fr\/wp-json\/wp\/v2\/media?parent=5693"}],"wp:term":[{"taxonomy":"product_brand","embeddable":true,"href":"https:\/\/lyrawellbeing.ch\/fr\/wp-json\/wp\/v2\/product_brand?post=5693"},{"taxonomy":"product_cat","embeddable":true,"href":"https:\/\/lyrawellbeing.ch\/fr\/wp-json\/wp\/v2\/product_cat?post=5693"},{"taxonomy":"product_tag","embeddable":true,"href":"https:\/\/lyrawellbeing.ch\/fr\/wp-json\/wp\/v2\/product_tag?post=5693"}],"curies":[{"name":"wp","href":"https:\/\/api.w.org\/{rel}","templated":true}]}}