{"id":5179,"date":"2021-10-13T16:09:36","date_gmt":"2021-10-13T14:09:36","guid":{"rendered":"http:\/\/20.77.7.22\/?page_id=5179"},"modified":"2025-03-18T14:13:14","modified_gmt":"2025-03-18T13:13:14","slug":"jobs","status":"publish","type":"page","link":"https:\/\/lyrawellbeing.ch\/it\/jobs\/","title":{"rendered":"Jobs"},"content":{"rendered":"<div id='av_section_1'  class='avia-section av-cs9wc8-9661becb052c6485236706f729c928b1 main_color avia-section-small avia-no-border-styling  avia-builder-el-0  el_before_av_section  avia-builder-el-first  ctm-break-point-ct ctm-full-padding avia-bg-style-scroll container_wrap fullsize'  ><div class='container av-section-cont-open' ><main  role=\"main\" itemprop=\"mainContentOfPage\"  class='template-page content  av-content-full alpha units'><div class='post-entry post-entry-type-page post-entry-5179'><div class='entry-content-wrapper clearfix'>\n<div class='flex_column_table av-ahufmw-bcf3f1e3023b7d0b526f1b532368846b sc-av_two_fifth av-equal-height-column-flextable'><div  class='flex_column av-ahufmw-bcf3f1e3023b7d0b526f1b532368846b av_two_fifth  avia-builder-el-1  el_before_av_three_fifth  avia-builder-el-first  ctm-break-point ctm-order-two first no_margin flex_column_table_cell av-equal-height-column av-align-middle  '     ><p>\n<style type=\"text\/css\" data-created_by=\"avia_inline_auto\" id=\"style-css-av-lygxx1az-795d688c3ced84ab6c2e23634c08b57e\">\n#top .av-special-heading.av-lygxx1az-795d688c3ced84ab6c2e23634c08b57e{\npadding-bottom:10px;\n}\nbody .av-special-heading.av-lygxx1az-795d688c3ced84ab6c2e23634c08b57e .av-special-heading-tag .heading-char{\nfont-size:25px;\n}\n#top #wrap_all .av-special-heading.av-lygxx1az-795d688c3ced84ab6c2e23634c08b57e .av-special-heading-tag{\npadding:0 0 10px 0;\n}\n.av-special-heading.av-lygxx1az-795d688c3ced84ab6c2e23634c08b57e .av-subheading{\nfont-size:15px;\n}\n\n@media only screen and (min-width: 768px) and (max-width: 989px){ \n#top #wrap_all .av-special-heading.av-lygxx1az-795d688c3ced84ab6c2e23634c08b57e .av-special-heading-tag{\nfont-size:30px;\n}\n}\n\n@media only screen and (min-width: 480px) and (max-width: 767px){ \n#top #wrap_all .av-special-heading.av-lygxx1az-795d688c3ced84ab6c2e23634c08b57e .av-special-heading-tag{\nfont-size:30px;\n}\n}\n\n@media only screen and (max-width: 479px){ \n#top #wrap_all .av-special-heading.av-lygxx1az-795d688c3ced84ab6c2e23634c08b57e .av-special-heading-tag{\nfont-size:30px;\n}\n}\n<\/style>\n<div  class='av-special-heading av-lygxx1az-795d688c3ced84ab6c2e23634c08b57e av-special-heading-h1 blockquote modern-quote  avia-builder-el-2  el_before_av_textblock  avia-builder-el-first  av-linked-heading'><h1 class='av-special-heading-tag'  itemprop=\"headline\"  >Jobs<\/h1><div class=\"special-heading-border\"><div class=\"special-heading-inner-border\"><\/div><\/div><\/div><br \/>\n<section  class='av_textblock_section av-lygxxaqa-c976663838987cedb4deb60e2d2d2d6a '   itemscope=\"itemscope\" itemtype=\"https:\/\/schema.org\/CreativeWork\" ><div class='avia_textblock'  itemprop=\"text\" ><p>Lyra \u00e8 un\u2019azienda leader di consulenza esterna per i lavoratori nel settore EAP (Employee Assistance Program, ossia Programma di Assistenza Dipendenti). Il nostro Support Center a Wallisellen, Svizzera, serve i 6 paesi Svizzera, Francia, Germania, Lussemburgo, Italia e Austria 24 ore su 24 e in quattro lingue. Oltre alla consulenza psicologica e al supporto per i dirigenti, la consulenza legale al telefono e la consulenza su questioni sociali giocano un ruolo importante. Altri servizi come l&#8217;executive coaching, i workshop, i seminari e gli interventi in caso di crisi completano la nostra offerta.<\/p>\n<\/div><\/section><\/p><\/div>\n<style type=\"text\/css\" data-created_by=\"avia_inline_auto\" id=\"style-css-av-9na1fs-eaf02498e840d3d9827d3ae4c36d56ce\">\n.avia_transform .flex_column.av-9na1fs-eaf02498e840d3d9827d3ae4c36d56ce{\nanimation-duration:2s;\n}\n<\/style>\n<div  class='flex_column av-9na1fs-eaf02498e840d3d9827d3ae4c36d56ce av_three_fifth  avia-builder-el-4  el_after_av_two_fifth  avia-builder-el-last  ctm-break-point no_margin flex_column_table_cell av-equal-height-column av-align-middle av-animated-generic right-to-left  '     ><style type=\"text\/css\" data-created_by=\"avia_inline_auto\" id=\"style-css-av-lygxxxru-b3cccebf9d3706b52b40267653dafd68\">\n.avia-image-container.av-lygxxxru-b3cccebf9d3706b52b40267653dafd68 img.avia_image{\nbox-shadow:none;\n}\n.avia-image-container.av-lygxxxru-b3cccebf9d3706b52b40267653dafd68 .av-image-caption-overlay-center{\ncolor:#ffffff;\n}\n<\/style>\n<div  class='avia-image-container av-lygxxxru-b3cccebf9d3706b52b40267653dafd68 av-styling- avia-align-center  avia-builder-el-5  avia-builder-el-no-sibling '   itemprop=\"image\" itemscope=\"itemscope\" itemtype=\"https:\/\/schema.org\/ImageObject\" ><div class=\"avia-image-container-inner\"><div class=\"avia-image-overlay-wrap\"><img decoding=\"async\" fetchpriority=\"high\" class='wp-image-8447 avia-img-lazy-loading-not-8447 avia_image ' src=\"\/wp-content\/uploads\/2024\/07\/Jobs.png\" alt='' title='Jobs'  height=\"903\" width=\"1280\"  itemprop=\"thumbnailUrl\" srcset=\"\/wp-content\/uploads\/2024\/07\/Jobs.png 1280w, \/wp-content\/uploads\/2024\/07\/Jobs-300x212.png 300w, \/wp-content\/uploads\/2024\/07\/Jobs-1030x727.png 1030w, \/wp-content\/uploads\/2024\/07\/Jobs-768x542.png 768w, \/wp-content\/uploads\/2024\/07\/Jobs-705x497.png 705w, \/wp-content\/uploads\/2024\/07\/Jobs-450x317.png 450w, \/wp-content\/uploads\/2024\/07\/Jobs-600x423.png 600w\" sizes=\"(max-width: 1280px) 100vw, 1280px\" \/><\/div><\/div><\/div><\/div><\/div><!--close column table wrapper. Autoclose: 1 -->\n\n<\/div><\/div><\/main><!-- close content main element --><\/div><\/div>\n<style type=\"text\/css\" data-created_by=\"avia_inline_auto\" id=\"style-css-av-gel988-b7c2e1ade48120746681c9501305100c\">\n.avia-section.av-gel988-b7c2e1ade48120746681c9501305100c{\nbackground-color:#ffffff;\nbackground-image:unset;\n}\n<\/style>\n<div id='av_section_2'  class='avia-section av-gel988-b7c2e1ade48120746681c9501305100c main_color avia-section-large avia-no-border-styling  avia-builder-el-6  el_after_av_section  avia-builder-el-last  ctm-break-point-ct avia-bg-style-scroll container_wrap fullsize'  ><div class='container av-section-cont-open' ><div class='template-page content  av-content-full alpha units'><div class='post-entry post-entry-type-page post-entry-5179'><div class='entry-content-wrapper clearfix'>\n<div class='flex_column_table av-ct0wk8-ebbc6a16fa91421d87a86aa71df67b49 sc-av_one_full av-equal-height-column-flextable'><div  class='flex_column av-ct0wk8-ebbc6a16fa91421d87a86aa71df67b49 av_one_full  avia-builder-el-7  el_before_av_one_half  avia-builder-el-first  first flex_column_table_cell av-equal-height-column av-align-middle  '     ><p>\n<style type=\"text\/css\" data-created_by=\"avia_inline_auto\" id=\"style-css-av-m16ls67r-b8ddcc481781da90cedd63975f901713\">\n#top .av_textblock_section.av-m16ls67r-b8ddcc481781da90cedd63975f901713 .avia_textblock{\ntext-align:left;\n}\n<\/style>\n<section  class='av_textblock_section av-m16ls67r-b8ddcc481781da90cedd63975f901713 '   itemscope=\"itemscope\" itemtype=\"https:\/\/schema.org\/CreativeWork\" ><div class='avia_textblock'  itemprop=\"text\" ><p>Ove richiesto, Lyra offre nel giro di pochi giorni e presso la sede del cliente un servizio di consulenza psicologica individuale e un intervento di gestione della crisi a breve termine.<\/p>\n<p>A seguito della continua crescita di Lyra al livello europeo, al fine di ampliare la rete di consulenti in Svizzera, Germania, Lussemburgo, Austria, Italia e Francia si ricercano<\/p>\n<p><strong>Psicologi psicoterapeuti e psicologi liberi professionisti per consulenze occasionali, a breve termine nel proprio studio<\/strong><\/p>\n<\/div><\/section><br \/>\n\n<style type=\"text\/css\" data-created_by=\"avia_inline_auto\" id=\"style-css-av-m16ltp2w-ede5aeb8b4b3668fcb2267fdba4e47dc\">\n#top .av_textblock_section.av-m16ltp2w-ede5aeb8b4b3668fcb2267fdba4e47dc .avia_textblock{\ntext-align:left;\n}\n<\/style>\n<section  class='av_textblock_section av-m16ltp2w-ede5aeb8b4b3668fcb2267fdba4e47dc '   itemscope=\"itemscope\" itemtype=\"https:\/\/schema.org\/CreativeWork\" ><div class='avia_textblock'  itemprop=\"text\" ><p>Chiunque fosse interessato, \u00e8 pregato di inviare la propria candidatura completa di:<\/p>\n<\/div><\/section><\/p><\/div><\/div><!--close column table wrapper. Autoclose: 1 --><div  class='flex_column av-b7pafs-47cc1ad78dca926e3e5a1bb58066fe1c av_one_half  avia-builder-el-10  el_after_av_one_full  el_before_av_one_half  ctm-break-point first flex_column_div  column-top-margin'     ><style type=\"text\/css\" data-created_by=\"avia_inline_auto\" id=\"style-css-av-m16lw5w3-acb98dee74040c173173d047858b6ca7\">\n#top .avia-icon-list-container.av-m16lw5w3-acb98dee74040c173173d047858b6ca7 .iconlist_icon{\ncolor:#017a8f;\n}\n<\/style>\n<div  class='avia-icon-list-container av-m16lw5w3-acb98dee74040c173173d047858b6ca7  avia-builder-el-11  avia-builder-el-no-sibling '><ul class='avia-icon-list avia_animate_when_almost_visible avia-icon-list-left av-iconlist-big av-m16lw5w3-acb98dee74040c173173d047858b6ca7 avia-iconlist-animate'>\n<li><div class='iconlist_icon av-m16lud33-1e2f7375291ea3b2fd24eb3e3a83058d avia-font-ndicas'><span class='iconlist-char' aria-hidden='true' data-av_icon='\ue800' data-av_iconfont='ndicas'><\/span><\/div><article class=\"article-icon-entry \"  itemscope=\"itemscope\" itemtype=\"https:\/\/schema.org\/CreativeWork\" ><div class=\"iconlist_content_wrap\"><header class=\"entry-content-header\"><\/header><div class='iconlist_content '  itemprop=\"text\" ><p><strong>Curriculum Vitae<\/strong> (CV) con <strong>foto<\/strong><\/p>\n<\/div><\/div><footer class=\"entry-footer\"><\/footer><\/article><div class=\"iconlist-timeline\"><\/div><\/li>\n<li><div class='iconlist_icon av-m16lupev-79b6d6162b419337554c8f6848b2cfcd avia-font-ndicas'><span class='iconlist-char' aria-hidden='true' data-av_icon='\ue800' data-av_iconfont='ndicas'><\/span><\/div><article class=\"article-icon-entry \"  itemscope=\"itemscope\" itemtype=\"https:\/\/schema.org\/CreativeWork\" ><div class=\"iconlist_content_wrap\"><header class=\"entry-content-header\"><\/header><div class='iconlist_content '  itemprop=\"text\" ><p>Un <strong>master<\/strong> in psicologia<\/p>\n<\/div><\/div><footer class=\"entry-footer\"><\/footer><\/article><div class=\"iconlist-timeline\"><\/div><\/li>\n<li><div class='iconlist_icon av-m16lupev-14-881176ff4a933b09f74ee23313babc85 avia-font-ndicas'><span class='iconlist-char' aria-hidden='true' data-av_icon='\ue800' data-av_iconfont='ndicas'><\/span><\/div><article class=\"article-icon-entry \"  itemscope=\"itemscope\" itemtype=\"https:\/\/schema.org\/CreativeWork\" ><div class=\"iconlist_content_wrap\"><header class=\"entry-content-header\"><\/header><div class='iconlist_content '  itemprop=\"text\" ><p><strong>Esperienza<\/strong> di consulenza a breve termine<\/p>\n<\/div><\/div><footer class=\"entry-footer\"><\/footer><\/article><div class=\"iconlist-timeline\"><\/div><\/li>\n<\/ul><\/div><\/div><div  class='flex_column av-9nwjmg-bb2e11865da9b8a55c9b829b6393b625 av_one_half  avia-builder-el-12  el_after_av_one_half  el_before_av_one_full  ctm-break-point flex_column_div  column-top-margin'     ><style type=\"text\/css\" data-created_by=\"avia_inline_auto\" id=\"style-css-av-m16m4i0j-9b659dc18eca2c039f43bc21a07624fe\">\n#top .avia-icon-list-container.av-m16m4i0j-9b659dc18eca2c039f43bc21a07624fe .iconlist_icon{\ncolor:#017a8f;\n}\n<\/style>\n<div  class='avia-icon-list-container av-m16m4i0j-9b659dc18eca2c039f43bc21a07624fe  avia-builder-el-13  avia-builder-el-no-sibling '><ul class='avia-icon-list avia_animate_when_almost_visible avia-icon-list-left av-iconlist-big av-m16m4i0j-9b659dc18eca2c039f43bc21a07624fe avia-iconlist-animate'>\n<li><div class='iconlist_icon av-5e6uns-de041b623efaf98de9aea79d9e526824 avia-font-ndicas'><span class='iconlist-char' aria-hidden='true' data-av_icon='\ue800' data-av_iconfont='ndicas'><\/span><\/div><article class=\"article-icon-entry \"  itemscope=\"itemscope\" itemtype=\"https:\/\/schema.org\/CreativeWork\" ><div class=\"iconlist_content_wrap\"><header class=\"entry-content-header\"><\/header><div class='iconlist_content '  itemprop=\"text\" ><p>Certificato dell&#8217;<strong>assicurazione di responsabilit\u00e0 professionale<\/strong> stipulata (copertura CHF 1,5 mln)<\/p>\n<\/div><\/div><footer class=\"entry-footer\"><\/footer><\/article><div class=\"iconlist-timeline\"><\/div><\/li>\n<li><div class='iconlist_icon av-3vuek8-24e981bebe3548905708f58a6e864452 avia-font-ndicas'><span class='iconlist-char' aria-hidden='true' data-av_icon='\ue800' data-av_iconfont='ndicas'><\/span><\/div><article class=\"article-icon-entry \"  itemscope=\"itemscope\" itemtype=\"https:\/\/schema.org\/CreativeWork\" ><div class=\"iconlist_content_wrap\"><header class=\"entry-content-header\"><\/header><div class='iconlist_content '  itemprop=\"text\" ><p>Documenti certificanti incontri di <strong>supervisione<\/strong> a cadenza regolare<\/p>\n<\/div><\/div><footer class=\"entry-footer\"><\/footer><\/article><div class=\"iconlist-timeline\"><\/div><\/li>\n<li><div class='iconlist_icon av-2jbsh4-25f7bac031173f7fe88760a2b778a47b avia-font-ndicas'><span class='iconlist-char' aria-hidden='true' data-av_icon='\ue800' data-av_iconfont='ndicas'><\/span><\/div><article class=\"article-icon-entry \"  itemscope=\"itemscope\" itemtype=\"https:\/\/schema.org\/CreativeWork\" ><div class=\"iconlist_content_wrap\"><header class=\"entry-content-header\"><\/header><div class='iconlist_content '  itemprop=\"text\" ><p>Referenze\/esperienze di lavoro certificate<\/p>\n<\/div><\/div><footer class=\"entry-footer\"><\/footer><\/article><div class=\"iconlist-timeline\"><\/div><\/li>\n<\/ul><\/div><\/div><div class='flex_column_table av-7vtg2g-837d5dfd0e9c51f6bee9347b9314b63c sc-av_one_full av-equal-height-column-flextable'><div  class='flex_column av-7vtg2g-837d5dfd0e9c51f6bee9347b9314b63c av_one_full  avia-builder-el-14  el_after_av_one_half  avia-builder-el-last  first flex_column_table_cell av-equal-height-column av-align-middle  column-top-margin'     ><p>\n<style type=\"text\/css\" data-created_by=\"avia_inline_auto\" id=\"style-css-av-568i0o-68a41c9aa2c4ef5aeb01e0b05e227b5b\">\n#top .av_textblock_section.av-568i0o-68a41c9aa2c4ef5aeb01e0b05e227b5b .avia_textblock{\ntext-align:left;\n}\n<\/style>\n<section  class='av_textblock_section av-568i0o-68a41c9aa2c4ef5aeb01e0b05e227b5b '   itemscope=\"itemscope\" itemtype=\"https:\/\/schema.org\/CreativeWork\" ><div class='avia_textblock'  itemprop=\"text\" ><p><a href=\"mailto:jobs.eu@lyrahealth.com\">jobs.eu@lyrahealth.com<\/a><\/p>\n<p>Mathieu Wilkens sar\u00e0 lieto di fornirvi informazioni telefoniche:<br \/>\n<a href=\"tel:+41448783000\">+41 44 878 30 00<\/a><\/p>\n<p>Mathieu Wilkens<br \/>\nHead of Psychological and Legal Services<br \/>\nLyra Schweiz GmbH<br \/>\n8304 Wallisellen<br \/>\n<a href=\"https:\/\/lyrawellbeing.ch\/it\/\">https:\/\/lyrawellbeing.ch\/<\/a><\/p>\n<\/div><\/section><br \/>\n\n<style type=\"text\/css\" data-created_by=\"avia_inline_auto\" id=\"style-css-av-3l7tew-54e2a4f835983ab77bece524f2852628\">\n#top .hr.hr-invisible.av-3l7tew-54e2a4f835983ab77bece524f2852628{\nheight:20px;\n}\n<\/style>\n<div  class='hr av-3l7tew-54e2a4f835983ab77bece524f2852628 hr-invisible  avia-builder-el-16  el_after_av_textblock  el_before_av_button '><span class='hr-inner '><span class=\"hr-inner-style\"><\/span><\/span><\/div><br \/>\n<div  class='avia-button-wrap av-39x82g-cd6aaf3e37fefd7eeae3cb0b20686735-wrap avia-button-left  avia-builder-el-17  el_after_av_hr  avia-builder-el-last '>\n<style type=\"text\/css\" data-created_by=\"avia_inline_auto\" id=\"style-css-av-39x82g-cd6aaf3e37fefd7eeae3cb0b20686735\">\n#top #wrap_all .avia-button.av-39x82g-cd6aaf3e37fefd7eeae3cb0b20686735{\nborder-radius:100px 100px 100px 100px;\ntransition:all 0.4s ease-in-out;\n}\n#top #wrap_all.avia-button.av-39x82g-cd6aaf3e37fefd7eeae3cb0b20686735:hover .avia_button_background{\nborder-radius:100px 100px 100px 100px;\n}\n<\/style>\n<a href='https:\/\/lyrawellbeing.ch\/wp-content\/uploads\/2024\/09\/Jobs_Affiliate_CHI.pdf' class='avia-button av-39x82g-cd6aaf3e37fefd7eeae3cb0b20686735 av-link-btn avia-icon_select-yes-right-icon avia-size-large avia-position-left avia-color-theme-color' target=\"_blank\" rel=\"noopener noreferrer\"><span class='avia_iconbox_title' >Scarica l\u2019annuncio di lavoro<\/span><span class='avia_button_icon avia_button_icon_right' aria-hidden='true' data-av_icon='\ue875' data-av_iconfont='entypo-fontello'><\/span><\/a><\/div><\/p><\/div><\/div><!--close column table wrapper. Autoclose: 1 -->\n","protected":false},"excerpt":{"rendered":"","protected":false},"author":3,"featured_media":0,"parent":0,"menu_order":0,"comment_status":"closed","ping_status":"closed","template":"","meta":{"footnotes":""},"class_list":["post-5179","page","type-page","status-publish","hentry"],"acf":[],"yoast_head":"<!-- This site is optimized with the Yoast SEO plugin v27.3 - https:\/\/yoast.com\/product\/yoast-seo-wordpress\/ -->\n<title>Betriebliche Gesundheitsf\u00f6rderung mit EAP | Lyra Schweiz<\/title>\n<meta name=\"description\" content=\"Betriebliche Gesundheitsf\u00f6rderung in der Schweiz. EAP Service von Lyra f\u00fcr externe Mitarbeiterberatung, Krisenintervention &amp; Sozialberatung. Jobs hier!\" \/>\n<meta name=\"robots\" content=\"index, follow, max-snippet:-1, max-image-preview:large, max-video-preview:-1\" \/>\n<link rel=\"canonical\" href=\"https:\/\/lyrawellbeing.ch\/it\/jobs\/\" \/>\n<meta property=\"og:locale\" content=\"it_IT\" \/>\n<meta property=\"og:type\" content=\"article\" \/>\n<meta property=\"og:title\" content=\"Betriebliche Gesundheitsf\u00f6rderung mit EAP | Lyra Schweiz\" \/>\n<meta property=\"og:description\" content=\"Betriebliche Gesundheitsf\u00f6rderung in der Schweiz. EAP Service von Lyra f\u00fcr externe Mitarbeiterberatung, Krisenintervention &amp; Sozialberatung. Jobs hier!\" \/>\n<meta property=\"og:url\" content=\"https:\/\/lyrawellbeing.ch\/it\/jobs\/\" \/>\n<meta property=\"og:site_name\" content=\"Lyra Schweiz GmbH\" \/>\n<meta property=\"article:modified_time\" content=\"2025-03-18T13:13:14+00:00\" \/>\n<meta name=\"twitter:card\" content=\"summary_large_image\" \/>\n<meta name=\"twitter:label1\" content=\"Tempo di lettura stimato\" \/>\n\t<meta name=\"twitter:data1\" content=\"2 minuti\" \/>\n<script type=\"application\/ld+json\" class=\"yoast-schema-graph\">{\"@context\":\"https:\\\/\\\/schema.org\",\"@graph\":[{\"@type\":\"WebPage\",\"@id\":\"https:\\\/\\\/lyrawellbeing.ch\\\/it\\\/jobs\\\/\",\"url\":\"https:\\\/\\\/lyrawellbeing.ch\\\/it\\\/jobs\\\/\",\"name\":\"Betriebliche Gesundheitsf\u00f6rderung mit EAP | Lyra Schweiz\",\"isPartOf\":{\"@id\":\"https:\\\/\\\/lyrawellbeing.ch\\\/it\\\/#website\"},\"datePublished\":\"2021-10-13T14:09:36+00:00\",\"dateModified\":\"2025-03-18T13:13:14+00:00\",\"description\":\"Betriebliche Gesundheitsf\u00f6rderung in der Schweiz. EAP Service von Lyra f\u00fcr externe Mitarbeiterberatung, Krisenintervention & Sozialberatung. Jobs hier!\",\"breadcrumb\":{\"@id\":\"https:\\\/\\\/lyrawellbeing.ch\\\/it\\\/jobs\\\/#breadcrumb\"},\"inLanguage\":\"it-IT\",\"potentialAction\":[{\"@type\":\"ReadAction\",\"target\":[\"https:\\\/\\\/lyrawellbeing.ch\\\/it\\\/jobs\\\/\"]}]},{\"@type\":\"BreadcrumbList\",\"@id\":\"https:\\\/\\\/lyrawellbeing.ch\\\/it\\\/jobs\\\/#breadcrumb\",\"itemListElement\":[{\"@type\":\"ListItem\",\"position\":1,\"name\":\"Home\",\"item\":\"https:\\\/\\\/lyrawellbeing.ch\\\/it\\\/\"},{\"@type\":\"ListItem\",\"position\":2,\"name\":\"Jobs\"}]},{\"@type\":\"WebSite\",\"@id\":\"https:\\\/\\\/lyrawellbeing.ch\\\/it\\\/#website\",\"url\":\"https:\\\/\\\/lyrawellbeing.ch\\\/it\\\/\",\"name\":\"Lyra Schweiz GmbH\",\"description\":\"\",\"potentialAction\":[{\"@type\":\"SearchAction\",\"target\":{\"@type\":\"EntryPoint\",\"urlTemplate\":\"https:\\\/\\\/lyrawellbeing.ch\\\/it\\\/?s={search_term_string}\"},\"query-input\":{\"@type\":\"PropertyValueSpecification\",\"valueRequired\":true,\"valueName\":\"search_term_string\"}}],\"inLanguage\":\"it-IT\"}]}<\/script>\n<!-- \/ Yoast SEO plugin. -->","yoast_head_json":{"title":"Betriebliche Gesundheitsf\u00f6rderung mit EAP | Lyra Schweiz","description":"Betriebliche Gesundheitsf\u00f6rderung in der Schweiz. EAP Service von Lyra f\u00fcr externe Mitarbeiterberatung, Krisenintervention & Sozialberatung. Jobs hier!","robots":{"index":"index","follow":"follow","max-snippet":"max-snippet:-1","max-image-preview":"max-image-preview:large","max-video-preview":"max-video-preview:-1"},"canonical":"https:\/\/lyrawellbeing.ch\/it\/jobs\/","og_locale":"it_IT","og_type":"article","og_title":"Betriebliche Gesundheitsf\u00f6rderung mit EAP | Lyra Schweiz","og_description":"Betriebliche Gesundheitsf\u00f6rderung in der Schweiz. EAP Service von Lyra f\u00fcr externe Mitarbeiterberatung, Krisenintervention & Sozialberatung. Jobs hier!","og_url":"https:\/\/lyrawellbeing.ch\/it\/jobs\/","og_site_name":"Lyra Schweiz GmbH","article_modified_time":"2025-03-18T13:13:14+00:00","twitter_card":"summary_large_image","twitter_misc":{"Tempo di lettura stimato":"2 minuti"},"schema":{"@context":"https:\/\/schema.org","@graph":[{"@type":"WebPage","@id":"https:\/\/lyrawellbeing.ch\/it\/jobs\/","url":"https:\/\/lyrawellbeing.ch\/it\/jobs\/","name":"Betriebliche Gesundheitsf\u00f6rderung mit EAP | Lyra Schweiz","isPartOf":{"@id":"https:\/\/lyrawellbeing.ch\/it\/#website"},"datePublished":"2021-10-13T14:09:36+00:00","dateModified":"2025-03-18T13:13:14+00:00","description":"Betriebliche Gesundheitsf\u00f6rderung in der Schweiz. EAP Service von Lyra f\u00fcr externe Mitarbeiterberatung, Krisenintervention & Sozialberatung. Jobs hier!","breadcrumb":{"@id":"https:\/\/lyrawellbeing.ch\/it\/jobs\/#breadcrumb"},"inLanguage":"it-IT","potentialAction":[{"@type":"ReadAction","target":["https:\/\/lyrawellbeing.ch\/it\/jobs\/"]}]},{"@type":"BreadcrumbList","@id":"https:\/\/lyrawellbeing.ch\/it\/jobs\/#breadcrumb","itemListElement":[{"@type":"ListItem","position":1,"name":"Home","item":"https:\/\/lyrawellbeing.ch\/it\/"},{"@type":"ListItem","position":2,"name":"Jobs"}]},{"@type":"WebSite","@id":"https:\/\/lyrawellbeing.ch\/it\/#website","url":"https:\/\/lyrawellbeing.ch\/it\/","name":"Lyra Schweiz GmbH","description":"","potentialAction":[{"@type":"SearchAction","target":{"@type":"EntryPoint","urlTemplate":"https:\/\/lyrawellbeing.ch\/it\/?s={search_term_string}"},"query-input":{"@type":"PropertyValueSpecification","valueRequired":true,"valueName":"search_term_string"}}],"inLanguage":"it-IT"}]}},"_links":{"self":[{"href":"https:\/\/lyrawellbeing.ch\/it\/wp-json\/wp\/v2\/pages\/5179","targetHints":{"allow":["GET"]}}],"collection":[{"href":"https:\/\/lyrawellbeing.ch\/it\/wp-json\/wp\/v2\/pages"}],"about":[{"href":"https:\/\/lyrawellbeing.ch\/it\/wp-json\/wp\/v2\/types\/page"}],"author":[{"embeddable":true,"href":"https:\/\/lyrawellbeing.ch\/it\/wp-json\/wp\/v2\/users\/3"}],"replies":[{"embeddable":true,"href":"https:\/\/lyrawellbeing.ch\/it\/wp-json\/wp\/v2\/comments?post=5179"}],"version-history":[{"count":5,"href":"https:\/\/lyrawellbeing.ch\/it\/wp-json\/wp\/v2\/pages\/5179\/revisions"}],"predecessor-version":[{"id":10866,"href":"https:\/\/lyrawellbeing.ch\/it\/wp-json\/wp\/v2\/pages\/5179\/revisions\/10866"}],"wp:attachment":[{"href":"https:\/\/lyrawellbeing.ch\/it\/wp-json\/wp\/v2\/media?parent=5179"}],"curies":[{"name":"wp","href":"https:\/\/api.w.org\/{rel}","templated":true}]}}