{"id":3160,"date":"2019-06-21T07:39:44","date_gmt":"2019-06-21T05:39:44","guid":{"rendered":"http:\/\/20.77.7.22\/shop\/senza%20categoria\/stress-management\/"},"modified":"2024-09-17T14:54:25","modified_gmt":"2024-09-17T12:54:25","slug":"gestione-dello-stress","status":"publish","type":"product","link":"https:\/\/lyrawellbeing.ch\/it\/shop\/prodotti-lyra-wellbeing-academy\/gestione-dello-stress\/","title":{"rendered":"Gestione dello stress"},"content":{"rendered":"","protected":false},"excerpt":{"rendered":"<p>Lo stress continuo ha un effetto negativo sulla qualit\u00e0 del lavoro. I partecipanti impareranno come nasce lo stress, quali sono le sue cause e le reazioni e come \u00e8 possibile imparare ad affrontarlo in modo pi\u00f9 positivo.<\/p>\n","protected":false},"featured_media":2227,"template":"","meta":[],"product_brand":[],"product_cat":[128],"product_tag":[],"class_list":{"0":"post-3160","1":"product","2":"type-product","3":"status-publish","4":"has-post-thumbnail","6":"product_cat-prodotti-lyra-wellbeing-academy","8":"first","9":"instock","10":"taxable","11":"shipping-taxable","12":"purchasable","13":"product-type-variable"},"acf":[],"yoast_head":"<!-- This site is optimized with the Yoast SEO plugin v26.3 - https:\/\/yoast.com\/wordpress\/plugins\/seo\/ -->\n<title>Gestione dello stress | Lyra Schweiz GmbH<\/title>\n<meta name=\"robots\" content=\"index, follow, max-snippet:-1, max-image-preview:large, max-video-preview:-1\" \/>\n<link rel=\"canonical\" href=\"https:\/\/lyrawellbeing.ch\/it\/shop\/prodotti-lyra-wellbeing-academy\/gestione-dello-stress\/\" \/>\n<meta property=\"og:locale\" content=\"it_IT\" \/>\n<meta property=\"og:type\" content=\"article\" \/>\n<meta property=\"og:title\" content=\"Gestione dello stress | Lyra Schweiz GmbH\" \/>\n<meta property=\"og:description\" content=\"Lo stress continuo ha un effetto negativo sulla qualit\u00e0 del lavoro. I partecipanti impareranno come nasce lo stress, quali sono le sue cause e le reazioni e come \u00e8 possibile imparare ad affrontarlo in modo pi\u00f9 positivo.\" \/>\n<meta property=\"og:url\" content=\"https:\/\/lyrawellbeing.ch\/it\/shop\/prodotti-lyra-wellbeing-academy\/gestione-dello-stress\/\" \/>\n<meta property=\"og:site_name\" content=\"Lyra Schweiz GmbH\" \/>\n<meta property=\"article:modified_time\" content=\"2024-09-17T12:54:25+00:00\" \/>\n<meta property=\"og:image\" content=\"https:\/\/lyrawellbeing.ch\/wp-content\/uploads\/2019\/06\/istockphoto-983707350-2048x2048.jpg\" \/>\n\t<meta property=\"og:image:width\" content=\"1620\" \/>\n\t<meta property=\"og:image:height\" content=\"1080\" \/>\n\t<meta property=\"og:image:type\" content=\"image\/jpeg\" \/>\n<meta name=\"twitter:card\" content=\"summary_large_image\" \/>\n<script type=\"application\/ld+json\" class=\"yoast-schema-graph\">{\"@context\":\"https:\/\/schema.org\",\"@graph\":[{\"@type\":\"WebPage\",\"@id\":\"https:\/\/lyrawellbeing.ch\/it\/shop\/prodotti-lyra-wellbeing-academy\/gestione-dello-stress\/\",\"url\":\"https:\/\/lyrawellbeing.ch\/it\/shop\/prodotti-lyra-wellbeing-academy\/gestione-dello-stress\/\",\"name\":\"Gestione dello stress | Lyra Schweiz GmbH\",\"isPartOf\":{\"@id\":\"https:\/\/lyrawellbeing.ch\/it\/#website\"},\"primaryImageOfPage\":{\"@id\":\"https:\/\/lyrawellbeing.ch\/it\/shop\/prodotti-lyra-wellbeing-academy\/gestione-dello-stress\/#primaryimage\"},\"image\":{\"@id\":\"https:\/\/lyrawellbeing.ch\/it\/shop\/prodotti-lyra-wellbeing-academy\/gestione-dello-stress\/#primaryimage\"},\"thumbnailUrl\":\"\/wp-content\/uploads\/2019\/06\/istockphoto-983707350-2048x2048.jpg\",\"datePublished\":\"2019-06-21T05:39:44+00:00\",\"dateModified\":\"2024-09-17T12:54:25+00:00\",\"breadcrumb\":{\"@id\":\"https:\/\/lyrawellbeing.ch\/it\/shop\/prodotti-lyra-wellbeing-academy\/gestione-dello-stress\/#breadcrumb\"},\"inLanguage\":\"it-IT\",\"potentialAction\":[{\"@type\":\"ReadAction\",\"target\":[\"https:\/\/lyrawellbeing.ch\/it\/shop\/prodotti-lyra-wellbeing-academy\/gestione-dello-stress\/\"]}]},{\"@type\":\"ImageObject\",\"inLanguage\":\"it-IT\",\"@id\":\"https:\/\/lyrawellbeing.ch\/it\/shop\/prodotti-lyra-wellbeing-academy\/gestione-dello-stress\/#primaryimage\",\"url\":\"\/wp-content\/uploads\/2019\/06\/istockphoto-983707350-2048x2048.jpg\",\"contentUrl\":\"\/wp-content\/uploads\/2019\/06\/istockphoto-983707350-2048x2048.jpg\",\"width\":1620,\"height\":1080,\"caption\":\"Simple life style relaxation with Asian working business woman healthy lifestyle take it easy resting in comfort hotel or home living room having free time with peace of mind and self health balance\"},{\"@type\":\"BreadcrumbList\",\"@id\":\"https:\/\/lyrawellbeing.ch\/it\/shop\/prodotti-lyra-wellbeing-academy\/gestione-dello-stress\/#breadcrumb\",\"itemListElement\":[{\"@type\":\"ListItem\",\"position\":1,\"name\":\"Home\",\"item\":\"https:\/\/lyrawellbeing.ch\/it\/home\/\"},{\"@type\":\"ListItem\",\"position\":2,\"name\":\"Shop\",\"item\":\"https:\/\/lyrawellbeing.ch\/it\/shop\/\"},{\"@type\":\"ListItem\",\"position\":3,\"name\":\"Gestione dello stress\"}]},{\"@type\":\"WebSite\",\"@id\":\"https:\/\/lyrawellbeing.ch\/it\/#website\",\"url\":\"https:\/\/lyrawellbeing.ch\/it\/\",\"name\":\"Lyra Schweiz GmbH\",\"description\":\"\",\"potentialAction\":[{\"@type\":\"SearchAction\",\"target\":{\"@type\":\"EntryPoint\",\"urlTemplate\":\"https:\/\/lyrawellbeing.ch\/it\/?s={search_term_string}\"},\"query-input\":{\"@type\":\"PropertyValueSpecification\",\"valueRequired\":true,\"valueName\":\"search_term_string\"}}],\"inLanguage\":\"it-IT\"}]}<\/script>\n<!-- \/ Yoast SEO plugin. -->","yoast_head_json":{"title":"Gestione dello stress | Lyra Schweiz GmbH","robots":{"index":"index","follow":"follow","max-snippet":"max-snippet:-1","max-image-preview":"max-image-preview:large","max-video-preview":"max-video-preview:-1"},"canonical":"https:\/\/lyrawellbeing.ch\/it\/shop\/prodotti-lyra-wellbeing-academy\/gestione-dello-stress\/","og_locale":"it_IT","og_type":"article","og_title":"Gestione dello stress | Lyra Schweiz GmbH","og_description":"Lo stress continuo ha un effetto negativo sulla qualit\u00e0 del lavoro. I partecipanti impareranno come nasce lo stress, quali sono le sue cause e le reazioni e come \u00e8 possibile imparare ad affrontarlo in modo pi\u00f9 positivo.","og_url":"https:\/\/lyrawellbeing.ch\/it\/shop\/prodotti-lyra-wellbeing-academy\/gestione-dello-stress\/","og_site_name":"Lyra Schweiz GmbH","article_modified_time":"2024-09-17T12:54:25+00:00","og_image":[{"width":1620,"height":1080,"url":"https:\/\/lyrawellbeing.ch\/wp-content\/uploads\/2019\/06\/istockphoto-983707350-2048x2048.jpg","type":"image\/jpeg"}],"twitter_card":"summary_large_image","schema":{"@context":"https:\/\/schema.org","@graph":[{"@type":"WebPage","@id":"https:\/\/lyrawellbeing.ch\/it\/shop\/prodotti-lyra-wellbeing-academy\/gestione-dello-stress\/","url":"https:\/\/lyrawellbeing.ch\/it\/shop\/prodotti-lyra-wellbeing-academy\/gestione-dello-stress\/","name":"Gestione dello stress | Lyra Schweiz GmbH","isPartOf":{"@id":"https:\/\/lyrawellbeing.ch\/it\/#website"},"primaryImageOfPage":{"@id":"https:\/\/lyrawellbeing.ch\/it\/shop\/prodotti-lyra-wellbeing-academy\/gestione-dello-stress\/#primaryimage"},"image":{"@id":"https:\/\/lyrawellbeing.ch\/it\/shop\/prodotti-lyra-wellbeing-academy\/gestione-dello-stress\/#primaryimage"},"thumbnailUrl":"\/wp-content\/uploads\/2019\/06\/istockphoto-983707350-2048x2048.jpg","datePublished":"2019-06-21T05:39:44+00:00","dateModified":"2024-09-17T12:54:25+00:00","breadcrumb":{"@id":"https:\/\/lyrawellbeing.ch\/it\/shop\/prodotti-lyra-wellbeing-academy\/gestione-dello-stress\/#breadcrumb"},"inLanguage":"it-IT","potentialAction":[{"@type":"ReadAction","target":["https:\/\/lyrawellbeing.ch\/it\/shop\/prodotti-lyra-wellbeing-academy\/gestione-dello-stress\/"]}]},{"@type":"ImageObject","inLanguage":"it-IT","@id":"https:\/\/lyrawellbeing.ch\/it\/shop\/prodotti-lyra-wellbeing-academy\/gestione-dello-stress\/#primaryimage","url":"\/wp-content\/uploads\/2019\/06\/istockphoto-983707350-2048x2048.jpg","contentUrl":"\/wp-content\/uploads\/2019\/06\/istockphoto-983707350-2048x2048.jpg","width":1620,"height":1080,"caption":"Simple life style relaxation with Asian working business woman healthy lifestyle take it easy resting in comfort hotel or home living room having free time with peace of mind and self health balance"},{"@type":"BreadcrumbList","@id":"https:\/\/lyrawellbeing.ch\/it\/shop\/prodotti-lyra-wellbeing-academy\/gestione-dello-stress\/#breadcrumb","itemListElement":[{"@type":"ListItem","position":1,"name":"Home","item":"https:\/\/lyrawellbeing.ch\/it\/home\/"},{"@type":"ListItem","position":2,"name":"Shop","item":"https:\/\/lyrawellbeing.ch\/it\/shop\/"},{"@type":"ListItem","position":3,"name":"Gestione dello stress"}]},{"@type":"WebSite","@id":"https:\/\/lyrawellbeing.ch\/it\/#website","url":"https:\/\/lyrawellbeing.ch\/it\/","name":"Lyra Schweiz GmbH","description":"","potentialAction":[{"@type":"SearchAction","target":{"@type":"EntryPoint","urlTemplate":"https:\/\/lyrawellbeing.ch\/it\/?s={search_term_string}"},"query-input":{"@type":"PropertyValueSpecification","valueRequired":true,"valueName":"search_term_string"}}],"inLanguage":"it-IT"}]}},"_links":{"self":[{"href":"https:\/\/lyrawellbeing.ch\/it\/wp-json\/wp\/v2\/product\/3160","targetHints":{"allow":["GET"]}}],"collection":[{"href":"https:\/\/lyrawellbeing.ch\/it\/wp-json\/wp\/v2\/product"}],"about":[{"href":"https:\/\/lyrawellbeing.ch\/it\/wp-json\/wp\/v2\/types\/product"}],"wp:featuredmedia":[{"embeddable":true,"href":"https:\/\/lyrawellbeing.ch\/it\/wp-json\/wp\/v2\/media\/2227"}],"wp:attachment":[{"href":"https:\/\/lyrawellbeing.ch\/it\/wp-json\/wp\/v2\/media?parent=3160"}],"wp:term":[{"taxonomy":"product_brand","embeddable":true,"href":"https:\/\/lyrawellbeing.ch\/it\/wp-json\/wp\/v2\/product_brand?post=3160"},{"taxonomy":"product_cat","embeddable":true,"href":"https:\/\/lyrawellbeing.ch\/it\/wp-json\/wp\/v2\/product_cat?post=3160"},{"taxonomy":"product_tag","embeddable":true,"href":"https:\/\/lyrawellbeing.ch\/it\/wp-json\/wp\/v2\/product_tag?post=3160"}],"curies":[{"name":"wp","href":"https:\/\/api.w.org\/{rel}","templated":true}]}}