{"id":5652,"date":"2022-01-25T11:50:53","date_gmt":"2022-01-25T10:50:57","guid":{"rendered":"http:\/\/20.77.7.22\/?post_type=product&#038;p=5652"},"modified":"2024-09-17T12:48:55","modified_gmt":"2024-09-17T10:48:55","slug":"languishing","status":"publish","type":"product","link":"https:\/\/lyrawellbeing.ch\/it\/shop\/prodotti-lyra-wellbeing-academy\/languishing\/","title":{"rendered":"Languishing &#8211; senza meta, senza gioia"},"content":{"rendered":"","protected":false},"excerpt":{"rendered":"<p>Il termine \u201clanguishing\u201d descrive uno stato di mestizia, indifferenza e una sensazione latente di vuoto. Questo seminario \u00e8 stato concepito per aiutare i datori di lavoro e\u00a0 i collaboratori a capire come il languishing pu\u00f2 essere identificato affinch\u00e9, affrontando e intervenendo precocemente, la salute mentale dei dipendenti possa essere ripristinata pi\u00f9 rapidamente, in modo efficiente e con molti meno danni al benessere.<\/p>\n","protected":false},"featured_media":5684,"template":"","meta":[],"product_brand":[],"product_cat":[128],"product_tag":[],"class_list":{"0":"post-5652","1":"product","2":"type-product","3":"status-publish","4":"has-post-thumbnail","6":"product_cat-prodotti-lyra-wellbeing-academy","8":"first","9":"instock","10":"taxable","11":"shipping-taxable","12":"purchasable","13":"product-type-variable"},"acf":[],"yoast_head":"<!-- This site is optimized with the Yoast SEO plugin v27.3 - https:\/\/yoast.com\/product\/yoast-seo-wordpress\/ -->\n<title>Languishing - senza meta, senza gioia | Lyra Schweiz GmbH<\/title>\n<meta name=\"robots\" content=\"index, follow, max-snippet:-1, max-image-preview:large, max-video-preview:-1\" \/>\n<link rel=\"canonical\" href=\"https:\/\/lyrawellbeing.ch\/it\/shop\/prodotti-lyra-wellbeing-academy\/languishing\/\" \/>\n<meta property=\"og:locale\" content=\"it_IT\" \/>\n<meta property=\"og:type\" content=\"article\" \/>\n<meta property=\"og:title\" content=\"Languishing - senza meta, senza gioia | Lyra Schweiz GmbH\" \/>\n<meta property=\"og:description\" content=\"Il termine \u201clanguishing\u201d descrive uno stato di mestizia, indifferenza e una sensazione latente di vuoto. Questo seminario \u00e8 stato concepito per aiutare i datori di lavoro e\u00a0 i collaboratori a capire come il languishing pu\u00f2 essere identificato affinch\u00e9, affrontando e intervenendo precocemente, la salute mentale dei dipendenti possa essere ripristinata pi\u00f9 rapidamente, in modo efficiente e con molti meno danni al benessere.\" \/>\n<meta property=\"og:url\" content=\"https:\/\/lyrawellbeing.ch\/it\/shop\/prodotti-lyra-wellbeing-academy\/languishing\/\" \/>\n<meta property=\"og:site_name\" content=\"Lyra Schweiz GmbH\" \/>\n<meta property=\"article:modified_time\" content=\"2024-09-17T10:48:55+00:00\" \/>\n<meta property=\"og:image\" content=\"https:\/\/lyrawellbeing.ch\/wp-content\/uploads\/2022\/01\/Languishing-scaled-e1643109164477.jpg\" \/>\n\t<meta property=\"og:image:width\" content=\"1401\" \/>\n\t<meta property=\"og:image:height\" content=\"934\" \/>\n\t<meta property=\"og:image:type\" content=\"image\/jpeg\" \/>\n<meta name=\"twitter:card\" content=\"summary_large_image\" \/>\n<script type=\"application\/ld+json\" class=\"yoast-schema-graph\">{\"@context\":\"https:\\\/\\\/schema.org\",\"@graph\":[{\"@type\":\"WebPage\",\"@id\":\"https:\\\/\\\/lyrawellbeing.ch\\\/it\\\/shop\\\/prodotti-lyra-wellbeing-academy\\\/languishing\\\/\",\"url\":\"https:\\\/\\\/lyrawellbeing.ch\\\/it\\\/shop\\\/prodotti-lyra-wellbeing-academy\\\/languishing\\\/\",\"name\":\"Languishing - senza meta, senza gioia | Lyra Schweiz GmbH\",\"isPartOf\":{\"@id\":\"https:\\\/\\\/lyrawellbeing.ch\\\/it\\\/#website\"},\"primaryImageOfPage\":{\"@id\":\"https:\\\/\\\/lyrawellbeing.ch\\\/it\\\/shop\\\/prodotti-lyra-wellbeing-academy\\\/languishing\\\/#primaryimage\"},\"image\":{\"@id\":\"https:\\\/\\\/lyrawellbeing.ch\\\/it\\\/shop\\\/prodotti-lyra-wellbeing-academy\\\/languishing\\\/#primaryimage\"},\"thumbnailUrl\":\"\\\/wp-content\\\/uploads\\\/2022\\\/01\\\/Languishing-scaled-e1643109164477.jpg\",\"datePublished\":\"2022-01-25T10:50:57+00:00\",\"dateModified\":\"2024-09-17T10:48:55+00:00\",\"breadcrumb\":{\"@id\":\"https:\\\/\\\/lyrawellbeing.ch\\\/it\\\/shop\\\/prodotti-lyra-wellbeing-academy\\\/languishing\\\/#breadcrumb\"},\"inLanguage\":\"it-IT\",\"potentialAction\":[{\"@type\":\"ReadAction\",\"target\":[\"https:\\\/\\\/lyrawellbeing.ch\\\/it\\\/shop\\\/prodotti-lyra-wellbeing-academy\\\/languishing\\\/\"]}]},{\"@type\":\"ImageObject\",\"inLanguage\":\"it-IT\",\"@id\":\"https:\\\/\\\/lyrawellbeing.ch\\\/it\\\/shop\\\/prodotti-lyra-wellbeing-academy\\\/languishing\\\/#primaryimage\",\"url\":\"\\\/wp-content\\\/uploads\\\/2022\\\/01\\\/Languishing-scaled-e1643109164477.jpg\",\"contentUrl\":\"\\\/wp-content\\\/uploads\\\/2022\\\/01\\\/Languishing-scaled-e1643109164477.jpg\",\"width\":1401,\"height\":934},{\"@type\":\"BreadcrumbList\",\"@id\":\"https:\\\/\\\/lyrawellbeing.ch\\\/it\\\/shop\\\/prodotti-lyra-wellbeing-academy\\\/languishing\\\/#breadcrumb\",\"itemListElement\":[{\"@type\":\"ListItem\",\"position\":1,\"name\":\"Home\",\"item\":\"https:\\\/\\\/lyrawellbeing.ch\\\/it\\\/\"},{\"@type\":\"ListItem\",\"position\":2,\"name\":\"Shop\",\"item\":\"https:\\\/\\\/lyrawellbeing.ch\\\/it\\\/shop\\\/\"},{\"@type\":\"ListItem\",\"position\":3,\"name\":\"Languishing &#8211; senza meta, senza gioia\"}]},{\"@type\":\"WebSite\",\"@id\":\"https:\\\/\\\/lyrawellbeing.ch\\\/it\\\/#website\",\"url\":\"https:\\\/\\\/lyrawellbeing.ch\\\/it\\\/\",\"name\":\"Lyra Schweiz GmbH\",\"description\":\"\",\"potentialAction\":[{\"@type\":\"SearchAction\",\"target\":{\"@type\":\"EntryPoint\",\"urlTemplate\":\"https:\\\/\\\/lyrawellbeing.ch\\\/it\\\/?s={search_term_string}\"},\"query-input\":{\"@type\":\"PropertyValueSpecification\",\"valueRequired\":true,\"valueName\":\"search_term_string\"}}],\"inLanguage\":\"it-IT\"}]}<\/script>\n<!-- \/ Yoast SEO plugin. -->","yoast_head_json":{"title":"Languishing - senza meta, senza gioia | Lyra Schweiz GmbH","robots":{"index":"index","follow":"follow","max-snippet":"max-snippet:-1","max-image-preview":"max-image-preview:large","max-video-preview":"max-video-preview:-1"},"canonical":"https:\/\/lyrawellbeing.ch\/it\/shop\/prodotti-lyra-wellbeing-academy\/languishing\/","og_locale":"it_IT","og_type":"article","og_title":"Languishing - senza meta, senza gioia | Lyra Schweiz GmbH","og_description":"Il termine \u201clanguishing\u201d descrive uno stato di mestizia, indifferenza e una sensazione latente di vuoto. Questo seminario \u00e8 stato concepito per aiutare i datori di lavoro e\u00a0 i collaboratori a capire come il languishing pu\u00f2 essere identificato affinch\u00e9, affrontando e intervenendo precocemente, la salute mentale dei dipendenti possa essere ripristinata pi\u00f9 rapidamente, in modo efficiente e con molti meno danni al benessere.","og_url":"https:\/\/lyrawellbeing.ch\/it\/shop\/prodotti-lyra-wellbeing-academy\/languishing\/","og_site_name":"Lyra Schweiz GmbH","article_modified_time":"2024-09-17T10:48:55+00:00","og_image":[{"width":1401,"height":934,"url":"https:\/\/lyrawellbeing.ch\/wp-content\/uploads\/2022\/01\/Languishing-scaled-e1643109164477.jpg","type":"image\/jpeg"}],"twitter_card":"summary_large_image","schema":{"@context":"https:\/\/schema.org","@graph":[{"@type":"WebPage","@id":"https:\/\/lyrawellbeing.ch\/it\/shop\/prodotti-lyra-wellbeing-academy\/languishing\/","url":"https:\/\/lyrawellbeing.ch\/it\/shop\/prodotti-lyra-wellbeing-academy\/languishing\/","name":"Languishing - senza meta, senza gioia | Lyra Schweiz GmbH","isPartOf":{"@id":"https:\/\/lyrawellbeing.ch\/it\/#website"},"primaryImageOfPage":{"@id":"https:\/\/lyrawellbeing.ch\/it\/shop\/prodotti-lyra-wellbeing-academy\/languishing\/#primaryimage"},"image":{"@id":"https:\/\/lyrawellbeing.ch\/it\/shop\/prodotti-lyra-wellbeing-academy\/languishing\/#primaryimage"},"thumbnailUrl":"\/wp-content\/uploads\/2022\/01\/Languishing-scaled-e1643109164477.jpg","datePublished":"2022-01-25T10:50:57+00:00","dateModified":"2024-09-17T10:48:55+00:00","breadcrumb":{"@id":"https:\/\/lyrawellbeing.ch\/it\/shop\/prodotti-lyra-wellbeing-academy\/languishing\/#breadcrumb"},"inLanguage":"it-IT","potentialAction":[{"@type":"ReadAction","target":["https:\/\/lyrawellbeing.ch\/it\/shop\/prodotti-lyra-wellbeing-academy\/languishing\/"]}]},{"@type":"ImageObject","inLanguage":"it-IT","@id":"https:\/\/lyrawellbeing.ch\/it\/shop\/prodotti-lyra-wellbeing-academy\/languishing\/#primaryimage","url":"\/wp-content\/uploads\/2022\/01\/Languishing-scaled-e1643109164477.jpg","contentUrl":"\/wp-content\/uploads\/2022\/01\/Languishing-scaled-e1643109164477.jpg","width":1401,"height":934},{"@type":"BreadcrumbList","@id":"https:\/\/lyrawellbeing.ch\/it\/shop\/prodotti-lyra-wellbeing-academy\/languishing\/#breadcrumb","itemListElement":[{"@type":"ListItem","position":1,"name":"Home","item":"https:\/\/lyrawellbeing.ch\/it\/"},{"@type":"ListItem","position":2,"name":"Shop","item":"https:\/\/lyrawellbeing.ch\/it\/shop\/"},{"@type":"ListItem","position":3,"name":"Languishing &#8211; senza meta, senza gioia"}]},{"@type":"WebSite","@id":"https:\/\/lyrawellbeing.ch\/it\/#website","url":"https:\/\/lyrawellbeing.ch\/it\/","name":"Lyra Schweiz GmbH","description":"","potentialAction":[{"@type":"SearchAction","target":{"@type":"EntryPoint","urlTemplate":"https:\/\/lyrawellbeing.ch\/it\/?s={search_term_string}"},"query-input":{"@type":"PropertyValueSpecification","valueRequired":true,"valueName":"search_term_string"}}],"inLanguage":"it-IT"}]}},"_links":{"self":[{"href":"https:\/\/lyrawellbeing.ch\/it\/wp-json\/wp\/v2\/product\/5652","targetHints":{"allow":["GET"]}}],"collection":[{"href":"https:\/\/lyrawellbeing.ch\/it\/wp-json\/wp\/v2\/product"}],"about":[{"href":"https:\/\/lyrawellbeing.ch\/it\/wp-json\/wp\/v2\/types\/product"}],"wp:featuredmedia":[{"embeddable":true,"href":"https:\/\/lyrawellbeing.ch\/it\/wp-json\/wp\/v2\/media\/5684"}],"wp:attachment":[{"href":"https:\/\/lyrawellbeing.ch\/it\/wp-json\/wp\/v2\/media?parent=5652"}],"wp:term":[{"taxonomy":"product_brand","embeddable":true,"href":"https:\/\/lyrawellbeing.ch\/it\/wp-json\/wp\/v2\/product_brand?post=5652"},{"taxonomy":"product_cat","embeddable":true,"href":"https:\/\/lyrawellbeing.ch\/it\/wp-json\/wp\/v2\/product_cat?post=5652"},{"taxonomy":"product_tag","embeddable":true,"href":"https:\/\/lyrawellbeing.ch\/it\/wp-json\/wp\/v2\/product_tag?post=5652"}],"curies":[{"name":"wp","href":"https:\/\/api.w.org\/{rel}","templated":true}]}}